{"id":26251,"date":"2023-05-19T09:13:47","date_gmt":"2023-05-19T07:13:47","guid":{"rendered":"https:\/\/b2b.p2rbike.com\/product\/p2r-aurora-neonsarga\/"},"modified":"2024-09-11T17:16:34","modified_gmt":"2024-09-11T15:16:34","slug":"p2r-reflex-safety-vest-auroraneon-yellow","status":"publish","type":"product","link":"https:\/\/b2b.p2rbike.com\/hu\/termek\/p2r-reflex-safety-vest-auroraneon-yellow\/","title":{"rendered":"P2R AURORA, neons\u00e1rga"},"content":{"rendered":"<p>A <strong>P2R AURORA<\/strong> f\u00e9nyvisszaver\u0151 mell\u00e9nyt mindazoknak aj\u00e1nljuk, akiknek fontos az \u00e9jszakai l\u00e1that\u00f3s\u00e1g, nem sz\u00e1m\u00edt, hogy ker\u00e9kp\u00e1ros, fut\u00f3, nyugd\u00edjas vagy anya a gyermekeivel s\u00e9t\u00e1l az utc\u00e1n. Mindenkinek l\u00e1that\u00f3nak kell lennie az aut\u00f3sok sz\u00e1m\u00e1ra, k\u00fcl\u00f6n\u00f6sen az \u0151szi es\u0151s napokon. Ilyen egyszer\u0171, legy\u00e9l l\u00e1that\u00f3! <strong><br \/>\nJELLEMZ\u0150K<\/strong>:<\/p>\n<ul>\n<li>Univerz\u00e1lis m\u00e9ret mindenkinek &#8230;passzol az S &#8211; XXL m\u00e9ret\u0171ekre is<\/li>\n<li>Egyszer\u0171 \u00e9s teljesen \u00e1ll\u00edthat\u00f3 a fels\u0151test \u00e9s a der\u00e9kr\u00e9szen<\/li>\n<\/ul>\n<p><strong><br \/>\nR\u00c9SZLETEK<br \/>\n<\/strong><\/p>\n<ul>\n<li>Uniszex<\/li>\n<li>Anyag: 100% poli\u00e9szter<\/li>\n<li>Megfelel az EN 13356 szabv\u00e1nynak<\/li>\n<\/ul>\n<p><strong><br \/>\nSZ\u00cdNV\u00c1LTOZATOK:<\/strong><\/p>\n<ul>\n<li>Neons\u00e1rga<\/li>\n<li>Neonr\u00f3zsasz\u00edn<\/li>\n<li>Neon narancss\u00e1rga\/neonz\u00f6ld<\/li>\n<\/ul>\n<p><strong><br \/>\nCsomagol\u00e1s:<\/strong> P2R doboz<\/p>\n<p>&nbsp;<\/p>\n","protected":false},"excerpt":{"rendered":"<p>A P2R AURORA f\u00e9nyvisszaver\u0151 mell\u00e9nyt mindazoknak aj\u00e1nljuk, akiknek fontos az \u00e9jszakai l\u00e1that\u00f3s\u00e1g, nem sz\u00e1m\u00edt, hogy ker\u00e9kp\u00e1ros, fut\u00f3, nyugd\u00edjas vagy anya<\/p>\n","protected":false},"featured_media":24978,"template":"","meta":{"_acf_changed":false},"product_brand":[],"product_cat":[1173,1175],"product_tag":[],"class_list":{"0":"post-26251","1":"product","2":"type-product","3":"status-publish","4":"has-post-thumbnail","6":"product_cat-reflex-kiegeszitok","7":"product_cat-fenyvisszavero-melleny","9":"first","10":"instock","11":"taxable","12":"shipping-taxable","13":"purchasable","14":"product-type-simple"},"bundled_by":[],"bundle_stock_status":"instock","bundle_stock_quantity":141,"bundle_virtual":false,"bundle_layout":"","bundle_add_to_cart_form_location":"","bundle_editable_in_cart":false,"bundle_sold_individually_context":"","bundle_item_grouping":"","bundle_min_size":"","bundle_max_size":"","bundle_price":[],"bundled_items":[],"bundle_sell_ids":[],"acf":[],"_links":{"self":[{"href":"https:\/\/b2b.p2rbike.com\/hu\/wp-json\/wp\/v2\/product\/26251","targetHints":{"allow":["GET"]}}],"collection":[{"href":"https:\/\/b2b.p2rbike.com\/hu\/wp-json\/wp\/v2\/product"}],"about":[{"href":"https:\/\/b2b.p2rbike.com\/hu\/wp-json\/wp\/v2\/types\/product"}],"wp:featuredmedia":[{"embeddable":true,"href":"https:\/\/b2b.p2rbike.com\/hu\/wp-json\/wp\/v2\/media\/24978"}],"wp:attachment":[{"href":"https:\/\/b2b.p2rbike.com\/hu\/wp-json\/wp\/v2\/media?parent=26251"}],"wp:term":[{"taxonomy":"product_brand","embeddable":true,"href":"https:\/\/b2b.p2rbike.com\/hu\/wp-json\/wp\/v2\/product_brand?post=26251"},{"taxonomy":"product_cat","embeddable":true,"href":"https:\/\/b2b.p2rbike.com\/hu\/wp-json\/wp\/v2\/product_cat?post=26251"},{"taxonomy":"product_tag","embeddable":true,"href":"https:\/\/b2b.p2rbike.com\/hu\/wp-json\/wp\/v2\/product_tag?post=26251"}],"curies":[{"name":"wp","href":"https:\/\/api.w.org\/{rel}","templated":true}]}}