{"id":31387,"date":"2024-04-24T11:31:42","date_gmt":"2024-04-24T09:31:42","guid":{"rendered":"https:\/\/b2b.p2rbike.com\/?post_type=product&#038;p=31387"},"modified":"2025-03-24T16:18:44","modified_gmt":"2025-03-24T15:18:44","slug":"p2r-ringo-blue-train","status":"publish","type":"product","link":"https:\/\/b2b.p2rbike.com\/hu\/termek\/p2r-ringo-blue-train\/","title":{"rendered":"P2R RINGO blue train"},"content":{"rendered":"<p><strong>KER\u00c9KP\u00c1RGY\u0170R\u0170<\/strong><\/p>\n<p>&nbsp;<\/p>\n<p>Alum\u00ednium\u00f6tv\u00f6zetb\u0151l k\u00e9sz\u00fclt fels\u0151 \u00e9s als\u00f3 alap \u00a0(fekete sz\u00edn\u0171)<br \/>\nAc\u00e9l tet\u0151 \u00e9s talp (m\u00e1s sz\u00ednv\u00e1laszt\u00e9kt\u00f3l feket\u00e9ig)<br \/>\nGyors \u00e9s egyszer\u0171 telep\u00edt\u00e9s csavarral<\/p>\n<p><strong>R\u00c9SZLETEK:<\/strong><\/p>\n<p>A fels\u0151 r\u00e9sz \u00e1tm\u00e9r\u0151je: 35 mm<\/p>\n<p><strong>SZ\u00cdN LEHET\u0150S\u00c9GEK:<\/strong><\/p>\n<p>\u00e9g k\u00e9k<br \/>\nnarancs<br \/>\nr\u00f3zsa r\u00f3zsasz\u00edn<br \/>\ns\u00f6t\u00e9tlila<br \/>\nm\u00e9sz<br \/>\nborv\u00f6r\u00f6s<br \/>\nnaps\u00e1rga<br \/>\nr\u00f3zsasz\u00edn balerina<br \/>\nr\u00f3zsasz\u00edn nyal\u00f3ka<br \/>\nk\u00e9k aut\u00f3<br \/>\nlila pillang\u00f3<br \/>\nfeh\u00e9r mosoly<br \/>\nk\u00e9k vonat<br \/>\nr\u00f3zsasz\u00edn sell\u0151<br \/>\nlila flaming\u00f3<br \/>\nr\u00f3zsasz\u00edn s\u00fctem\u00e9nyek<br \/>\nfeh\u00e9r bicikli<br \/>\nlila flaming\u00f3<br \/>\nk\u00e9k g\u00f6r\u00f6gdinnye<br \/>\nfeh\u00e9r gy\u00e9m\u00e1nt<\/p>\n<p><strong>CSOMAGOL\u00c1S<\/strong>: polizs\u00e1k matric\u00e1val<\/p>\n","protected":false},"excerpt":{"rendered":"<p>KER\u00c9KP\u00c1RGY\u0170R\u0170 &nbsp; Alum\u00ednium\u00f6tv\u00f6zetb\u0151l k\u00e9sz\u00fclt fels\u0151 \u00e9s als\u00f3 alap \u00a0(fekete sz\u00edn\u0171) Ac\u00e9l tet\u0151 \u00e9s talp (m\u00e1s sz\u00ednv\u00e1laszt\u00e9kt\u00f3l feket\u00e9ig) Gyors \u00e9s egyszer\u0171<\/p>\n","protected":false},"featured_media":29582,"template":"","meta":{"_acf_changed":false},"product_brand":[],"product_cat":[1207,1223],"product_tag":[],"class_list":{"0":"post-31387","1":"product","2":"type-product","3":"status-publish","4":"has-post-thumbnail","6":"product_cat-csengok","7":"product_cat-35mm-oem-hu","9":"first","10":"instock","11":"taxable","12":"shipping-taxable","13":"purchasable","14":"product-type-simple"},"bundled_by":[],"bundle_stock_status":"instock","bundle_stock_quantity":547,"bundle_virtual":false,"bundle_layout":"","bundle_add_to_cart_form_location":"","bundle_editable_in_cart":false,"bundle_sold_individually_context":"","bundle_item_grouping":"","bundle_min_size":"","bundle_max_size":"","bundle_price":[],"bundled_items":[],"bundle_sell_ids":[],"acf":[],"_links":{"self":[{"href":"https:\/\/b2b.p2rbike.com\/hu\/wp-json\/wp\/v2\/product\/31387","targetHints":{"allow":["GET"]}}],"collection":[{"href":"https:\/\/b2b.p2rbike.com\/hu\/wp-json\/wp\/v2\/product"}],"about":[{"href":"https:\/\/b2b.p2rbike.com\/hu\/wp-json\/wp\/v2\/types\/product"}],"wp:featuredmedia":[{"embeddable":true,"href":"https:\/\/b2b.p2rbike.com\/hu\/wp-json\/wp\/v2\/media\/29582"}],"wp:attachment":[{"href":"https:\/\/b2b.p2rbike.com\/hu\/wp-json\/wp\/v2\/media?parent=31387"}],"wp:term":[{"taxonomy":"product_brand","embeddable":true,"href":"https:\/\/b2b.p2rbike.com\/hu\/wp-json\/wp\/v2\/product_brand?post=31387"},{"taxonomy":"product_cat","embeddable":true,"href":"https:\/\/b2b.p2rbike.com\/hu\/wp-json\/wp\/v2\/product_cat?post=31387"},{"taxonomy":"product_tag","embeddable":true,"href":"https:\/\/b2b.p2rbike.com\/hu\/wp-json\/wp\/v2\/product_tag?post=31387"}],"curies":[{"name":"wp","href":"https:\/\/api.w.org\/{rel}","templated":true}]}}