{"id":31401,"date":"2024-04-23T14:47:31","date_gmt":"2024-04-23T12:47:31","guid":{"rendered":"https:\/\/b2b.p2rbike.com\/?post_type=product&#038;p=31401"},"modified":"2025-03-24T16:18:44","modified_gmt":"2025-03-24T15:18:44","slug":"p2r-ringo-blue-dinosaur","status":"publish","type":"product","link":"https:\/\/b2b.p2rbike.com\/hu\/termek\/p2r-ringo-blue-dinosaur\/","title":{"rendered":"P2R RINGO blue dinosaur"},"content":{"rendered":"<p><strong>R\u00c9SZLETEK<\/strong><\/p>\n<p>Fels\u0151 m\u00e9rete: 55 mm<\/p>\n<p><strong>SZ\u00cdN LEHET\u0150S\u00c9GEK<\/strong><\/p>\n<p>k\u00e9k dinoszaurusz<br \/>\nfeh\u00e9r kis medve<br \/>\nfeh\u00e9r panda<br \/>\nlila Sz\u00e9p napot k\u00edv\u00e1nok<br \/>\nr\u00f3zsasz\u00edn kisl\u00e1ny nyuszival<br \/>\nfeh\u00e9r ir\u00e1nyt\u0171<\/p>\n<p><strong>CSOMAGOL\u00c1S<\/strong>: polizs\u00e1k matric\u00e1val<\/p>\n","protected":false},"excerpt":{"rendered":"<p>R\u00c9SZLETEK Fels\u0151 m\u00e9rete: 55 mm SZ\u00cdN LEHET\u0150S\u00c9GEK k\u00e9k dinoszaurusz feh\u00e9r kis medve feh\u00e9r panda lila Sz\u00e9p napot k\u00edv\u00e1nok r\u00f3zsasz\u00edn kisl\u00e1ny<\/p>\n","protected":false},"featured_media":29489,"template":"","meta":{"_acf_changed":false},"product_brand":[],"product_cat":[1207,1229],"product_tag":[],"class_list":{"0":"post-31401","1":"product","2":"type-product","3":"status-publish","4":"has-post-thumbnail","6":"product_cat-csengok","7":"product_cat-55mm-oem-hu","9":"first","10":"instock","11":"taxable","12":"shipping-taxable","13":"purchasable","14":"product-type-simple"},"bundled_by":[],"bundle_stock_status":"instock","bundle_stock_quantity":190,"bundle_virtual":false,"bundle_layout":"","bundle_add_to_cart_form_location":"","bundle_editable_in_cart":false,"bundle_sold_individually_context":"","bundle_item_grouping":"","bundle_min_size":"","bundle_max_size":"","bundle_price":[],"bundled_items":[],"bundle_sell_ids":[],"acf":[],"_links":{"self":[{"href":"https:\/\/b2b.p2rbike.com\/hu\/wp-json\/wp\/v2\/product\/31401","targetHints":{"allow":["GET"]}}],"collection":[{"href":"https:\/\/b2b.p2rbike.com\/hu\/wp-json\/wp\/v2\/product"}],"about":[{"href":"https:\/\/b2b.p2rbike.com\/hu\/wp-json\/wp\/v2\/types\/product"}],"wp:featuredmedia":[{"embeddable":true,"href":"https:\/\/b2b.p2rbike.com\/hu\/wp-json\/wp\/v2\/media\/29489"}],"wp:attachment":[{"href":"https:\/\/b2b.p2rbike.com\/hu\/wp-json\/wp\/v2\/media?parent=31401"}],"wp:term":[{"taxonomy":"product_brand","embeddable":true,"href":"https:\/\/b2b.p2rbike.com\/hu\/wp-json\/wp\/v2\/product_brand?post=31401"},{"taxonomy":"product_cat","embeddable":true,"href":"https:\/\/b2b.p2rbike.com\/hu\/wp-json\/wp\/v2\/product_cat?post=31401"},{"taxonomy":"product_tag","embeddable":true,"href":"https:\/\/b2b.p2rbike.com\/hu\/wp-json\/wp\/v2\/product_tag?post=31401"}],"curies":[{"name":"wp","href":"https:\/\/api.w.org\/{rel}","templated":true}]}}