{"id":31479,"date":"2025-01-25T13:19:24","date_gmt":"2025-01-25T12:19:24","guid":{"rendered":"https:\/\/b2b.p2rbike.com\/?post_type=product&#038;p=31479"},"modified":"2025-04-04T11:18:23","modified_gmt":"2025-04-04T09:18:23","slug":"p2r-shockman-ergo-265-black-copy","status":"publish","type":"product","link":"https:\/\/b2b.p2rbike.com\/hu\/termek\/p2r-shockman-ergo-265-black-copy\/","title":{"rendered":"P2R SHOCKMAN ERGO 265, green"},"content":{"rendered":"<p>A <strong>SHOCKMAN ERGO 265<\/strong> ergonomikus form\u00e1ja megt\u00e1masztja a motoros tenyer\u00e9t, kik\u00fcsz\u00f6b\u00f6li a f\u00e1radts\u00e1got \u00e9s meghosszabb\u00edtja a motoroz\u00e1si id\u0151t, ami lehet\u0151v\u00e9 teszi a motoros sz\u00e1m\u00e1ra, hogy hosszabb t\u00e1vot tekerjen. Alkalmas f\u00e9lig egyenes \u00e9s f\u00fcgg\u0151leges helyzetben ker\u00e9kp\u00e1ron \u2013 f\u0151leg <strong>City<\/strong>, <strong>Cross<\/strong> \u00e9s <strong>Trekking<\/strong> ker\u00e9kp\u00e1rosok sz\u00e1m\u00e1ra.<\/p>\n<p><strong><br \/>\nJELLEMZ\u0150K<\/strong>:<\/p>\n<p>&#8211; <strong>TPR<\/strong>-b\u0151l (termoplasztikus gumib\u00f3l) k\u00e9sz\u00fclt<br \/>\n&#8211; Hossz: <strong>130mm<\/strong><strong><br \/>\n<\/strong>&#8211; \u00c1tm\u00e9r\u0151: <strong>\u00d8 22mm<\/strong><strong><br \/>\n<\/strong>&#8211; R\u00f6gz\u00edt\u00e9s: biztos\u00edtja a stabil poz\u00edci\u00f3t<br \/>\n&#8211; Alkalmas a legt\u00f6bb h\/b\u00e1rhoz a\u00a0piacon<\/p>\n<p>&nbsp;<\/p>\n<p><strong>SZ\u00cdNES ALTERNAT\u00cdV\u00c1K:<\/strong><\/p>\n<p>&#8211; Fekete \u2013 lila<br \/>\n&#8211; Fekete \u2013 narancs<br \/>\n&#8211; Fekete \u2013 lime z\u00f6ld<br \/>\n&#8211; Fekete \u2013 arany<br \/>\n&#8211; Fekete \u2013 vil\u00e1gosk\u00e9k<br \/>\n&#8211; Fekete \u2013 piros<br \/>\n&#8211; Fekete \u2013 tit\u00e1nsz\u00fcrke<br \/>\n&#8211; Fekete \u2013 fekete<\/p>\n<p><strong><br \/>\nCSOMAGOL\u00c1S<\/strong>: P2R csomagol\u00f3k\u00e1rtya<\/p>\n","protected":false},"excerpt":{"rendered":"<p>A SHOCKMAN ERGO 265 ergonomikus form\u00e1ja megt\u00e1masztja a motoros tenyer\u00e9t, kik\u00fcsz\u00f6b\u00f6li a f\u00e1radts\u00e1got \u00e9s meghosszabb\u00edtja a motoroz\u00e1si id\u0151t, ami lehet\u0151v\u00e9<\/p>\n","protected":false},"featured_media":31483,"template":"","meta":{"_acf_changed":false},"product_brand":[],"product_cat":[888,1181,1326],"product_tag":[],"class_list":{"0":"post-31479","1":"product","2":"type-product","3":"status-publish","4":"has-post-thumbnail","6":"product_cat-markolatok","7":"product_cat-ergonomikus-markolatok","8":"product_cat-ergo_265-hu","10":"first","11":"instock","12":"taxable","13":"shipping-taxable","14":"purchasable","15":"product-type-simple"},"bundled_by":[],"bundle_stock_status":"instock","bundle_stock_quantity":20,"bundle_virtual":false,"bundle_layout":"","bundle_add_to_cart_form_location":"","bundle_editable_in_cart":false,"bundle_sold_individually_context":"","bundle_item_grouping":"","bundle_min_size":"","bundle_max_size":"","bundle_price":[],"bundled_items":[],"bundle_sell_ids":[],"acf":[],"_links":{"self":[{"href":"https:\/\/b2b.p2rbike.com\/hu\/wp-json\/wp\/v2\/product\/31479","targetHints":{"allow":["GET"]}}],"collection":[{"href":"https:\/\/b2b.p2rbike.com\/hu\/wp-json\/wp\/v2\/product"}],"about":[{"href":"https:\/\/b2b.p2rbike.com\/hu\/wp-json\/wp\/v2\/types\/product"}],"wp:featuredmedia":[{"embeddable":true,"href":"https:\/\/b2b.p2rbike.com\/hu\/wp-json\/wp\/v2\/media\/31483"}],"wp:attachment":[{"href":"https:\/\/b2b.p2rbike.com\/hu\/wp-json\/wp\/v2\/media?parent=31479"}],"wp:term":[{"taxonomy":"product_brand","embeddable":true,"href":"https:\/\/b2b.p2rbike.com\/hu\/wp-json\/wp\/v2\/product_brand?post=31479"},{"taxonomy":"product_cat","embeddable":true,"href":"https:\/\/b2b.p2rbike.com\/hu\/wp-json\/wp\/v2\/product_cat?post=31479"},{"taxonomy":"product_tag","embeddable":true,"href":"https:\/\/b2b.p2rbike.com\/hu\/wp-json\/wp\/v2\/product_tag?post=31479"}],"curies":[{"name":"wp","href":"https:\/\/api.w.org\/{rel}","templated":true}]}}