{"id":31752,"date":"2025-02-01T12:20:16","date_gmt":"2025-02-01T11:20:16","guid":{"rendered":"https:\/\/b2b.p2rbike.com\/?post_type=product&#038;p=31752"},"modified":"2025-02-01T12:22:15","modified_gmt":"2025-02-01T11:22:15","slug":"p2r-flatman-80-mt-3sb-copper-brown-copy-3","status":"publish","type":"product","link":"https:\/\/b2b.p2rbike.com\/hu\/termek\/p2r-flatman-80-mt-3sb-copper-brown-copy-3\/","title":{"rendered":"P2R FLATMAN 80 MT, 3SB light blue"},"content":{"rendered":"<p>K\u00f6nny\u00fc, eleg\u00e1ns design, kiv\u00e1l\u00f3 tulajdons\u00e1gok. Ez az \u00faj <strong>P2R FLATMAN 80<\/strong>. A k\u00fcldet\u00e9s\u00fcnk nem csak annyi volt hogy csin\u00e1ljunk egy olyan ped\u00e1lt, ami mindenf\u00e9le ker\u00e9kp\u00e1roz\u00e1si kateg\u00f3ri\u00e1ban megfelel, hanem igazi m\u0171remeket akartunk. Csak a legsz\u00fcks\u00e9gesebb anyagokat haszn\u00e1ltuk fel, cs\u00f6kkentett\u00fck a s\u00falyt, lekerek\u00edt\u00e9sekkel \u00e9s sark\u00edt\u00e1sokkal minden t\u00fcsk\u00e9n\u00e9l, sarokn\u00e1l \u00e9s \u00e9ln\u00e9l.<br \/>\nA nagy <strong>100mm x 99mm<\/strong> -es tapos\u00f3fel\u00fcletnek, \u00e9s az oldalank\u00e9nti <strong>12<\/strong> (4mm magas) t\u00fcsk\u00e9nek k\u00f6sz\u00f6nhet\u0151en a FLATMAN 80 igazi tapad\u00e1st biztos\u00edt.<br \/>\nA <strong>CNC megmunk\u00e1l\u00e1ssal Cr-Mo<\/strong> ac\u00e9lb\u00f3l k\u00e9sz\u00fclt tengely \u00e9s a <strong>3 db<\/strong> magas min\u0151s\u00e9g\u0171 <strong>ipari-csap\u00e1gy<\/strong> biztos\u00edtja a hibamentes m\u0171k\u00f6d\u00e9st, a finom mozg\u00e1st \u00e9s a hossz\u00fa \u00e9lettartamot. Igazi \u201elocked-in\u201d \u00e9rzet\u0171 ped\u00e1l.<\/p>\n<p>&nbsp;<\/p>\n<p><strong>Tulajdons\u00e1gok:<\/strong><\/p>\n<ul>\n<li>Szinte minden kateg\u00f3ri\u00e1nak megfelel\u0151 design <strong>BMX\/MTB\/Trail\/Enduro\/Trekking<\/strong><\/li>\n<li>Tengely: Chromium-Molybdenum (<strong>Cr-Mo<\/strong>), <strong>CNC<\/strong> \u2013 eszterg\u00e1l\u00e1ssal k\u00e9sz\u00fclt<\/li>\n<li><strong>3x<\/strong> ipari-csap\u00e1gy a hibamentes m\u0171k\u00f6d\u00e9s\u00e9rt, a finom mozg\u00e1s\u00e9rt \u00e9s a hossz\u00fa \u00e9lettartam\u00e9rt<\/li>\n<li>Magass\u00e1g: <strong>18 mm<\/strong><\/li>\n<li>M\u00e9ret: <strong>100 x 99 mm<\/strong><\/li>\n<li>T\u00f6meg: <strong>340 g \/ p\u00e1r<\/strong><\/li>\n<\/ul>\n<p>&nbsp;<\/p>\n<p><strong>R\u00e9szletek:<\/strong><\/p>\n<ul>\n<li>Szimetrikus ped\u00e1l design a stabilit\u00e1s\u00e9rt<\/li>\n<li>12 r\u00f6gz\u00edt\u0151t\u00fcske oldalank\u00e9nt<\/li>\n<li>R\u00e9szletes lekerek\u00edt\u00e9sek<\/li>\n<li>Extra t\u00fcske k\u00e9szlet<\/li>\n<li>Matt szat\u00e9n sz\u00ednek<\/li>\n<li>L\u00e9zeres grafika<\/li>\n<\/ul>\n<p>&nbsp;<\/p>\n<p><strong>Sz\u00ednvari\u00e1ci\u00f3k:<\/strong><\/p>\n<ul>\n<li>Fekete<\/li>\n<li>R\u00e9zv\u00f6r\u00f6s<\/li>\n<li>Piros<\/li>\n<li>S\u00f6t\u00e9tk\u00e9k<\/li>\n<li>Vil\u00e1gosk\u00e9k<\/li>\n<li>Arany<\/li>\n<li>Lila<\/li>\n<li>Narancs<\/li>\n<li>Tit\u00e1niumsz\u00fcrke<\/li>\n<li>Limez\u00f6ld<\/li>\n<li>Magenta<\/li>\n<\/ul>\n<p>&nbsp;<\/p>\n<p><strong>Csomagol\u00e1s<\/strong>: P2R dobozban<\/p>\n","protected":false},"excerpt":{"rendered":"<p>K\u00f6nny\u00fc, eleg\u00e1ns design, kiv\u00e1l\u00f3 tulajdons\u00e1gok. Ez az \u00faj P2R FLATMAN 80. A k\u00fcldet\u00e9s\u00fcnk nem csak annyi volt hogy csin\u00e1ljunk egy<\/p>\n","protected":false},"featured_media":32104,"template":"","meta":{"_acf_changed":false},"product_brand":[],"product_cat":[995,998,1273],"product_tag":[],"class_list":{"0":"post-31752","1":"product","2":"type-product","3":"status-publish","4":"has-post-thumbnail","6":"product_cat-pedalok","7":"product_cat-mtb-hu-4","8":"product_cat-flatman_80-hu","10":"first","11":"instock","12":"taxable","13":"shipping-taxable","14":"purchasable","15":"product-type-simple"},"bundled_by":[],"bundle_stock_status":"instock","bundle_stock_quantity":32,"bundle_virtual":false,"bundle_layout":"","bundle_add_to_cart_form_location":"","bundle_editable_in_cart":false,"bundle_sold_individually_context":"","bundle_item_grouping":"","bundle_min_size":"","bundle_max_size":"","bundle_price":[],"bundled_items":[],"bundle_sell_ids":[],"acf":[],"_links":{"self":[{"href":"https:\/\/b2b.p2rbike.com\/hu\/wp-json\/wp\/v2\/product\/31752","targetHints":{"allow":["GET"]}}],"collection":[{"href":"https:\/\/b2b.p2rbike.com\/hu\/wp-json\/wp\/v2\/product"}],"about":[{"href":"https:\/\/b2b.p2rbike.com\/hu\/wp-json\/wp\/v2\/types\/product"}],"wp:featuredmedia":[{"embeddable":true,"href":"https:\/\/b2b.p2rbike.com\/hu\/wp-json\/wp\/v2\/media\/32104"}],"wp:attachment":[{"href":"https:\/\/b2b.p2rbike.com\/hu\/wp-json\/wp\/v2\/media?parent=31752"}],"wp:term":[{"taxonomy":"product_brand","embeddable":true,"href":"https:\/\/b2b.p2rbike.com\/hu\/wp-json\/wp\/v2\/product_brand?post=31752"},{"taxonomy":"product_cat","embeddable":true,"href":"https:\/\/b2b.p2rbike.com\/hu\/wp-json\/wp\/v2\/product_cat?post=31752"},{"taxonomy":"product_tag","embeddable":true,"href":"https:\/\/b2b.p2rbike.com\/hu\/wp-json\/wp\/v2\/product_tag?post=31752"}],"curies":[{"name":"wp","href":"https:\/\/api.w.org\/{rel}","templated":true}]}}