{"id":31832,"date":"2022-08-11T13:07:45","date_gmt":"2022-08-11T11:07:45","guid":{"rendered":"https:\/\/b2b.p2rbike.com\/?post_type=product&#038;p=31832"},"modified":"2025-03-24T16:18:49","modified_gmt":"2025-03-24T15:18:49","slug":"spiro-sodrony-lakat-15x1200mm","status":"publish","type":"product","link":"https:\/\/b2b.p2rbike.com\/hu\/termek\/spiro-sodrony-lakat-15x1200mm\/","title":{"rendered":"SPIRO sodrony lakat 15x1200mm"},"content":{"rendered":"<p>SODRONY LAKAT<\/p>\n<p>A <strong>P2R SPIRO<\/strong> a spir\u00e1lz\u00e1r kateg\u00f3ri\u00e1ba tartozik, \u00e9s kiv\u00e1l\u00f3 ar\u00e1nyt biztos\u00edt s\u00falya \u00e9s biztons\u00e1ga k\u00f6z\u00f6tt<\/p>\n<p><strong><br \/>\nJELLEMZ\u0150K<\/strong>:<br \/>\n\u2022 5. biztons\u00e1gi szint<br \/>\n\u2022 Min\u0151s\u00edtett MTL-ben (gy\u00e1rt\u00f3i tesztel\u0151 laborat\u00f3rium) tesztelve.<br \/>\n\u2022 A m\u0171anyag huzalburkolat v\u00e9d a karcol\u00e1sokt\u00f3l<\/p>\n<p><strong><br \/>\nR\u00c9SZLETEK<\/strong>:<br \/>\n\u2022 K\u00fcls\u0151 \u00e1tm\u00e9r\u0151 15 mm<br \/>\n\u2022 Hossz\u00fas\u00e1g 1200 mm<br \/>\n\u2022 Ac\u00e9l bels\u0151 huzal \u00e1tm\u00e9r\u0151je 6,4 mm<br \/>\n\u2022 3 kulcs, 1db LED di\u00f3d\u00e1val<br \/>\n\u2022 \u00dcl\u00e9soszlop tart\u00f3<\/p>\n<p><strong><br \/>\nCSOMAGOL\u00c1S<\/strong>: P2R csomagol\u00f3k\u00e1rtya<\/p>\n","protected":false},"excerpt":{"rendered":"<p>SODRONY LAKAT A P2R SPIRO a spir\u00e1lz\u00e1r kateg\u00f3ri\u00e1ba tartozik, \u00e9s kiv\u00e1l\u00f3 ar\u00e1nyt biztos\u00edt s\u00falya \u00e9s biztons\u00e1ga k\u00f6z\u00f6tt JELLEMZ\u0150K: \u2022 5.<\/p>\n","protected":false},"featured_media":18266,"template":"","meta":{"_acf_changed":false},"product_brand":[],"product_cat":[883,913],"product_tag":[],"class_list":{"0":"post-31832","1":"product","2":"type-product","3":"status-publish","4":"has-post-thumbnail","6":"product_cat-zarak","7":"product_cat-spiralzarak","9":"first","10":"instock","11":"taxable","12":"shipping-taxable","13":"purchasable","14":"product-type-simple"},"bundled_by":[],"bundle_stock_status":"instock","bundle_stock_quantity":191,"bundle_virtual":false,"bundle_layout":"","bundle_add_to_cart_form_location":"","bundle_editable_in_cart":false,"bundle_sold_individually_context":"","bundle_item_grouping":"","bundle_min_size":"","bundle_max_size":"","bundle_price":[],"bundled_items":[],"bundle_sell_ids":[],"acf":[],"_links":{"self":[{"href":"https:\/\/b2b.p2rbike.com\/hu\/wp-json\/wp\/v2\/product\/31832","targetHints":{"allow":["GET"]}}],"collection":[{"href":"https:\/\/b2b.p2rbike.com\/hu\/wp-json\/wp\/v2\/product"}],"about":[{"href":"https:\/\/b2b.p2rbike.com\/hu\/wp-json\/wp\/v2\/types\/product"}],"wp:featuredmedia":[{"embeddable":true,"href":"https:\/\/b2b.p2rbike.com\/hu\/wp-json\/wp\/v2\/media\/18266"}],"wp:attachment":[{"href":"https:\/\/b2b.p2rbike.com\/hu\/wp-json\/wp\/v2\/media?parent=31832"}],"wp:term":[{"taxonomy":"product_brand","embeddable":true,"href":"https:\/\/b2b.p2rbike.com\/hu\/wp-json\/wp\/v2\/product_brand?post=31832"},{"taxonomy":"product_cat","embeddable":true,"href":"https:\/\/b2b.p2rbike.com\/hu\/wp-json\/wp\/v2\/product_cat?post=31832"},{"taxonomy":"product_tag","embeddable":true,"href":"https:\/\/b2b.p2rbike.com\/hu\/wp-json\/wp\/v2\/product_tag?post=31832"}],"curies":[{"name":"wp","href":"https:\/\/api.w.org\/{rel}","templated":true}]}}