{"id":32186,"date":"2025-03-11T13:46:24","date_gmt":"2025-03-11T12:46:24","guid":{"rendered":"https:\/\/b2b.p2rbike.com\/?post_type=product&#038;p=32186"},"modified":"2025-03-11T14:01:12","modified_gmt":"2025-03-11T13:01:12","slug":"p2r-flatman-90-etd-55-mm-es-csavarkeszlet-16-db","status":"publish","type":"product","link":"https:\/\/b2b.p2rbike.com\/hu\/termek\/p2r-flatman-90-etd-55-mm-es-csavarkeszlet-16-db\/","title":{"rendered":"P2R FLATMAN 90 ETD, 5,5 mm-es csavark\u00e9szlet (16 db)"},"content":{"rendered":"<ul>\n<li>A k\u00e9szlet 16 db csavart tartalmaz, amelyekb\u0151l a P2R FLATMAN 90 ETD a lovagl\u00e1s minden pillanat\u00e1ban r\u00f6gz\u00edthet\u0151 a l\u00e1bakban<\/li>\n<\/ul>\n","protected":false},"excerpt":{"rendered":"<p>A k\u00e9szlet 16 db csavart tartalmaz, amelyekb\u0151l a P2R FLATMAN 90 ETD a lovagl\u00e1s minden pillanat\u00e1ban r\u00f6gz\u00edthet\u0151 a l\u00e1bakban<\/p>\n","protected":false},"featured_media":32190,"template":"","meta":{"_acf_changed":false},"product_brand":[],"product_cat":[995,1265,1301],"product_tag":[],"class_list":{"0":"post-32186","1":"product","2":"type-product","3":"status-publish","4":"has-post-thumbnail","6":"product_cat-pedalok","7":"product_cat-enduro-hu","8":"product_cat-flatman_90_etd-hu","10":"first","11":"instock","12":"taxable","13":"shipping-taxable","14":"purchasable","15":"product-type-simple"},"bundled_by":[],"bundle_stock_status":"instock","bundle_stock_quantity":81,"bundle_virtual":false,"bundle_layout":"","bundle_add_to_cart_form_location":"","bundle_editable_in_cart":false,"bundle_sold_individually_context":"","bundle_item_grouping":"","bundle_min_size":"","bundle_max_size":"","bundle_price":[],"bundled_items":[],"bundle_sell_ids":[],"acf":[],"_links":{"self":[{"href":"https:\/\/b2b.p2rbike.com\/hu\/wp-json\/wp\/v2\/product\/32186","targetHints":{"allow":["GET"]}}],"collection":[{"href":"https:\/\/b2b.p2rbike.com\/hu\/wp-json\/wp\/v2\/product"}],"about":[{"href":"https:\/\/b2b.p2rbike.com\/hu\/wp-json\/wp\/v2\/types\/product"}],"wp:featuredmedia":[{"embeddable":true,"href":"https:\/\/b2b.p2rbike.com\/hu\/wp-json\/wp\/v2\/media\/32190"}],"wp:attachment":[{"href":"https:\/\/b2b.p2rbike.com\/hu\/wp-json\/wp\/v2\/media?parent=32186"}],"wp:term":[{"taxonomy":"product_brand","embeddable":true,"href":"https:\/\/b2b.p2rbike.com\/hu\/wp-json\/wp\/v2\/product_brand?post=32186"},{"taxonomy":"product_cat","embeddable":true,"href":"https:\/\/b2b.p2rbike.com\/hu\/wp-json\/wp\/v2\/product_cat?post=32186"},{"taxonomy":"product_tag","embeddable":true,"href":"https:\/\/b2b.p2rbike.com\/hu\/wp-json\/wp\/v2\/product_tag?post=32186"}],"curies":[{"name":"wp","href":"https:\/\/api.w.org\/{rel}","templated":true}]}}