{"id":32719,"date":"2025-03-30T16:33:44","date_gmt":"2025-03-30T14:33:44","guid":{"rendered":"https:\/\/b2b.p2rbike.com\/?post_type=product&#038;p=32719"},"modified":"2025-03-31T08:42:43","modified_gmt":"2025-03-31T06:42:43","slug":"p2r-shockman-str-273-black-copy-4","status":"publish","type":"product","link":"https:\/\/b2b.p2rbike.com\/hu\/termek\/p2r-shockman-str-273-black-copy-4\/","title":{"rendered":"P2R SHOCKMAN STR 273, Fekete \u2013 magenta pink"},"content":{"rendered":"<p>A <strong>P2R SHOCKMAN STR 273<\/strong> markolatokat minden t\u00edpus\u00fa ker\u00e9kp\u00e1rhoz \u00e9s mindenf\u00e9le vezet\u00e9si st\u00edlushoz alkalmasak.<br \/>\nA <strong>TPR<\/strong> (termoplasztikus gumi) anyag \u00e9s a markolat fel\u00fclet\u00e9n tal\u00e1lhat\u00f3 bord\u00e1s mint\u00e1nak k\u00f6sz\u00f6nhet\u0151en t\u00f6k\u00e9letes \u00e9s stabil fog\u00e1st biztos\u00edt.<\/p>\n<p><strong><br \/>\nTULAJDONS\u00c1GOK:<\/strong><\/p>\n<p>Anyaga <strong>TPR<\/strong> (termoplasztikus gumi)<br \/>\nBord\u00e1zott mint\u00e1s fel\u00fclet a\u00a0biztos fog\u00e1s\u00e9rt<br \/>\nHossz <strong>130mm <\/strong><br \/>\nKorm\u00e1ny \u00e1tm\u00e9r\u0151 <strong>\u00d8 22mm<\/strong><br \/>\n<strong>Lock-on<\/strong> rendszer: biztos r\u00f6gz\u00edt\u00e9s, nem forog el<br \/>\nMinden ker\u00e9kp\u00e1rhoz: <strong>V\u00c1ROSI\/MTB\/KROSSZ\/TREKKING\/BMX\/GYERMEK<\/strong><\/p>\n<p>&nbsp;<\/p>\n<p><strong>SZ\u00cdNV\u00c1LTOZATOK: <\/strong><\/p>\n<p>Fekete \u2013 lime z\u00f6ld<br \/>\nFekete \u2013 tengerk\u00e9k<br \/>\nFekete \u2013 magenta pink<br \/>\nFekete \u2013 lila<br \/>\nFekete &#8211; narancs<br \/>\nFekete \u2013 arany<br \/>\nFekete \u2013 vil\u00e1gosk\u00e9k<br \/>\nFekete \u2013 borv\u00f6r\u00f6s<br \/>\nFekete \u2013 tit\u00e1nsz\u00fcrke<br \/>\nFekete \u2013 fekete<br \/>\nFekete \u2013 tengerk\u00e9k<br \/>\nFekete \u2013 r\u00e9zbarna<br \/>\nFekete &#8211; ez\u00fcst<\/p>\n","protected":false},"excerpt":{"rendered":"<p>A P2R SHOCKMAN STR 273 markolatokat minden t\u00edpus\u00fa ker\u00e9kp\u00e1rhoz \u00e9s mindenf\u00e9le vezet\u00e9si st\u00edlushoz alkalmasak. A TPR (termoplasztikus gumi) anyag \u00e9s<\/p>\n","protected":false},"featured_media":32753,"template":"","meta":{"_acf_changed":false},"product_brand":[],"product_cat":[888,1201,1352],"product_tag":[],"class_list":{"0":"post-32719","1":"product","2":"type-product","3":"status-publish","4":"has-post-thumbnail","6":"product_cat-markolatok","7":"product_cat-mtb-grips-hu","8":"product_cat-str-273","10":"first","11":"instock","12":"taxable","13":"shipping-taxable","14":"purchasable","15":"product-type-simple"},"bundled_by":[],"bundle_stock_status":"instock","bundle_stock_quantity":73,"bundle_virtual":false,"bundle_layout":"","bundle_add_to_cart_form_location":"","bundle_editable_in_cart":false,"bundle_sold_individually_context":"","bundle_item_grouping":"","bundle_min_size":"","bundle_max_size":"","bundle_price":[],"bundled_items":[],"bundle_sell_ids":[],"acf":[],"_links":{"self":[{"href":"https:\/\/b2b.p2rbike.com\/hu\/wp-json\/wp\/v2\/product\/32719","targetHints":{"allow":["GET"]}}],"collection":[{"href":"https:\/\/b2b.p2rbike.com\/hu\/wp-json\/wp\/v2\/product"}],"about":[{"href":"https:\/\/b2b.p2rbike.com\/hu\/wp-json\/wp\/v2\/types\/product"}],"wp:featuredmedia":[{"embeddable":true,"href":"https:\/\/b2b.p2rbike.com\/hu\/wp-json\/wp\/v2\/media\/32753"}],"wp:attachment":[{"href":"https:\/\/b2b.p2rbike.com\/hu\/wp-json\/wp\/v2\/media?parent=32719"}],"wp:term":[{"taxonomy":"product_brand","embeddable":true,"href":"https:\/\/b2b.p2rbike.com\/hu\/wp-json\/wp\/v2\/product_brand?post=32719"},{"taxonomy":"product_cat","embeddable":true,"href":"https:\/\/b2b.p2rbike.com\/hu\/wp-json\/wp\/v2\/product_cat?post=32719"},{"taxonomy":"product_tag","embeddable":true,"href":"https:\/\/b2b.p2rbike.com\/hu\/wp-json\/wp\/v2\/product_tag?post=32719"}],"curies":[{"name":"wp","href":"https:\/\/api.w.org\/{rel}","templated":true}]}}