{"id":33514,"date":"2025-05-17T16:48:21","date_gmt":"2025-05-17T14:48:21","guid":{"rendered":"https:\/\/b2b.p2rbike.com\/?post_type=product&#038;p=33514"},"modified":"2025-05-24T10:16:20","modified_gmt":"2025-05-24T08:16:20","slug":"p2r-ringo-pink-kitty-copy","status":"publish","type":"product","link":"https:\/\/b2b.p2rbike.com\/hu\/termek\/p2r-ringo-pink-kitty-copy\/","title":{"rendered":"P2R RINGO purple girl &#038; kitty"},"content":{"rendered":"<div>\n<div><strong>KER\u00c9KP\u00c1RCSENG\u0150<\/strong><\/div>\n<p>&nbsp;<\/p>\n<ul>\n<li>Ac\u00e9l fels\u0151r\u00e9sz \u00e9s m\u0171anyag als\u00f3r\u00e9sz<\/li>\n<li>Gyors \u00e9s egyszer\u0171 felszerel\u00e9s csavarral<\/li>\n<\/ul>\n<div><strong><br \/>\nR\u00c9SZLETEK:<\/strong><\/div>\n<ul>\n<li>A fels\u0151 r\u00e9sz \u00e1tm\u00e9r\u0151je:\u00a0<strong>53 mm<\/strong><\/li>\n<\/ul>\n<p>&nbsp;<\/p>\n<div><strong>SZ\u00cdNEK:<\/strong><\/div>\n<ul>\n<li>feh\u00e9r pingvin<\/li>\n<li>r\u00f3zsasz\u00edn kiskacsa<\/li>\n<li>r\u00f3zsasz\u00edn unikornis<\/li>\n<li>r\u00f3zsasz\u00edn cica<\/li>\n<li>k\u00e9k unikornis<\/li>\n<li>k\u00e9k kiskacsa<\/li>\n<li>lila l\u00e1ny cic\u00e1val<\/li>\n<\/ul>\n<div><strong><br \/>\nCSOMAGOL\u00c1S<\/strong>: tasak \u00e9s matrica (OEM)<\/div>\n<\/div>\n","protected":false},"excerpt":{"rendered":"<p>KER\u00c9KP\u00c1RCSENG\u0150 &nbsp; Ac\u00e9l fels\u0151r\u00e9sz \u00e9s m\u0171anyag als\u00f3r\u00e9sz Gyors \u00e9s egyszer\u0171 felszerel\u00e9s csavarral R\u00c9SZLETEK: A fels\u0151 r\u00e9sz \u00e1tm\u00e9r\u0151je:\u00a053 mm &nbsp; SZ\u00cdNEK:<\/p>\n","protected":false},"featured_media":33518,"template":"","meta":{"_acf_changed":false},"product_brand":[],"product_cat":[1207,1376],"product_tag":[],"class_list":{"0":"post-33514","1":"product","2":"type-product","3":"status-publish","4":"has-post-thumbnail","6":"product_cat-csengok","7":"product_cat-bells_53mm-hu-2","9":"first","10":"instock","11":"taxable","12":"shipping-taxable","13":"purchasable","14":"product-type-simple"},"bundled_by":[],"bundle_stock_status":"instock","bundle_stock_quantity":465,"bundle_virtual":false,"bundle_layout":"","bundle_add_to_cart_form_location":"","bundle_editable_in_cart":false,"bundle_sold_individually_context":"","bundle_item_grouping":"","bundle_min_size":"","bundle_max_size":"","bundle_price":[],"bundled_items":[],"bundle_sell_ids":[],"acf":[],"_links":{"self":[{"href":"https:\/\/b2b.p2rbike.com\/hu\/wp-json\/wp\/v2\/product\/33514","targetHints":{"allow":["GET"]}}],"collection":[{"href":"https:\/\/b2b.p2rbike.com\/hu\/wp-json\/wp\/v2\/product"}],"about":[{"href":"https:\/\/b2b.p2rbike.com\/hu\/wp-json\/wp\/v2\/types\/product"}],"wp:featuredmedia":[{"embeddable":true,"href":"https:\/\/b2b.p2rbike.com\/hu\/wp-json\/wp\/v2\/media\/33518"}],"wp:attachment":[{"href":"https:\/\/b2b.p2rbike.com\/hu\/wp-json\/wp\/v2\/media?parent=33514"}],"wp:term":[{"taxonomy":"product_brand","embeddable":true,"href":"https:\/\/b2b.p2rbike.com\/hu\/wp-json\/wp\/v2\/product_brand?post=33514"},{"taxonomy":"product_cat","embeddable":true,"href":"https:\/\/b2b.p2rbike.com\/hu\/wp-json\/wp\/v2\/product_cat?post=33514"},{"taxonomy":"product_tag","embeddable":true,"href":"https:\/\/b2b.p2rbike.com\/hu\/wp-json\/wp\/v2\/product_tag?post=33514"}],"curies":[{"name":"wp","href":"https:\/\/api.w.org\/{rel}","templated":true}]}}