{"id":33562,"date":"2025-05-17T17:47:57","date_gmt":"2025-05-17T15:47:57","guid":{"rendered":"https:\/\/b2b.p2rbike.com\/?post_type=product&#038;p=33562"},"modified":"2025-05-17T17:49:58","modified_gmt":"2025-05-17T15:49:58","slug":"p2r-ringo-yellow-duck-3d-copy","status":"publish","type":"product","link":"https:\/\/b2b.p2rbike.com\/hu\/termek\/p2r-ringo-yellow-duck-3d-copy\/","title":{"rendered":"P2R RINGO blue tiger, 3D"},"content":{"rendered":"<p><strong>KER\u00c9KP\u00c1RGY\u0170R\u0170<\/strong><\/p>\n<p>&nbsp;<\/p>\n<ul>\n<li>Ac\u00e9l fels\u0151 \u00e9s als\u00f3 r\u00e9sz 3D \u00e1llatos mint\u00e1val (PU)<\/li>\n<li>Gyors \u00e9s egyszer\u0171 r\u00f6gz\u00edt\u00e9s csavarral<\/li>\n<\/ul>\n<p><strong><br \/>\nR\u00c9SZLETEK:<\/strong><\/p>\n<ul>\n<li>A fels\u0151 r\u00e9sz \u00e1tm\u00e9r\u0151je: <strong>35 mm<\/strong><\/li>\n<\/ul>\n<p>&nbsp;<\/p>\n<p><strong>SZ\u00cdN LEHET\u0150S\u00c9GEK:<\/strong><\/p>\n<ul>\n<li>flila ny\u00fal<\/li>\n<li>r\u00f3zsasz\u00edn panda<\/li>\n<li>s\u00e1rga kacsa<\/li>\n<li>k\u00e9k tigris<\/li>\n<\/ul>\n<p><strong><br \/>\nCSOMAGOL\u00c1S<\/strong>: polizs\u00e1k matric\u00e1val<\/p>\n","protected":false},"excerpt":{"rendered":"<p>KER\u00c9KP\u00c1RGY\u0170R\u0170 &nbsp; Ac\u00e9l fels\u0151 \u00e9s als\u00f3 r\u00e9sz 3D \u00e1llatos mint\u00e1val (PU) Gyors \u00e9s egyszer\u0171 r\u00f6gz\u00edt\u00e9s csavarral R\u00c9SZLETEK: A fels\u0151 r\u00e9sz<\/p>\n","protected":false},"featured_media":33566,"template":"","meta":{"_acf_changed":false},"product_brand":[],"product_cat":[1207,1367],"product_tag":[],"class_list":{"0":"post-33562","1":"product","2":"type-product","3":"status-publish","4":"has-post-thumbnail","6":"product_cat-csengok","7":"product_cat-3d-hu","9":"first","10":"outofstock","11":"taxable","12":"shipping-taxable","13":"purchasable","14":"product-type-simple"},"bundled_by":[],"bundle_stock_status":"outofstock","bundle_stock_quantity":0,"bundle_virtual":false,"bundle_layout":"","bundle_add_to_cart_form_location":"","bundle_editable_in_cart":false,"bundle_sold_individually_context":"","bundle_item_grouping":"","bundle_min_size":"","bundle_max_size":"","bundle_price":[],"bundled_items":[],"bundle_sell_ids":[],"acf":[],"_links":{"self":[{"href":"https:\/\/b2b.p2rbike.com\/hu\/wp-json\/wp\/v2\/product\/33562","targetHints":{"allow":["GET"]}}],"collection":[{"href":"https:\/\/b2b.p2rbike.com\/hu\/wp-json\/wp\/v2\/product"}],"about":[{"href":"https:\/\/b2b.p2rbike.com\/hu\/wp-json\/wp\/v2\/types\/product"}],"wp:featuredmedia":[{"embeddable":true,"href":"https:\/\/b2b.p2rbike.com\/hu\/wp-json\/wp\/v2\/media\/33566"}],"wp:attachment":[{"href":"https:\/\/b2b.p2rbike.com\/hu\/wp-json\/wp\/v2\/media?parent=33562"}],"wp:term":[{"taxonomy":"product_brand","embeddable":true,"href":"https:\/\/b2b.p2rbike.com\/hu\/wp-json\/wp\/v2\/product_brand?post=33562"},{"taxonomy":"product_cat","embeddable":true,"href":"https:\/\/b2b.p2rbike.com\/hu\/wp-json\/wp\/v2\/product_cat?post=33562"},{"taxonomy":"product_tag","embeddable":true,"href":"https:\/\/b2b.p2rbike.com\/hu\/wp-json\/wp\/v2\/product_tag?post=33562"}],"curies":[{"name":"wp","href":"https:\/\/api.w.org\/{rel}","templated":true}]}}