{"id":34414,"date":"2026-01-09T09:35:49","date_gmt":"2026-01-09T08:35:49","guid":{"rendered":"https:\/\/b2b.p2rbike.com\/?post_type=product&#038;p=34414"},"modified":"2026-01-09T09:36:52","modified_gmt":"2026-01-09T08:36:52","slug":"p2r-cityman-40-rtc-3sb-red-wine-copy","status":"publish","type":"product","link":"https:\/\/b2b.p2rbike.com\/hu\/termek\/p2r-cityman-40-rtc-3sb-red-wine-copy\/","title":{"rendered":"P2R CITYMAN 40 RTC, 3SB magenta pink"},"content":{"rendered":"<p>K\u00f6nny\u0171 s\u00faly (280 g\/p\u00e1r), optimaliz\u00e1lt platformm\u00e9rettel, eleg\u00e1ns, pol\u00edrozott diz\u00e1jnnal, kiv\u00e1l\u00f3 funkci\u00f3kkal. Ez az \u00faj <strong>P2R CITYMAN 40<\/strong>-\u00fcnk.<br \/>\nA k\u00fcldet\u00e9s\u00fcnk egy olyan ped\u00e1l l\u00e9trehoz\u00e1sa volt, amely kifejezetten az irod\u00e1ba j\u00e1r\u00e1st ker\u00e9kp\u00e1rral haszn\u00e1l\u00f3k sz\u00e1m\u00e1ra k\u00e9sz\u00fclt, akik kifejezetten ker\u00e9kp\u00e1rosoknak fenntartott ker\u00e9kp\u00e1rutakat kedvelnek, \u00e9s akiknek kisebb a l\u00e1bm\u00e9ret\u00fck, a hagyom\u00e1nyos platformped\u00e1lok pedig egyszer\u0171en t\u00fal nagyok, a ped\u00e1lk\u00edn\u00e1lat pedig nagyon korl\u00e1tozott.<br \/>\nCsak a legsz\u00fcks\u00e9gesebb anyagokat hagytuk meg, minden grammot lecs\u00f6kkentett\u00fcnk eleg\u00e1ns sugarakkal \u00e9s let\u00f6rt r\u00e9szletekkel minden csap, sarok \u00e9s oldals\u00f3 r\u00e9sz k\u00f6r\u00fcl, ahol f\u00e9nyvisszaver\u0151t adtunk hozz\u00e1 a jobb l\u00e1that\u00f3s\u00e1g \u00e9s a passz\u00edv biztons\u00e1g \u00e9rdek\u00e9ben.<br \/>\nA nagy <strong>92mm x 90 mm<\/strong> -es tapos\u00f3fel\u00fcletnek, \u00e9s az oldalank\u00e9nti <strong>6 <\/strong>(4mm magas) t\u00fcsk\u00e9nek k\u00f6sz\u00f6nhet\u0151en a CITYMAN 40 igazi tapad\u00e1st biztos\u00edt.<br \/>\nA <strong>CNC megmunk\u00e1l\u00e1ssal Cr-Mo<\/strong> ac\u00e9lb\u00f3l k\u00e9sz\u00fclt tengely \u00e9s a <strong>3 db<\/strong> magas min\u0151s\u00e9g\u0171 <strong>ipari-csap\u00e1gy<\/strong> biztos\u00edtja a hibamentes m\u0171k\u00f6d\u00e9st, a finom mozg\u00e1st \u00e9s a hossz\u00fa \u00e9lettartamot. Igazi \u201elocked-in\u201d \u00e9rzet\u0171 ped\u00e1l.<\/p>\n<p><strong><br \/>\nTulajdons\u00e1gok:<\/strong><\/p>\n<ul>\n<li>Szinte minden kateg\u00f3ri\u00e1nak megfelel\u0151 design <strong>Trekking\/Cross\/City<\/strong><\/li>\n<li>Tengely: Chromium-Molybdenum (<strong>Cr-Mo<\/strong>), <strong>CNC<\/strong> \u2013 eszterg\u00e1l\u00e1ssal k\u00e9sz\u00fclt<\/li>\n<li><strong>3x<\/strong> ipari-csap\u00e1gy a hibamentes m\u0171k\u00f6d\u00e9s\u00e9rt, a finom mozg\u00e1s\u00e9rt \u00e9s a hossz\u00fa \u00e9lettartam\u00e9rt<\/li>\n<li>Magass\u00e1g: <strong>18 mm<\/strong><\/li>\n<li>M\u00e9ret: <strong>92 x 90mm<\/strong><\/li>\n<li>T\u00f6meg: <strong>280g \/ p\u00e1r<\/strong><\/li>\n<\/ul>\n<p>&nbsp;<\/p>\n<p><strong>R\u00e9szletek:<\/strong><\/p>\n<ul>\n<li>Szimetrikus ped\u00e1l design a stabilit\u00e1s\u00e9rt<\/li>\n<li>6r\u00f6gz\u00edt\u0151t\u00fcske oldalank\u00e9nt<\/li>\n<li>R\u00e9szletes lekerek\u00edt\u00e9sek<\/li>\n<li>Extra t\u00fcske k\u00e9szlet<\/li>\n<li>Magasf\u00e9ny\u0171 fel\u00fclet m\u00e9ly sz\u00ednvil\u00e1ggal<\/li>\n<li>L\u00e9zeres grafika<\/li>\n<\/ul>\n<p>&nbsp;<\/p>\n<p><strong>Sz\u00ednvari\u00e1ci\u00f3k:<\/strong><\/p>\n<ul>\n<li>Fekete<\/li>\n<li>R\u00e9zv\u00f6r\u00f6s<\/li>\n<li>Piros<\/li>\n<li>S\u00f6t\u00e9tk\u00e9k<\/li>\n<li>Vil\u00e1gosk\u00e9k<\/li>\n<li>Arany<\/li>\n<li>Lila<\/li>\n<li>Narancs<\/li>\n<li>Tit\u00e1niumsz\u00fcrke<\/li>\n<li>Limez\u00f6ld<\/li>\n<li>Magenta<\/li>\n<\/ul>\n<p>&nbsp;<\/p>\n<p><strong>Csomagol\u00e1s<\/strong>: P2R dobozban<\/p>\n","protected":false},"excerpt":{"rendered":"<p>K\u00f6nny\u0171 s\u00faly (280 g\/p\u00e1r), optimaliz\u00e1lt platformm\u00e9rettel, eleg\u00e1ns, pol\u00edrozott diz\u00e1jnnal, kiv\u00e1l\u00f3 funkci\u00f3kkal. Ez az \u00faj P2R CITYMAN 40-\u00fcnk. A k\u00fcldet\u00e9s\u00fcnk egy<\/p>\n","protected":false},"featured_media":35001,"template":"","meta":{"_acf_changed":false},"product_brand":[],"product_cat":[1388,995,996],"product_tag":[],"class_list":{"0":"post-34414","1":"product","2":"type-product","3":"status-publish","4":"has-post-thumbnail","6":"product_cat-pedals_city-hu","7":"product_cat-pedalok","8":"product_cat-varos_turazas","10":"first","11":"instock","12":"taxable","13":"shipping-taxable","14":"purchasable","15":"product-type-simple"},"bundled_by":[],"bundle_stock_status":"instock","bundle_stock_quantity":62,"bundle_virtual":false,"bundle_layout":"","bundle_add_to_cart_form_location":"","bundle_editable_in_cart":false,"bundle_sold_individually_context":"","bundle_item_grouping":"","bundle_min_size":"","bundle_max_size":"","bundle_price":[],"bundled_items":[],"bundle_sell_ids":[],"acf":[],"_links":{"self":[{"href":"https:\/\/b2b.p2rbike.com\/hu\/wp-json\/wp\/v2\/product\/34414","targetHints":{"allow":["GET"]}}],"collection":[{"href":"https:\/\/b2b.p2rbike.com\/hu\/wp-json\/wp\/v2\/product"}],"about":[{"href":"https:\/\/b2b.p2rbike.com\/hu\/wp-json\/wp\/v2\/types\/product"}],"wp:featuredmedia":[{"embeddable":true,"href":"https:\/\/b2b.p2rbike.com\/hu\/wp-json\/wp\/v2\/media\/35001"}],"wp:attachment":[{"href":"https:\/\/b2b.p2rbike.com\/hu\/wp-json\/wp\/v2\/media?parent=34414"}],"wp:term":[{"taxonomy":"product_brand","embeddable":true,"href":"https:\/\/b2b.p2rbike.com\/hu\/wp-json\/wp\/v2\/product_brand?post=34414"},{"taxonomy":"product_cat","embeddable":true,"href":"https:\/\/b2b.p2rbike.com\/hu\/wp-json\/wp\/v2\/product_cat?post=34414"},{"taxonomy":"product_tag","embeddable":true,"href":"https:\/\/b2b.p2rbike.com\/hu\/wp-json\/wp\/v2\/product_tag?post=34414"}],"curies":[{"name":"wp","href":"https:\/\/api.w.org\/{rel}","templated":true}]}}