{"id":29736,"date":"2024-04-24T15:18:12","date_gmt":"2024-04-24T13:18:12","guid":{"rendered":"https:\/\/b2b.p2rbike.com\/?post_type=product&#038;p=29736"},"modified":"2024-04-26T09:07:44","modified_gmt":"2024-04-26T07:07:44","slug":"p2r-ringo-purple-have-a-nice-day","status":"publish","type":"product","link":"https:\/\/b2b.p2rbike.com\/pl\/produkt\/p2r-ringo-purple-have-a-nice-day\/","title":{"rendered":"P2R RINGO purple Have a nice day"},"content":{"rendered":"<p><strong>DZWONEK ROWEROWY<\/p>\n<p><\/strong><\/p>\n<p>G\u00f3ra i podstawa ze stali<br \/>\nZe \u015brubami metrycznymi<br \/>\n\u0141atwy w instalacji<\/p>\n<p><strong>DETALE<\/strong><\/p>\n<p>Rozmiar g\u00f3rny: <strong>55 mm<\/p>\n<p><\/strong><\/p>\n<p><strong>OPCJE KOLOR\u00d3W<\/strong><\/p>\n<ul>\n<li>niebieski dinozaur<\/li>\n<li>bia\u0142y ma\u0142y mi\u015b<\/li>\n<li>bia\u0142a panda<\/li>\n<li>fioletowy Mi\u0142ego dnia<\/li>\n<li>r\u00f3\u017cowa dziewczynka z kr\u00f3liczkiem<\/li>\n<li>bia\u0142y kompas<\/li>\n<\/ul>\n<p><strong><br \/>\nOPAKOWANIE<\/strong>: torebka foliowa z naklejk\u0105<\/p>\n","protected":false},"excerpt":{"rendered":"<p>DZWONEK ROWEROWY G\u00f3ra i podstawa ze stali Ze \u015brubami metrycznymi \u0141atwy w instalacji DETALE Rozmiar g\u00f3rny: 55 mm OPCJE KOLOR\u00d3W<\/p>\n","protected":false},"featured_media":29670,"template":"","meta":{"_acf_changed":false},"product_brand":[],"product_cat":[1210,1228],"product_tag":[],"class_list":{"0":"post-29736","1":"product","2":"type-product","3":"status-publish","4":"has-post-thumbnail","6":"product_cat-dzwonki","7":"product_cat-55mm-oem-pl","9":"first","10":"instock","11":"taxable","12":"shipping-taxable","13":"purchasable","14":"product-type-simple"},"bundled_by":[],"bundle_stock_status":"instock","bundle_stock_quantity":170,"bundle_virtual":false,"bundle_layout":"","bundle_add_to_cart_form_location":"","bundle_editable_in_cart":false,"bundle_sold_individually_context":"","bundle_item_grouping":"","bundle_min_size":"","bundle_max_size":"","bundle_price":[],"bundled_items":[],"bundle_sell_ids":[],"acf":[],"_links":{"self":[{"href":"https:\/\/b2b.p2rbike.com\/pl\/wp-json\/wp\/v2\/product\/29736","targetHints":{"allow":["GET"]}}],"collection":[{"href":"https:\/\/b2b.p2rbike.com\/pl\/wp-json\/wp\/v2\/product"}],"about":[{"href":"https:\/\/b2b.p2rbike.com\/pl\/wp-json\/wp\/v2\/types\/product"}],"wp:featuredmedia":[{"embeddable":true,"href":"https:\/\/b2b.p2rbike.com\/pl\/wp-json\/wp\/v2\/media\/29670"}],"wp:attachment":[{"href":"https:\/\/b2b.p2rbike.com\/pl\/wp-json\/wp\/v2\/media?parent=29736"}],"wp:term":[{"taxonomy":"product_brand","embeddable":true,"href":"https:\/\/b2b.p2rbike.com\/pl\/wp-json\/wp\/v2\/product_brand?post=29736"},{"taxonomy":"product_cat","embeddable":true,"href":"https:\/\/b2b.p2rbike.com\/pl\/wp-json\/wp\/v2\/product_cat?post=29736"},{"taxonomy":"product_tag","embeddable":true,"href":"https:\/\/b2b.p2rbike.com\/pl\/wp-json\/wp\/v2\/product_tag?post=29736"}],"curies":[{"name":"wp","href":"https:\/\/api.w.org\/{rel}","templated":true}]}}