{"id":29746,"date":"2024-04-24T13:18:54","date_gmt":"2024-04-24T11:18:54","guid":{"rendered":"https:\/\/b2b.p2rbike.com\/?post_type=product&#038;p=29746"},"modified":"2024-04-26T09:29:16","modified_gmt":"2024-04-26T07:29:16","slug":"p2r-ringo-white-little-bear","status":"publish","type":"product","link":"https:\/\/b2b.p2rbike.com\/pl\/produkt\/p2r-ringo-white-little-bear\/","title":{"rendered":"P2R RINGO white little bear"},"content":{"rendered":"<p><strong>DZWONEK ROWEROWY<\/strong><\/p>\n<p>&nbsp;<\/p>\n<p>G\u00f3ra i podstawa ze stali<br \/>\nZe \u015brubami metrycznymi<br \/>\n\u0141atwy w instalacji<\/p>\n<p><strong><br \/>\nDETALE<\/strong><\/p>\n<p>Rozmiar g\u00f3rny: <strong>55 mm<\/strong><\/p>\n<p><strong><br \/>\nOPCJE KOLOR\u00d3W<\/strong><\/p>\n<ul>\n<li>niebieski dinozaur<\/li>\n<li>bia\u0142y ma\u0142y mi\u015b<\/li>\n<li>bia\u0142a panda<\/li>\n<li>fioletowy Mi\u0142ego dnia<\/li>\n<li>r\u00f3\u017cowa dziewczynka z kr\u00f3liczkiem<\/li>\n<li>bia\u0142y kompas<\/li>\n<\/ul>\n<p><strong><br \/>\nOPAKOWANIE<\/strong>: torebka foliowa z naklejk\u0105<\/p>\n","protected":false},"excerpt":{"rendered":"<p>DZWONEK ROWEROWY &nbsp; G\u00f3ra i podstawa ze stali Ze \u015brubami metrycznymi \u0141atwy w instalacji DETALE Rozmiar g\u00f3rny: 55 mm OPCJE<\/p>\n","protected":false},"featured_media":29652,"template":"","meta":{"_acf_changed":false},"product_brand":[],"product_cat":[1210,1228],"product_tag":[],"class_list":{"0":"post-29746","1":"product","2":"type-product","3":"status-publish","4":"has-post-thumbnail","6":"product_cat-dzwonki","7":"product_cat-55mm-oem-pl","9":"first","10":"instock","11":"taxable","12":"shipping-taxable","13":"purchasable","14":"product-type-simple"},"bundled_by":[],"bundle_stock_status":"instock","bundle_stock_quantity":306,"bundle_virtual":false,"bundle_layout":"","bundle_add_to_cart_form_location":"","bundle_editable_in_cart":false,"bundle_sold_individually_context":"","bundle_item_grouping":"","bundle_min_size":"","bundle_max_size":"","bundle_price":[],"bundled_items":[],"bundle_sell_ids":[],"acf":[],"_links":{"self":[{"href":"https:\/\/b2b.p2rbike.com\/pl\/wp-json\/wp\/v2\/product\/29746","targetHints":{"allow":["GET"]}}],"collection":[{"href":"https:\/\/b2b.p2rbike.com\/pl\/wp-json\/wp\/v2\/product"}],"about":[{"href":"https:\/\/b2b.p2rbike.com\/pl\/wp-json\/wp\/v2\/types\/product"}],"wp:featuredmedia":[{"embeddable":true,"href":"https:\/\/b2b.p2rbike.com\/pl\/wp-json\/wp\/v2\/media\/29652"}],"wp:attachment":[{"href":"https:\/\/b2b.p2rbike.com\/pl\/wp-json\/wp\/v2\/media?parent=29746"}],"wp:term":[{"taxonomy":"product_brand","embeddable":true,"href":"https:\/\/b2b.p2rbike.com\/pl\/wp-json\/wp\/v2\/product_brand?post=29746"},{"taxonomy":"product_cat","embeddable":true,"href":"https:\/\/b2b.p2rbike.com\/pl\/wp-json\/wp\/v2\/product_cat?post=29746"},{"taxonomy":"product_tag","embeddable":true,"href":"https:\/\/b2b.p2rbike.com\/pl\/wp-json\/wp\/v2\/product_tag?post=29746"}],"curies":[{"name":"wp","href":"https:\/\/api.w.org\/{rel}","templated":true}]}}