{"id":29756,"date":"2024-04-24T11:29:07","date_gmt":"2024-04-24T09:29:07","guid":{"rendered":"https:\/\/b2b.p2rbike.com\/?post_type=product&#038;p=29756"},"modified":"2024-04-26T09:54:33","modified_gmt":"2024-04-26T07:54:33","slug":"p2r-ringo-white-smile","status":"publish","type":"product","link":"https:\/\/b2b.p2rbike.com\/pl\/produkt\/p2r-ringo-white-smile\/","title":{"rendered":"P2R RINGO white smile"},"content":{"rendered":"<p><strong>DZWONEK ROWEROWY<\/strong><\/p>\n<p>&nbsp;<\/p>\n<p>G\u00f3rna i dolna podstawa wykonana ze stopu aluminium (kolor czarny)<br \/>\nStalowy blat i podstawa (inne opcje kolorystyczne do czarnego)<br \/>\nSzybki i prosty monta\u017c za pomoc\u0105 \u015bruby<\/p>\n<p><strong><br \/>\nDETALE<\/strong>:<\/p>\n<p>\u015arednica g\u00f3rnej cz\u0119\u015bci: <strong>35mm<\/strong><\/p>\n<p><strong><br \/>\nOPCJE KOLOR\u00d3W:<\/strong><\/p>\n<ul>\n<li>niebieskie niebo<\/li>\n<li>pomara\u0144czowy<\/li>\n<li>r\u00f3\u017cowa r\u00f3\u017ca<\/li>\n<li>ciemny fiolet<\/li>\n<li>limonkowy<\/li>\n<li>czerwone wino<\/li>\n<li>s\u0142oneczny \u017c\u00f3\u0142ty<\/li>\n<li>r\u00f3\u017cowa baletnica<\/li>\n<li>r\u00f3\u017cowy lizak<\/li>\n<li>niebieski samoch\u00f3d<\/li>\n<li>fioletowy motyl<\/li>\n<li>bia\u0142y u\u015bmiech<\/li>\n<li>niebieski poci\u0105g<\/li>\n<li>r\u00f3\u017cowa syrenka<\/li>\n<li>fioletowy flaming<\/li>\n<li>r\u00f3\u017cowe ciasta<\/li>\n<li>bia\u0142y rower<\/li>\n<li>fioletowy flaming<\/li>\n<li>niebieski melon wodny<\/li>\n<li>bia\u0142y diament<\/li>\n<\/ul>\n<p><strong><br \/>\nOPAKOWANIE<\/strong>: torebka foliowa z naklejk\u0105<\/p>\n","protected":false},"excerpt":{"rendered":"<p>DZWONEK ROWEROWY &nbsp; G\u00f3rna i dolna podstawa wykonana ze stopu aluminium (kolor czarny) Stalowy blat i podstawa (inne opcje kolorystyczne<\/p>\n","protected":false},"featured_media":29575,"template":"","meta":{"_acf_changed":false},"product_brand":[],"product_cat":[1210,1222],"product_tag":[],"class_list":{"0":"post-29756","1":"product","2":"type-product","3":"status-publish","4":"has-post-thumbnail","6":"product_cat-dzwonki","7":"product_cat-35mm-oem-pl","9":"first","10":"instock","11":"taxable","12":"shipping-taxable","13":"purchasable","14":"product-type-simple"},"bundled_by":[],"bundle_stock_status":"instock","bundle_stock_quantity":682,"bundle_virtual":false,"bundle_layout":"","bundle_add_to_cart_form_location":"","bundle_editable_in_cart":false,"bundle_sold_individually_context":"","bundle_item_grouping":"","bundle_min_size":"","bundle_max_size":"","bundle_price":[],"bundled_items":[],"bundle_sell_ids":[],"acf":[],"_links":{"self":[{"href":"https:\/\/b2b.p2rbike.com\/pl\/wp-json\/wp\/v2\/product\/29756","targetHints":{"allow":["GET"]}}],"collection":[{"href":"https:\/\/b2b.p2rbike.com\/pl\/wp-json\/wp\/v2\/product"}],"about":[{"href":"https:\/\/b2b.p2rbike.com\/pl\/wp-json\/wp\/v2\/types\/product"}],"wp:featuredmedia":[{"embeddable":true,"href":"https:\/\/b2b.p2rbike.com\/pl\/wp-json\/wp\/v2\/media\/29575"}],"wp:attachment":[{"href":"https:\/\/b2b.p2rbike.com\/pl\/wp-json\/wp\/v2\/media?parent=29756"}],"wp:term":[{"taxonomy":"product_brand","embeddable":true,"href":"https:\/\/b2b.p2rbike.com\/pl\/wp-json\/wp\/v2\/product_brand?post=29756"},{"taxonomy":"product_cat","embeddable":true,"href":"https:\/\/b2b.p2rbike.com\/pl\/wp-json\/wp\/v2\/product_cat?post=29756"},{"taxonomy":"product_tag","embeddable":true,"href":"https:\/\/b2b.p2rbike.com\/pl\/wp-json\/wp\/v2\/product_tag?post=29756"}],"curies":[{"name":"wp","href":"https:\/\/api.w.org\/{rel}","templated":true}]}}