{"id":29787,"date":"2024-04-18T22:32:35","date_gmt":"2024-04-18T20:32:35","guid":{"rendered":"https:\/\/b2b.p2rbike.com\/?post_type=product&#038;p=29787"},"modified":"2025-11-02T14:36:41","modified_gmt":"2025-11-02T13:36:41","slug":"p2r-shockman-str-130-gold","status":"publish","type":"product","link":"https:\/\/b2b.p2rbike.com\/pl\/produkt\/p2r-shockman-str-130-gold\/","title":{"rendered":"P2R SHOCKMAN STR 130, gold"},"content":{"rendered":"<ul>\n<li>Wykonane z materia\u0142u <strong>TPR<\/strong> (kauczuk termoplastyczny).<\/li>\n<li>Struktura wzoru rombu zapewnia doskona\u0142y chwyt<\/li>\n<li>D\u0142ugo\u015b\u0107 <strong>130mm<\/strong><\/li>\n<li>Pasuje do wszystkich standdardowych kierownic <strong>\u00d8 22 mm<\/strong><\/li>\n<li>System Lock-on: gwarantuj\u0105 solidne mocowanie chwytu do kierownicy i zapobiega jego obracaniu si\u0119<\/li>\n<li>Podw\u00f3jne pier\u015bcienie LockON gwarantuja solidne mocowanie chwytu<\/li>\n<li>Nadaje si\u0119 do rower\u00f3w: <strong>CITY\/MTB\/CROSS\/TREKKING\/BMX\/JUNIOR<\/strong><\/li>\n<\/ul>\n<p><strong>\u00a0<\/strong><\/p>\n<p><strong>ALTERNATYWY KOLOROWE:<\/strong><\/p>\n<ul>\n<li>Czarno &#8211; fioletowy<\/li>\n<li>Czarno &#8211; pomara\u0144czowy<\/li>\n<li>Czarny &#8211; limonkowy<\/li>\n<li>Czarne &#8211; z\u0142oto<\/li>\n<li>Czarny &#8211; jasnoniebieski<\/li>\n<li>Czarny &#8211; czerwony<\/li>\n<li>Czarny &#8211; tytanowy szary<\/li>\n<li>Czarny &#8211; czarny<\/li>\n<li>Czarny &#8211; granatowy<\/li>\n<\/ul>\n","protected":false},"excerpt":{"rendered":"<p>Wykonane z materia\u0142u TPR (kauczuk termoplastyczny). Struktura wzoru rombu zapewnia doskona\u0142y chwyt D\u0142ugo\u015b\u0107 130mm Pasuje do wszystkich standdardowych kierownic \u00d8<\/p>\n","protected":false},"featured_media":29223,"template":"","meta":{"_acf_changed":false},"product_brand":[],"product_cat":[1089,1203,1338],"product_tag":[],"class_list":{"0":"post-29787","1":"product","2":"type-product","3":"status-publish","4":"has-post-thumbnail","6":"product_cat-chwyty-kierownicy","7":"product_cat-mtb-pl-2","8":"product_cat-str_grips-pl","10":"first","11":"instock","12":"taxable","13":"shipping-taxable","14":"purchasable","15":"product-type-simple"},"bundled_by":[],"bundle_stock_status":"instock","bundle_stock_quantity":492,"bundle_virtual":false,"bundle_layout":"","bundle_add_to_cart_form_location":"","bundle_editable_in_cart":false,"bundle_sold_individually_context":"","bundle_item_grouping":"","bundle_min_size":"","bundle_max_size":"","bundle_price":[],"bundled_items":[],"bundle_sell_ids":[],"acf":[],"_links":{"self":[{"href":"https:\/\/b2b.p2rbike.com\/pl\/wp-json\/wp\/v2\/product\/29787","targetHints":{"allow":["GET"]}}],"collection":[{"href":"https:\/\/b2b.p2rbike.com\/pl\/wp-json\/wp\/v2\/product"}],"about":[{"href":"https:\/\/b2b.p2rbike.com\/pl\/wp-json\/wp\/v2\/types\/product"}],"wp:featuredmedia":[{"embeddable":true,"href":"https:\/\/b2b.p2rbike.com\/pl\/wp-json\/wp\/v2\/media\/29223"}],"wp:attachment":[{"href":"https:\/\/b2b.p2rbike.com\/pl\/wp-json\/wp\/v2\/media?parent=29787"}],"wp:term":[{"taxonomy":"product_brand","embeddable":true,"href":"https:\/\/b2b.p2rbike.com\/pl\/wp-json\/wp\/v2\/product_brand?post=29787"},{"taxonomy":"product_cat","embeddable":true,"href":"https:\/\/b2b.p2rbike.com\/pl\/wp-json\/wp\/v2\/product_cat?post=29787"},{"taxonomy":"product_tag","embeddable":true,"href":"https:\/\/b2b.p2rbike.com\/pl\/wp-json\/wp\/v2\/product_tag?post=29787"}],"curies":[{"name":"wp","href":"https:\/\/api.w.org\/{rel}","templated":true}]}}