{"id":29822,"date":"2024-04-17T11:10:37","date_gmt":"2024-04-17T09:10:37","guid":{"rendered":"https:\/\/b2b.p2rbike.com\/?post_type=product&#038;p=29822"},"modified":"2025-11-02T14:36:53","modified_gmt":"2025-11-02T13:36:53","slug":"p2r-flatman-70spd-3sb-navy-blue","status":"publish","type":"product","link":"https:\/\/b2b.p2rbike.com\/pl\/produkt\/p2r-flatman-70spd-3sb-navy-blue\/","title":{"rendered":"P2R FLATMAN 70SPD, 3SB navy blue"},"content":{"rendered":"<p><strong>P2R FLATMAN 70SPD, 3SB<\/strong> jest wykonany ze stopu aluminium w technologii obr\u00f3bki <strong>CNC<\/strong> i zapewnia bardzo nisk\u0105 wag\u0119 (400 g) przy najwy\u017cszej precyzji szczeg\u00f3\u0142\u00f3w<br \/>\n<strong>2 w 1<\/strong>&#8230; \u0142\u0105czy w sobie peda\u0142y platformowe <strong>MTB<\/strong> i peda\u0142y <strong>SPD<\/strong> (zestaw blok\u00f3w kompatybilny z Shimano w zestawie)<br \/>\nDzi\u0119ki wymiarom korpusu (100*100 mm) i zoptymalizowanemu kszta\u0142towi FLATMAN 70SPD spe\u0142nia wszystkie specyficzne wymagania zar\u00f3wno kobiet, jak i m\u0119\u017cczyzn.<br \/>\n<strong>8<\/strong> wymiennych pin\u00f3w (wysoko\u015b\u0107 4,5 mm) umieszczonych wok\u00f3\u0142 obwodu peda\u0142u (po obu stronach) zapewnia doskona\u0142\u0105 przyczepno\u015b\u0107 stopy i stabilno\u015b\u0107 podczas szybkiej jazdy MTB, a tak\u017ce w ostrych zakr\u0119tach.<br \/>\n<strong>O\u015b peda\u0142u<\/strong> wykonana z materia\u0142u <strong>Cr-Mo<\/strong> (chrom-molibden) wykonanego technologi\u0105 obr\u00f3bki CNC oraz <strong>3x wysokiej jako\u015bci \u0142o\u017cyska przemys\u0142owe<\/strong> (Made in <strong>TW<\/strong>) zapewniaj\u0105 bezawaryjn\u0105 prac\u0119, p\u0142ynne peda\u0142owanie i d\u0142ug\u0105 \u017cywotno\u015b\u0107<\/p>\n<p>&nbsp;<\/p>\n<p><strong>CECHY:<\/strong><\/p>\n<p><strong>Materia\u0142<\/strong>: wykonany ze stopu <strong>aluminium<\/strong><br \/>\n<strong>8 wymiennych ko\u0142k\u00f3w<\/strong> antypo\u015blizgowych wok\u00f3\u0142 kraw\u0119dzi peda\u0142u (po obu stronach)<br \/>\n<strong>2 w 1<\/strong> \u2013 \u0142\u0105czy w sobie peda\u0142y MTB i SPD<br \/>\nKorpus o ergonomicznym kszta\u0142cie i zoptymalizowanym rozmiarze<br \/>\nPasuje do st\u00f3p m\u0119skich i \u017ce\u0144skich<br \/>\nPrzeznaczone do kategorii: <strong>MTB\/TREKKING\/CROSS\/CITY<\/strong><br \/>\n<strong>O\u015b:<\/strong> Chromowo-Molibdenowa (<strong>Cr-Mo<\/strong>) wykonana w technologii CNC<br \/>\n<strong>3x \u0142o\u017cyska przemys\u0142owe<\/strong> zapewniaj\u0105 p\u0142ynn\u0105, bezawaryjn\u0105 prac\u0119, p\u0142ynne peda\u0142owanie i d\u0142ug\u0105 \u017cywotno\u015b\u0107<br \/>\nRozmiar: <strong>100 mm x 100 mm<\/strong><br \/>\nWaga: <strong>400 g\/para<\/strong><\/p>\n<p>&nbsp;<\/p>\n<p><strong>OPCJE KOLOR\u00d3W:<\/strong><\/p>\n<ul>\n<li>Czarny<\/li>\n<li>Czerwony<\/li>\n<li>Ciemnoniebieski<\/li>\n<li>Jasny niebieski<\/li>\n<li>Z\u0142oto<\/li>\n<li>Fioletowy<\/li>\n<li>Pomara\u0144czowy<\/li>\n<li>Tytanowy szary<\/li>\n<li>Limonkowy<\/li>\n<li>Miedziany br\u0105z (br\u0105z) Magenta r\u00f3\u017cowy<\/li>\n<li>Magenta r\u00f3\u017cowy<\/li>\n<\/ul>\n<p>&nbsp;<\/p>\n<p><strong>OPAKOWANIE<\/strong>: w kolorowym pude\u0142ku P2R<\/p>\n","protected":false},"excerpt":{"rendered":"<p>P2R FLATMAN 70SPD, 3SB jest wykonany ze stopu aluminium w technologii obr\u00f3bki CNC i zapewnia bardzo nisk\u0105 wag\u0119 (400 g)<\/p>\n","protected":false},"featured_media":28951,"template":"","meta":{"_acf_changed":false},"product_brand":[],"product_cat":[1111,1112,1293],"product_tag":[],"class_list":{"0":"post-29822","1":"product","2":"type-product","3":"status-publish","4":"has-post-thumbnail","6":"product_cat-pedaly","7":"product_cat-mtb-pl","8":"product_cat-flatman_70_spd-pl","10":"first","11":"instock","12":"taxable","13":"shipping-taxable","14":"purchasable","15":"product-type-simple"},"bundled_by":[],"bundle_stock_status":"instock","bundle_stock_quantity":58,"bundle_virtual":false,"bundle_layout":"","bundle_add_to_cart_form_location":"","bundle_editable_in_cart":false,"bundle_sold_individually_context":"","bundle_item_grouping":"","bundle_min_size":"","bundle_max_size":"","bundle_price":[],"bundled_items":[],"bundle_sell_ids":[],"acf":[],"_links":{"self":[{"href":"https:\/\/b2b.p2rbike.com\/pl\/wp-json\/wp\/v2\/product\/29822","targetHints":{"allow":["GET"]}}],"collection":[{"href":"https:\/\/b2b.p2rbike.com\/pl\/wp-json\/wp\/v2\/product"}],"about":[{"href":"https:\/\/b2b.p2rbike.com\/pl\/wp-json\/wp\/v2\/types\/product"}],"wp:featuredmedia":[{"embeddable":true,"href":"https:\/\/b2b.p2rbike.com\/pl\/wp-json\/wp\/v2\/media\/28951"}],"wp:attachment":[{"href":"https:\/\/b2b.p2rbike.com\/pl\/wp-json\/wp\/v2\/media?parent=29822"}],"wp:term":[{"taxonomy":"product_brand","embeddable":true,"href":"https:\/\/b2b.p2rbike.com\/pl\/wp-json\/wp\/v2\/product_brand?post=29822"},{"taxonomy":"product_cat","embeddable":true,"href":"https:\/\/b2b.p2rbike.com\/pl\/wp-json\/wp\/v2\/product_cat?post=29822"},{"taxonomy":"product_tag","embeddable":true,"href":"https:\/\/b2b.p2rbike.com\/pl\/wp-json\/wp\/v2\/product_tag?post=29822"}],"curies":[{"name":"wp","href":"https:\/\/api.w.org\/{rel}","templated":true}]}}