{"id":30306,"date":"2024-10-07T11:08:59","date_gmt":"2024-10-07T09:08:59","guid":{"rendered":"https:\/\/b2b.p2rbike.com\/?post_type=product&#038;p=30306"},"modified":"2025-04-03T14:02:28","modified_gmt":"2025-04-03T12:02:28","slug":"zawor-do-opon-bezdetkowych-p2r-fr-11c-al-46-mm-czerwony-oem-copy","status":"publish","type":"product","link":"https:\/\/b2b.p2rbike.com\/pl\/produkt\/zawor-do-opon-bezdetkowych-p2r-fr-11c-al-46-mm-czerwony-oem-copy\/","title":{"rendered":"Zaw\u00f3r do opon bezd\u0119tkowych P2R FR-11C, AL, 60 mm, czerwony (OEM)"},"content":{"rendered":"<ul>\n<li>Zawory bezd\u0119tkowe FR-11C (FV) s\u0105 wykonane z lekkiego stopu aluminium<\/li>\n<li>Zestaw zawiera <strong>2 szt.<\/strong><\/li>\n<li>D\u0142ugo\u015b\u0107 <strong>60 mm<\/strong><\/li>\n<li>Sze\u015bciok\u0105tny dolny otw\u00f3r (\u0142atwy do zainstalowania za pomoc\u0105 sze\u015bciok\u0105tnego klucza)<\/li>\n<li>Trzon zaworu z gumow\u0105 uszczelk\u0105 zapobiega wyciekaniu preparatu uszczelniaj\u0105cego i utracie ci\u015bnienia w oponach<\/li>\n<li>Wyposa\u017cona w gumow\u0105 uszczelk\u0119 nakr\u0119tka zaworu zapewnia pewne mocowanie zaworu i zapobiega wyciekaniu preparatu uszczelniaj\u0105cego i utracie ci\u015bnienia w oponach<\/li>\n<li>1 szt. zaworu zawiera nasadk\u0119 z kluczykiem do rozkr\u0119cania zaworu w celu \u0142atwego nape\u0142niania opony preparatem uszczeniaj\u0105cym<\/li>\n<li>Kompatybilny z wi\u0119kszo\u015bci\u0105 popularnych obr\u0119czy i opasek do opon<\/li>\n<\/ul>\n","protected":false},"excerpt":{"rendered":"<p>Zawory bezd\u0119tkowe FR-11C (FV) s\u0105 wykonane z lekkiego stopu aluminium Zestaw zawiera 2 szt. D\u0142ugo\u015b\u0107 60 mm Sze\u015bciok\u0105tny dolny otw\u00f3r<\/p>\n","protected":false},"featured_media":31035,"template":"","meta":{"_acf_changed":false},"product_brand":[],"product_cat":[699,1242],"product_tag":[],"class_list":{"0":"post-30306","1":"product","2":"type-product","3":"status-publish","4":"has-post-thumbnail","6":"product_cat-zawory-bezdetkowe","7":"product_cat-60-mm-pl","9":"first","10":"instock","11":"taxable","12":"shipping-taxable","13":"purchasable","14":"product-type-simple"},"bundled_by":[],"bundle_stock_status":"instock","bundle_stock_quantity":37,"bundle_virtual":false,"bundle_layout":"","bundle_add_to_cart_form_location":"","bundle_editable_in_cart":false,"bundle_sold_individually_context":"","bundle_item_grouping":"","bundle_min_size":"","bundle_max_size":"","bundle_price":[],"bundled_items":[],"bundle_sell_ids":[],"acf":[],"_links":{"self":[{"href":"https:\/\/b2b.p2rbike.com\/pl\/wp-json\/wp\/v2\/product\/30306","targetHints":{"allow":["GET"]}}],"collection":[{"href":"https:\/\/b2b.p2rbike.com\/pl\/wp-json\/wp\/v2\/product"}],"about":[{"href":"https:\/\/b2b.p2rbike.com\/pl\/wp-json\/wp\/v2\/types\/product"}],"wp:featuredmedia":[{"embeddable":true,"href":"https:\/\/b2b.p2rbike.com\/pl\/wp-json\/wp\/v2\/media\/31035"}],"wp:attachment":[{"href":"https:\/\/b2b.p2rbike.com\/pl\/wp-json\/wp\/v2\/media?parent=30306"}],"wp:term":[{"taxonomy":"product_brand","embeddable":true,"href":"https:\/\/b2b.p2rbike.com\/pl\/wp-json\/wp\/v2\/product_brand?post=30306"},{"taxonomy":"product_cat","embeddable":true,"href":"https:\/\/b2b.p2rbike.com\/pl\/wp-json\/wp\/v2\/product_cat?post=30306"},{"taxonomy":"product_tag","embeddable":true,"href":"https:\/\/b2b.p2rbike.com\/pl\/wp-json\/wp\/v2\/product_tag?post=30306"}],"curies":[{"name":"wp","href":"https:\/\/api.w.org\/{rel}","templated":true}]}}