{"id":30883,"date":"2024-12-23T12:07:05","date_gmt":"2024-12-23T11:07:05","guid":{"rendered":"https:\/\/b2b.p2rbike.com\/?post_type=product&#038;p=30883"},"modified":"2025-01-23T10:01:38","modified_gmt":"2025-01-23T09:01:38","slug":"p2r-flatman-90-etd-3sb-copper-brown-copy-6","status":"publish","type":"product","link":"https:\/\/b2b.p2rbike.com\/pl\/produkt\/p2r-flatman-90-etd-3sb-copper-brown-copy-6\/","title":{"rendered":"P2R FLATMAN 90 ETD, 3SB gold"},"content":{"rendered":"<p>Peda\u0142y <strong>P2R FLATMAN 90 ETD<\/strong> s\u0105 nowym, bardzo eleganckim modelem, kt\u00f3ry ju\u017c na pierwszy rzut oka przyci\u0105ga uwag\u0119 rowerzysty. Perfekcyjnie dopracowany design, kt\u00f3ry jest <strong>bardziej elegancki<\/strong> ni\u017c inne modele w tej kategorii, a\u00a0peda\u0142y s\u0105 l\u017cejsze i mocniejsze.<br \/>\nKonstrukcja peda\u0142\u00f3w jest <strong>symetryczna<\/strong> i\u00a0wyr\u00f3\u017cnia si\u0119 pi\u0119knymi przej\u015bciami poszczeg\u00f3lnych linii projektowych. Dzi\u0119ki zwi\u0119kszonemu podparciu stopy, rowerzysta bardzo szybko odnajduje <strong>w\u0142a\u015bciw\u0105 dla niej pozycj\u0119<\/strong>, ma pewniejsze podparcie stopy i\u00a0wykorzystuje dzi\u0119ki temu pe\u0142en potencja\u0142, jaki nios\u0105 mu nasze peda\u0142y.<br \/>\nMo\u017cemy \u015bmia\u0142o powiedzie\u0107, \u017ce nasze nowe peda\u0142y s\u0105 dok\u0142adnie tym, czego do tej pory szuka\u0142e\u015b w kategorii dobrych peda\u0142\u00f3w platformowych. Wprowadzamy zupe\u0142nie now\u0105 lini\u0119 wzornictwa i jako\u015bci, w kt\u00f3rej spotykaj\u0105 si\u0119 <strong>maksymalna wytrzyma\u0142o\u015b\u0107<\/strong> i <strong>trwa\u0142o\u015b\u0107, wydajno\u015b\u0107 i stabilno\u015b\u0107, wygodny kszta\u0142t<\/strong> i <strong>najwy\u017csza technologia<\/strong>.<\/p>\n<p><strong><br \/>\nCECHY:<\/strong><\/p>\n<ul>\n<li>Nowy, ekskluzywny <strong>design z luksusowym wyko\u0144czeniem<\/strong> na wysoki po\u0142ysk<\/li>\n<li>Peda\u0142 z mocnym podparciem stopy, \u200b\u200b<strong>symetrycznym profilem<\/strong> zapewniaj\u0105cy lepsze trzymanie stopy i\u00a0jej stabilno\u015b\u0107<\/li>\n<li>Grubo\u015b\u0107 <strong>16 mm<\/strong> (mierzona na osi)<\/li>\n<li>Obr\u00f3bka precyzyjna <strong>CNC<\/strong> \u2013 perfekcyjnie wykonana obr\u00f3bka stopu aluminium 6061, w celu uzyskania optymalnej wytrzyma\u0142o\u015bci i\u00a0niskiej wagi<\/li>\n<li><strong>Zoptymalizowany kszta\u0142t<\/strong> by zmaksymalizowa\u0107 komfort u\u017cytkowania: ergonomiczna platforma zapewniaj\u0105ca wydajniejsze peda\u0142owanie i maksymalne przeniesienie mocy.<\/li>\n<li><strong>Doskona\u0142e trzymanie stopy<\/strong>: po\u0142\u0105czenie \u015brub i pin\u00f3w (<strong>8+4 szt<\/strong>.) po ka\u017cdej stronie peda\u0142u<\/li>\n<li>Trwa\u0142a konstrukcja: <strong>3x \u0142o\u017cyska przemys\u0142owe<\/strong><\/li>\n<\/ul>\n<p><strong><br \/>\nDANE TECHNICZNE:<\/strong><\/p>\n<ul>\n<li>Korpus peda\u0142u: <strong>114 x 107 mm<\/strong><\/li>\n<li>Waga: <strong>430 g<\/strong><\/li>\n<\/ul>\n<p><strong><br \/>\nDost\u0119pne kolory:<\/strong><\/p>\n<ul>\n<li>Czarny<\/li>\n<li>Miedziany br\u0105z (br\u0105z)<\/li>\n<li>Czerwony<\/li>\n<li>Granatowy<\/li>\n<li>Jasnoniebieski<\/li>\n<li>Z\u0142oty<\/li>\n<li>Fioletowy<\/li>\n<li>Pomara\u0144czowy<\/li>\n<li>Tytanowo-szary<\/li>\n<li>Limonkowy<\/li>\n<\/ul>\n<p><strong><br \/>\nOPAKOWANIE<\/strong>: zgodnie z\u00a0designem P2R<\/p>\n","protected":false},"excerpt":{"rendered":"<p>Peda\u0142y P2R FLATMAN 90 ETD s\u0105 nowym, bardzo eleganckim modelem, kt\u00f3ry ju\u017c na pierwszy rzut oka przyci\u0105ga uwag\u0119 rowerzysty. Perfekcyjnie<\/p>\n","protected":false},"featured_media":31171,"template":"","meta":{"_acf_changed":false},"product_brand":[],"product_cat":[1111,1267,1303],"product_tag":[],"class_list":{"0":"post-30883","1":"product","2":"type-product","3":"status-publish","4":"has-post-thumbnail","6":"product_cat-pedaly","7":"product_cat-enduro-pl","8":"product_cat-flatman_90_etd-pl","10":"first","11":"instock","12":"taxable","13":"shipping-taxable","14":"purchasable","15":"product-type-simple"},"bundled_by":[],"bundle_stock_status":"instock","bundle_stock_quantity":34,"bundle_virtual":false,"bundle_layout":"","bundle_add_to_cart_form_location":"","bundle_editable_in_cart":false,"bundle_sold_individually_context":"","bundle_item_grouping":"","bundle_min_size":"","bundle_max_size":"","bundle_price":[],"bundled_items":[],"bundle_sell_ids":[],"acf":[],"_links":{"self":[{"href":"https:\/\/b2b.p2rbike.com\/pl\/wp-json\/wp\/v2\/product\/30883","targetHints":{"allow":["GET"]}}],"collection":[{"href":"https:\/\/b2b.p2rbike.com\/pl\/wp-json\/wp\/v2\/product"}],"about":[{"href":"https:\/\/b2b.p2rbike.com\/pl\/wp-json\/wp\/v2\/types\/product"}],"wp:featuredmedia":[{"embeddable":true,"href":"https:\/\/b2b.p2rbike.com\/pl\/wp-json\/wp\/v2\/media\/31171"}],"wp:attachment":[{"href":"https:\/\/b2b.p2rbike.com\/pl\/wp-json\/wp\/v2\/media?parent=30883"}],"wp:term":[{"taxonomy":"product_brand","embeddable":true,"href":"https:\/\/b2b.p2rbike.com\/pl\/wp-json\/wp\/v2\/product_brand?post=30883"},{"taxonomy":"product_cat","embeddable":true,"href":"https:\/\/b2b.p2rbike.com\/pl\/wp-json\/wp\/v2\/product_cat?post=30883"},{"taxonomy":"product_tag","embeddable":true,"href":"https:\/\/b2b.p2rbike.com\/pl\/wp-json\/wp\/v2\/product_tag?post=30883"}],"curies":[{"name":"wp","href":"https:\/\/api.w.org\/{rel}","templated":true}]}}