{"id":32184,"date":"2025-03-11T13:46:24","date_gmt":"2025-03-11T12:46:24","guid":{"rendered":"https:\/\/b2b.p2rbike.com\/?post_type=product&#038;p=32184"},"modified":"2025-03-11T13:58:34","modified_gmt":"2025-03-11T12:58:34","slug":"p2r-flatman-90-etd-5-5-mm-screw-kit-16-pcs","status":"publish","type":"product","link":"https:\/\/b2b.p2rbike.com\/pl\/produkt\/p2r-flatman-90-etd-5-5-mm-screw-kit-16-pcs\/","title":{"rendered":"P2R FLATMAN 90 ETD, 5.5 mm screw kit (16 pcs)"},"content":{"rendered":"<ul>\n<li>zestaw zawiera 16 \u015brub, dzi\u0119ki kt\u00f3rym P2R FLATMAN 90 ETD b\u0119dzie stabilnie trzyma\u0142 si\u0119 st\u00f3p w ka\u017cdym momencie jazdy<\/li>\n<\/ul>\n","protected":false},"excerpt":{"rendered":"<p>zestaw zawiera 16 \u015brub, dzi\u0119ki kt\u00f3rym P2R FLATMAN 90 ETD b\u0119dzie stabilnie trzyma\u0142 si\u0119 st\u00f3p w ka\u017cdym momencie jazdy<\/p>\n","protected":false},"featured_media":32191,"template":"","meta":{"_acf_changed":false},"product_brand":[],"product_cat":[1111,1267,1303],"product_tag":[],"class_list":{"0":"post-32184","1":"product","2":"type-product","3":"status-publish","4":"has-post-thumbnail","6":"product_cat-pedaly","7":"product_cat-enduro-pl","8":"product_cat-flatman_90_etd-pl","10":"first","11":"instock","12":"taxable","13":"shipping-taxable","14":"purchasable","15":"product-type-simple"},"bundled_by":[],"bundle_stock_status":"instock","bundle_stock_quantity":81,"bundle_virtual":false,"bundle_layout":"","bundle_add_to_cart_form_location":"","bundle_editable_in_cart":false,"bundle_sold_individually_context":"","bundle_item_grouping":"","bundle_min_size":"","bundle_max_size":"","bundle_price":[],"bundled_items":[],"bundle_sell_ids":[],"acf":[],"_links":{"self":[{"href":"https:\/\/b2b.p2rbike.com\/pl\/wp-json\/wp\/v2\/product\/32184","targetHints":{"allow":["GET"]}}],"collection":[{"href":"https:\/\/b2b.p2rbike.com\/pl\/wp-json\/wp\/v2\/product"}],"about":[{"href":"https:\/\/b2b.p2rbike.com\/pl\/wp-json\/wp\/v2\/types\/product"}],"wp:featuredmedia":[{"embeddable":true,"href":"https:\/\/b2b.p2rbike.com\/pl\/wp-json\/wp\/v2\/media\/32191"}],"wp:attachment":[{"href":"https:\/\/b2b.p2rbike.com\/pl\/wp-json\/wp\/v2\/media?parent=32184"}],"wp:term":[{"taxonomy":"product_brand","embeddable":true,"href":"https:\/\/b2b.p2rbike.com\/pl\/wp-json\/wp\/v2\/product_brand?post=32184"},{"taxonomy":"product_cat","embeddable":true,"href":"https:\/\/b2b.p2rbike.com\/pl\/wp-json\/wp\/v2\/product_cat?post=32184"},{"taxonomy":"product_tag","embeddable":true,"href":"https:\/\/b2b.p2rbike.com\/pl\/wp-json\/wp\/v2\/product_tag?post=32184"}],"curies":[{"name":"wp","href":"https:\/\/api.w.org\/{rel}","templated":true}]}}