{"id":33046,"date":"2025-04-07T09:49:31","date_gmt":"2025-04-07T07:49:31","guid":{"rendered":"https:\/\/b2b.p2rbike.com\/?post_type=product&#038;p=33046"},"modified":"2025-04-07T09:51:09","modified_gmt":"2025-04-07T07:51:09","slug":"p2r-flatman-60-3sb-light-blue-copy-2","status":"publish","type":"product","link":"https:\/\/b2b.p2rbike.com\/pl\/produkt\/p2r-flatman-60-3sb-light-blue-copy-2\/","title":{"rendered":"P2R FLATMAN 60, 3SB magenta pink"},"content":{"rendered":"<p><strong>P2R FLATMAN 60, 3SB<\/strong> jest wykonany ze stopu aluminium w technologii obr\u00f3bki CNC i zapewnia bardzo nisk\u0105 wag\u0119 (290 g) przy najwy\u017cszej precyzji szczeg\u00f3\u0142\u00f3w<br \/>\nDzi\u0119ki wymiarom korpusu (101*100 mm) i zoptymalizowanemu kszta\u0142towi <strong>FLATMAN 6<\/strong>0 spe\u0142nia wszystkie specyficzne wymagania zar\u00f3wno kobiet, jak i m\u0119\u017cczyzn.<br \/>\n<strong>8 wymiennych pin\u00f3w<\/strong> (wysoko\u015b\u0107 4,5 mm) umieszczonych wok\u00f3\u0142 obwodu peda\u0142u (po obu stronach) zapewnia doskona\u0142\u0105 przyczepno\u015b\u0107 stopy i stabilno\u015b\u0107 podczas szybkiej jazdy MTB, a tak\u017ce w ostrych zakr\u0119tach.<br \/>\nO\u015b peda\u0142u wykonana z materia\u0142u <strong>Cr-Mo<\/strong> (chrom-molibden) wykonanego technologi\u0105 obr\u00f3bki <strong>CNC<\/strong> oraz <strong>3x<\/strong> wysokiej jako\u015bci \u0142o\u017cyska przemys\u0142owe (Made in <strong>TW<\/strong>) zapewniaj\u0105 bezawaryjn\u0105 prac\u0119, p\u0142ynne peda\u0142owanie i d\u0142ug\u0105 \u017cywotno\u015b\u0107<\/p>\n<p><strong>CECHY:<\/strong><\/p>\n<p>Materia\u0142: wykonany ze <strong>stopu aluminium<\/strong><br \/>\n<strong>8<\/strong> wymiennych ko\u0142k\u00f3w antypo\u015blizgowych wok\u00f3\u0142 kraw\u0119dzi peda\u0142u (po obu stronach)<br \/>\nKorpus o ergonomicznym kszta\u0142cie i <strong>zoptymalizowanym<\/strong> rozmiarze<br \/>\nPasuje do st\u00f3p m\u0119skich i\u00a0\u017ce\u0144skich<br \/>\nPrzeznaczone do kategorii: <strong>BMX\/MTB\/TREKKING\/CROSS\/CITY<\/strong><br \/>\nO\u015b: Chromowo-Molibdenowa (<strong>Cr-Mo<\/strong>) wykonana w technologii <strong>CNC<\/strong><br \/>\n<strong>3x \u0142o\u017cyska przemys\u0142owe<\/strong> zapewniaj\u0105 p\u0142ynn\u0105, bezawaryjn\u0105 prac\u0119, p\u0142ynne peda\u0142owanie i d\u0142ug\u0105 \u017cywotno\u015b\u0107<br \/>\nRozmiar: <strong>101 mm x 100 mm<\/strong><br \/>\nWaga: <strong>290 g\/para<\/strong><\/p>\n<p><strong><br \/>\nOPCJE KOLOR\u00d3W:<\/strong><br \/>\n&#8211; Czarny<strong><br \/>\n<\/strong>&#8211; Czerwony<strong><br \/>\n<\/strong>&#8211; Ciemnoniebieski<strong><br \/>\n<\/strong>&#8211; Jasny niebieski<strong><br \/>\n<\/strong>&#8211; Z\u0142oto<strong><br \/>\n<\/strong>&#8211; Fioletowy<strong><br \/>\n<\/strong>&#8211; Pomara\u0144czowy<strong><br \/>\n<\/strong>&#8211; Tytanowy szary<strong><br \/>\n<\/strong>&#8211; Limonkowy<\/p>\n<p>&nbsp;<\/p>\n<p><strong>OPAKOWANIE<\/strong>: w kolorowym pude\u0142ku P2R<\/p>\n","protected":false},"excerpt":{"rendered":"<p>P2R FLATMAN 60, 3SB jest wykonany ze stopu aluminium w technologii obr\u00f3bki CNC i zapewnia bardzo nisk\u0105 wag\u0119 (290 g)<\/p>\n","protected":false},"featured_media":33777,"template":"","meta":{"_acf_changed":false},"product_brand":[],"product_cat":[1111,1112,1283],"product_tag":[],"class_list":{"0":"post-33046","1":"product","2":"type-product","3":"status-publish","4":"has-post-thumbnail","6":"product_cat-pedaly","7":"product_cat-mtb-pl","8":"product_cat-flatman_60-pl","10":"first","11":"instock","12":"taxable","13":"shipping-taxable","14":"purchasable","15":"product-type-simple"},"bundled_by":[],"bundle_stock_status":"instock","bundle_stock_quantity":90,"bundle_virtual":false,"bundle_layout":"","bundle_add_to_cart_form_location":"","bundle_editable_in_cart":false,"bundle_sold_individually_context":"","bundle_item_grouping":"","bundle_min_size":"","bundle_max_size":"","bundle_price":[],"bundled_items":[],"bundle_sell_ids":[],"acf":[],"_links":{"self":[{"href":"https:\/\/b2b.p2rbike.com\/pl\/wp-json\/wp\/v2\/product\/33046","targetHints":{"allow":["GET"]}}],"collection":[{"href":"https:\/\/b2b.p2rbike.com\/pl\/wp-json\/wp\/v2\/product"}],"about":[{"href":"https:\/\/b2b.p2rbike.com\/pl\/wp-json\/wp\/v2\/types\/product"}],"wp:featuredmedia":[{"embeddable":true,"href":"https:\/\/b2b.p2rbike.com\/pl\/wp-json\/wp\/v2\/media\/33777"}],"wp:attachment":[{"href":"https:\/\/b2b.p2rbike.com\/pl\/wp-json\/wp\/v2\/media?parent=33046"}],"wp:term":[{"taxonomy":"product_brand","embeddable":true,"href":"https:\/\/b2b.p2rbike.com\/pl\/wp-json\/wp\/v2\/product_brand?post=33046"},{"taxonomy":"product_cat","embeddable":true,"href":"https:\/\/b2b.p2rbike.com\/pl\/wp-json\/wp\/v2\/product_cat?post=33046"},{"taxonomy":"product_tag","embeddable":true,"href":"https:\/\/b2b.p2rbike.com\/pl\/wp-json\/wp\/v2\/product_tag?post=33046"}],"curies":[{"name":"wp","href":"https:\/\/api.w.org\/{rel}","templated":true}]}}