{"id":33057,"date":"2025-04-07T10:02:52","date_gmt":"2025-04-07T08:02:52","guid":{"rendered":"https:\/\/b2b.p2rbike.com\/?post_type=product&#038;p=33057"},"modified":"2025-11-02T14:36:51","modified_gmt":"2025-11-02T13:36:51","slug":"p2r-flatman-50-3sb-red-copy-2","status":"publish","type":"product","link":"https:\/\/b2b.p2rbike.com\/pl\/produkt\/p2r-flatman-50-3sb-red-copy-2\/","title":{"rendered":"P2R FLATMAN 50, 3SB magenta pink"},"content":{"rendered":"<p><strong>P2R FLATMAN 50, 3SB <\/strong>&#8211; korpus peda\u0142u jest obrabiany <strong>CNC<\/strong> ze stopu AL i oferuje bardzo nisk\u0105 wag\u0119 (<strong>299 g<\/strong>) i doskonale odwzorowane detale<br \/>\nDzi\u0119ki zoptymalizowanemu rozmiarowi (<strong>101*88 mm<\/strong>) i specjalnemu kszta\u0142towi pasuj\u0105 zar\u00f3wno do st\u00f3p m\u0119\u017cczyzn, jak i kobiet, zapewniaj\u0105c idealne i bezpieczne po\u0142\u0105czenie ze stop\u0105 je\u017ad\u017aca.<br \/>\n<strong>8<\/strong> wymiennych trzpieni o d\u0142ugo\u015bci 4,5 mm rozmieszczonych regularnie na obwodzie peda\u0142u zapewnia doskona\u0142\u0105 przyczepno\u015b\u0107 i stabilno\u015b\u0107 stopy nawet podczas szybkiej jazdy MTB w ostrych zakr\u0119tach i szybkich zjazdach.<br \/>\nO\u015b peda\u0142u wykonana z materia\u0142u <strong>Cr-Mo<\/strong> (chrom-molibden) wykonanego technologi\u0105 obr\u00f3bki CNC<br \/>\nBezproblemowe i p\u0142ynne obracanie peda\u0142u zapewniaj\u0105 <strong>3 wysokiej jako\u015bci \u0142o\u017cyska przemys\u0142owe<\/strong> (Made in <strong>TW<\/strong>), kt\u00f3re gwarantuj\u0105 d\u0142ug\u0105 \u017cywotno\u015b\u0107 przy regularnej piel\u0119gnacji<\/p>\n<p><strong><br \/>\nCECHY<\/strong>:<\/p>\n<p>\u2022 Materia\u0142: wykonany ze zwi\u0105zku <strong>AL<\/strong><br \/>\n\u2022 <strong>Wymienne<\/strong> ko\u0142ki antypo\u015blizgowe (<strong>8 szt.<\/strong>) na ca\u0142ym obwodzie peda\u0142u<br \/>\n\u2022 Zaprojektowane dla kategorii: <strong>BMX\/MTB\/TREKKING\/CROSS\/CITY<\/strong><br \/>\n\u2022 O\u015b: Chrom-Molibden (<strong>Cr-Mo<\/strong>) wyprodukowany w technologii obr\u00f3bki CNC<br \/>\n\u2022 <strong>3x \u0142o\u017cyska przemys\u0142owe<\/strong> Wykonane w TW dla p\u0142ynnej pracy i d\u0142ugiej \u017cywotno\u015bci<br \/>\n\u2022 Rozmiar:<strong> 101 mm x 88 mm<\/strong><br \/>\n\u2022 Waga: <strong>299 g\/para<\/strong><\/p>\n<p><strong><br \/>\nAlternatywne kolory:<\/strong><\/p>\n<p>\u2022\u00a0 Czarny<br \/>\n\u2022\u00a0 Wyd<br \/>\n\u2022\u00a0 Ciemnoniebieski<br \/>\n\u2022\u00a0 Jasny niebieski<br \/>\n\u2022\u00a0 Z\u0142oto<br \/>\n\u2022\u00a0 Fioletowy<br \/>\n\u2022\u00a0 Pomara\u0144czowy<br \/>\n\u2022 Tytanowy szary<br \/>\n\u2022 Limonkowo-zielony<\/p>\n<p><strong><br \/>\nOPAKOWANIE<\/strong>: w wykonaniu P2R<\/p>\n","protected":false},"excerpt":{"rendered":"<p>P2R FLATMAN 50, 3SB &#8211; korpus peda\u0142u jest obrabiany CNC ze stopu AL i oferuje bardzo nisk\u0105 wag\u0119 (299 g)<\/p>\n","protected":false},"featured_media":33792,"template":"","meta":{"_acf_changed":false},"product_brand":[],"product_cat":[1111,1112,1289],"product_tag":[],"class_list":{"0":"post-33057","1":"product","2":"type-product","3":"status-publish","4":"has-post-thumbnail","6":"product_cat-pedaly","7":"product_cat-mtb-pl","8":"product_cat-flatman_50-pl","10":"first","11":"instock","12":"taxable","13":"shipping-taxable","14":"purchasable","15":"product-type-simple"},"bundled_by":[],"bundle_stock_status":"instock","bundle_stock_quantity":91,"bundle_virtual":false,"bundle_layout":"","bundle_add_to_cart_form_location":"","bundle_editable_in_cart":false,"bundle_sold_individually_context":"","bundle_item_grouping":"","bundle_min_size":"","bundle_max_size":"","bundle_price":[],"bundled_items":[],"bundle_sell_ids":[],"acf":[],"_links":{"self":[{"href":"https:\/\/b2b.p2rbike.com\/pl\/wp-json\/wp\/v2\/product\/33057","targetHints":{"allow":["GET"]}}],"collection":[{"href":"https:\/\/b2b.p2rbike.com\/pl\/wp-json\/wp\/v2\/product"}],"about":[{"href":"https:\/\/b2b.p2rbike.com\/pl\/wp-json\/wp\/v2\/types\/product"}],"wp:featuredmedia":[{"embeddable":true,"href":"https:\/\/b2b.p2rbike.com\/pl\/wp-json\/wp\/v2\/media\/33792"}],"wp:attachment":[{"href":"https:\/\/b2b.p2rbike.com\/pl\/wp-json\/wp\/v2\/media?parent=33057"}],"wp:term":[{"taxonomy":"product_brand","embeddable":true,"href":"https:\/\/b2b.p2rbike.com\/pl\/wp-json\/wp\/v2\/product_brand?post=33057"},{"taxonomy":"product_cat","embeddable":true,"href":"https:\/\/b2b.p2rbike.com\/pl\/wp-json\/wp\/v2\/product_cat?post=33057"},{"taxonomy":"product_tag","embeddable":true,"href":"https:\/\/b2b.p2rbike.com\/pl\/wp-json\/wp\/v2\/product_tag?post=33057"}],"curies":[{"name":"wp","href":"https:\/\/api.w.org\/{rel}","templated":true}]}}