{"id":33085,"date":"2025-04-09T10:03:37","date_gmt":"2025-04-09T08:03:37","guid":{"rendered":"https:\/\/b2b.p2rbike.com\/?post_type=product&#038;p=33085"},"modified":"2025-04-09T10:10:03","modified_gmt":"2025-04-09T08:10:03","slug":"p2r-shockman-ergo-106-light-blue-copy","status":"publish","type":"product","link":"https:\/\/b2b.p2rbike.com\/pl\/produkt\/p2r-shockman-ergo-106-light-blue-copy\/","title":{"rendered":"P2R SHOCKMAN ERGO 106, copper brown"},"content":{"rendered":"<p>Ergonomiczny kszta\u0142t <strong>SHOCKMAN ERGO 106 <\/strong>zapewnia wsparcie d\u0142oni rowerzysty, eliminuje zm\u0119czenie i pozwala wyd\u0142u\u017cy\u0107 czas jazdy, co pozwala motocykli\u015bcie pokonywa\u0107 d\u0142u\u017csze dystanse. Nadaje si\u0119 do jazdy w pozycji p\u00f3\u0142prostej i pionowej \u2013 g\u0142\u00f3wnie dla rowerzyst\u00f3w miejskich, prze\u0142ajowych i trekkingowych.<\/p>\n<p><strong><br \/>\nCECHY<\/strong>:<\/p>\n<ul>\n<li>Wykonane z <strong>TPR<\/strong> (kauczuku termoplastycznego)<\/li>\n<li>D\u0142ugo\u015b\u0107: <strong>130 mm<\/strong><\/li>\n<li>\u015arednica: <strong>\u00d8 22 mm<\/strong><\/li>\n<li><strong>Lock-on<\/strong>: zapewnia stabiln\u0105 pozycj\u0119<\/li>\n<li>Pasuje do wi\u0119kszo\u015bci baton\u00f3w dost\u0119pnych na rynku<\/li>\n<\/ul>\n<p><strong><br \/>\nALTERNATYWY KOLOROWE:<\/strong><\/p>\n<ul>\n<li>Czarny &#8211; fioletowy<\/li>\n<li>Czarny \u2013 pomara\u0144czowy<\/li>\n<li>Czarny \u2013 limonkowy<\/li>\n<li>Czarne &#8211; z\u0142oto<\/li>\n<li>Czarny \u2013 jasnoniebieski<\/li>\n<li>Czarny &#8211; czerwony<\/li>\n<li>Czarne &#8211; srebro<\/li>\n<li>Czarny &#8211; czarny<\/li>\n<li>Czarny \u2013 granatowy<\/li>\n<\/ul>\n<p><strong><br \/>\nOPAKOWANIE<\/strong>: Karta opakowania P2R<\/p>\n","protected":false},"excerpt":{"rendered":"<p>Ergonomiczny kszta\u0142t SHOCKMAN ERGO 106 zapewnia wsparcie d\u0142oni rowerzysty, eliminuje zm\u0119czenie i pozwala wyd\u0142u\u017cy\u0107 czas jazdy, co pozwala motocykli\u015bcie pokonywa\u0107<\/p>\n","protected":false},"featured_media":33090,"template":"","meta":{"_acf_changed":false},"product_brand":[],"product_cat":[1089,1182,1321],"product_tag":[],"class_list":{"0":"post-33085","1":"product","2":"type-product","3":"status-publish","4":"has-post-thumbnail","6":"product_cat-chwyty-kierownicy","7":"product_cat-ergonomiczne-chwyty","8":"product_cat-ergo_106-pl","10":"first","11":"instock","12":"taxable","13":"shipping-taxable","14":"purchasable","15":"product-type-simple"},"bundled_by":[],"bundle_stock_status":"instock","bundle_stock_quantity":71,"bundle_virtual":false,"bundle_layout":"","bundle_add_to_cart_form_location":"","bundle_editable_in_cart":false,"bundle_sold_individually_context":"","bundle_item_grouping":"","bundle_min_size":"","bundle_max_size":"","bundle_price":[],"bundled_items":[],"bundle_sell_ids":[],"acf":[],"_links":{"self":[{"href":"https:\/\/b2b.p2rbike.com\/pl\/wp-json\/wp\/v2\/product\/33085","targetHints":{"allow":["GET"]}}],"collection":[{"href":"https:\/\/b2b.p2rbike.com\/pl\/wp-json\/wp\/v2\/product"}],"about":[{"href":"https:\/\/b2b.p2rbike.com\/pl\/wp-json\/wp\/v2\/types\/product"}],"wp:featuredmedia":[{"embeddable":true,"href":"https:\/\/b2b.p2rbike.com\/pl\/wp-json\/wp\/v2\/media\/33090"}],"wp:attachment":[{"href":"https:\/\/b2b.p2rbike.com\/pl\/wp-json\/wp\/v2\/media?parent=33085"}],"wp:term":[{"taxonomy":"product_brand","embeddable":true,"href":"https:\/\/b2b.p2rbike.com\/pl\/wp-json\/wp\/v2\/product_brand?post=33085"},{"taxonomy":"product_cat","embeddable":true,"href":"https:\/\/b2b.p2rbike.com\/pl\/wp-json\/wp\/v2\/product_cat?post=33085"},{"taxonomy":"product_tag","embeddable":true,"href":"https:\/\/b2b.p2rbike.com\/pl\/wp-json\/wp\/v2\/product_tag?post=33085"}],"curies":[{"name":"wp","href":"https:\/\/api.w.org\/{rel}","templated":true}]}}