{"id":33189,"date":"2025-04-16T09:11:15","date_gmt":"2025-04-16T07:11:15","guid":{"rendered":"https:\/\/b2b.p2rbike.com\/?post_type=product&#038;p=33189"},"modified":"2025-04-16T09:13:24","modified_gmt":"2025-04-16T07:13:24","slug":"p2r-shockman-ergo-265-tytanowo-szary-copy","status":"publish","type":"product","link":"https:\/\/b2b.p2rbike.com\/pl\/produkt\/p2r-shockman-ergo-265-tytanowo-szary-copy\/","title":{"rendered":"P2R SHOCKMAN ERGO 265, copper brown"},"content":{"rendered":"<p>Ergonomiczny kszta\u0142t <strong>SHOCKMAN ERGO 265<\/strong>\u00a0zapewnia wsparcie d\u0142oni rowerzysty, eliminuje zm\u0119czenie i pozwala wyd\u0142u\u017cy\u0107 czas jazdy, co pozwala motocykli\u015bcie pokonywa\u0107 d\u0142u\u017csze dystanse. Nadaje si\u0119 do pozycji p\u00f3\u0142pionowej i pionowej na rowerze \u2013 g\u0142\u00f3wnie dla rowerzyst\u00f3w <strong>miejskich, prze\u0142ajowych<\/strong> i <strong>trekkingowych<\/strong>.<\/p>\n<p><strong><br \/>\nCECHY<\/strong>:<\/p>\n<p>&#8211; Wykonane z <strong>TPR<\/strong> (kauczuku termoplastycznego)<br \/>\n&#8211; D\u0142ugo\u015b\u0107: <strong>130 mm<br \/>\n<\/strong>&#8211; \u015arednica: <strong>\u00d8 22 mm<br \/>\n<\/strong>&#8211; System <strong>Lock-on<\/strong>: gwarantuj\u0105 solidne mocowanie chwytu do kierownicy i zapobiega jego obracaniu si\u0119<br \/>\n&#8211; Pasuje do wszystkich standdardowych kierownic<\/p>\n<p><strong><br \/>\nALTERNATYWY KOLOROWE:<\/strong><\/p>\n<ul>\n<li>Black &#8211; purple<\/li>\n<li>Black \u2013 orange<\/li>\n<li>Black \u2013 lime green<\/li>\n<li>Black \u2013 gold<\/li>\n<li>Black \u2013 light blue<\/li>\n<li>Black \u2013 red<\/li>\n<li>Black \u2013 titan grey<\/li>\n<li>Black \u2013 black<\/li>\n<li>Black \u2013 navy blue<\/li>\n<\/ul>\n<p><strong><br \/>\nOPAKOWANIE<\/strong>: karta P2R<\/p>\n","protected":false},"excerpt":{"rendered":"<p>Ergonomiczny kszta\u0142t SHOCKMAN ERGO 265\u00a0zapewnia wsparcie d\u0142oni rowerzysty, eliminuje zm\u0119czenie i pozwala wyd\u0142u\u017cy\u0107 czas jazdy, co pozwala motocykli\u015bcie pokonywa\u0107 d\u0142u\u017csze<\/p>\n","protected":false},"featured_media":33201,"template":"","meta":{"_acf_changed":false},"product_brand":[],"product_cat":[1089,1182,1322],"product_tag":[],"class_list":{"0":"post-33189","1":"product","2":"type-product","3":"status-publish","4":"has-post-thumbnail","6":"product_cat-chwyty-kierownicy","7":"product_cat-ergonomiczne-chwyty","8":"product_cat-ergo_265-pl","10":"first","11":"instock","12":"taxable","13":"shipping-taxable","14":"purchasable","15":"product-type-simple"},"bundled_by":[],"bundle_stock_status":"instock","bundle_stock_quantity":6,"bundle_virtual":false,"bundle_layout":"","bundle_add_to_cart_form_location":"","bundle_editable_in_cart":false,"bundle_sold_individually_context":"","bundle_item_grouping":"","bundle_min_size":"","bundle_max_size":"","bundle_price":[],"bundled_items":[],"bundle_sell_ids":[],"acf":[],"_links":{"self":[{"href":"https:\/\/b2b.p2rbike.com\/pl\/wp-json\/wp\/v2\/product\/33189","targetHints":{"allow":["GET"]}}],"collection":[{"href":"https:\/\/b2b.p2rbike.com\/pl\/wp-json\/wp\/v2\/product"}],"about":[{"href":"https:\/\/b2b.p2rbike.com\/pl\/wp-json\/wp\/v2\/types\/product"}],"wp:featuredmedia":[{"embeddable":true,"href":"https:\/\/b2b.p2rbike.com\/pl\/wp-json\/wp\/v2\/media\/33201"}],"wp:attachment":[{"href":"https:\/\/b2b.p2rbike.com\/pl\/wp-json\/wp\/v2\/media?parent=33189"}],"wp:term":[{"taxonomy":"product_brand","embeddable":true,"href":"https:\/\/b2b.p2rbike.com\/pl\/wp-json\/wp\/v2\/product_brand?post=33189"},{"taxonomy":"product_cat","embeddable":true,"href":"https:\/\/b2b.p2rbike.com\/pl\/wp-json\/wp\/v2\/product_cat?post=33189"},{"taxonomy":"product_tag","embeddable":true,"href":"https:\/\/b2b.p2rbike.com\/pl\/wp-json\/wp\/v2\/product_tag?post=33189"}],"curies":[{"name":"wp","href":"https:\/\/api.w.org\/{rel}","templated":true}]}}