{"id":33501,"date":"2025-05-17T16:38:56","date_gmt":"2025-05-17T14:38:56","guid":{"rendered":"https:\/\/b2b.p2rbike.com\/?post_type=product&#038;p=33501"},"modified":"2025-11-02T14:36:44","modified_gmt":"2025-11-02T13:36:44","slug":"p2r-ringo-white-penguin-copy","status":"publish","type":"product","link":"https:\/\/b2b.p2rbike.com\/pl\/produkt\/p2r-ringo-white-penguin-copy\/","title":{"rendered":"P2R RINGO pink kitty"},"content":{"rendered":"<p style=\"font-weight: 400;\"><strong>DZWONEK ROWEROWY<\/strong><\/p>\n<p>&nbsp;<\/p>\n<ul style=\"font-weight: 400;\">\n<li>Cz\u0119\u015b\u0107 wierzchnia ze stali, podstawa z tworzywa sztucznego<\/li>\n<li>Szybki i prosty monta\u017c za pomoc\u0105 \u015brubki<\/li>\n<\/ul>\n<p style=\"font-weight: 400;\"><strong><br \/>\nSZCZEG\u00d3\u0141Y<\/strong>:<\/p>\n<p style=\"font-weight: 400;\">\u015arednica g\u00f3rnej cz\u0119\u015bci:\u00a0<strong>53 mm<\/strong><\/p>\n<p style=\"font-weight: 400;\"><strong><br \/>\nOPCJE KOLOR\u00d3W:<\/strong><\/p>\n<ul style=\"font-weight: 400;\">\n<li>bia\u0142y pingwin<\/li>\n<li>r\u00f3\u017cowe kacz\u0105tko<\/li>\n<li>r\u00f3\u017cowy jednoro\u017cec<\/li>\n<li>r\u00f3\u017cowy kociak<\/li>\n<li>niebieski jednoro\u017cec<\/li>\n<li>niebieskie kacz\u0105tko<\/li>\n<li>fioletowa dziewczynka z kociakiem<\/li>\n<\/ul>\n<p style=\"font-weight: 400;\"><strong><br \/>\nOPAKOWANIE<\/strong>: torebka foliowa z naklejk\u0105<\/p>\n","protected":false},"excerpt":{"rendered":"<p>DZWONEK ROWEROWY &nbsp; Cz\u0119\u015b\u0107 wierzchnia ze stali, podstawa z tworzywa sztucznego Szybki i prosty monta\u017c za pomoc\u0105 \u015brubki SZCZEG\u00d3\u0141Y: \u015arednica<\/p>\n","protected":false},"featured_media":33507,"template":"","meta":{"_acf_changed":false},"product_brand":[],"product_cat":[1210,1380],"product_tag":[],"class_list":{"0":"post-33501","1":"product","2":"type-product","3":"status-publish","4":"has-post-thumbnail","6":"product_cat-dzwonki","7":"product_cat-bells_53mm-pl-2","9":"first","10":"instock","11":"taxable","12":"shipping-taxable","13":"purchasable","14":"product-type-simple"},"bundled_by":[],"bundle_stock_status":"instock","bundle_stock_quantity":456,"bundle_virtual":false,"bundle_layout":"","bundle_add_to_cart_form_location":"","bundle_editable_in_cart":false,"bundle_sold_individually_context":"","bundle_item_grouping":"","bundle_min_size":"","bundle_max_size":"","bundle_price":[],"bundled_items":[],"bundle_sell_ids":[],"acf":[],"_links":{"self":[{"href":"https:\/\/b2b.p2rbike.com\/pl\/wp-json\/wp\/v2\/product\/33501","targetHints":{"allow":["GET"]}}],"collection":[{"href":"https:\/\/b2b.p2rbike.com\/pl\/wp-json\/wp\/v2\/product"}],"about":[{"href":"https:\/\/b2b.p2rbike.com\/pl\/wp-json\/wp\/v2\/types\/product"}],"wp:featuredmedia":[{"embeddable":true,"href":"https:\/\/b2b.p2rbike.com\/pl\/wp-json\/wp\/v2\/media\/33507"}],"wp:attachment":[{"href":"https:\/\/b2b.p2rbike.com\/pl\/wp-json\/wp\/v2\/media?parent=33501"}],"wp:term":[{"taxonomy":"product_brand","embeddable":true,"href":"https:\/\/b2b.p2rbike.com\/pl\/wp-json\/wp\/v2\/product_brand?post=33501"},{"taxonomy":"product_cat","embeddable":true,"href":"https:\/\/b2b.p2rbike.com\/pl\/wp-json\/wp\/v2\/product_cat?post=33501"},{"taxonomy":"product_tag","embeddable":true,"href":"https:\/\/b2b.p2rbike.com\/pl\/wp-json\/wp\/v2\/product_tag?post=33501"}],"curies":[{"name":"wp","href":"https:\/\/api.w.org\/{rel}","templated":true}]}}