{"id":33549,"date":"2025-05-17T17:43:37","date_gmt":"2025-05-17T15:43:37","guid":{"rendered":"https:\/\/b2b.p2rbike.com\/?post_type=product&#038;p=33549"},"modified":"2026-01-27T15:56:10","modified_gmt":"2026-01-27T14:56:10","slug":"p2r-ringo-pink-panda-3d-copy","status":"publish","type":"product","link":"https:\/\/b2b.p2rbike.com\/pl\/produkt\/p2r-ringo-pink-panda-3d-copy\/","title":{"rendered":"P2R RINGO yellow duck, 3D"},"content":{"rendered":"<p><strong>DZWONEK ROWEROWY<\/strong><\/p>\n<p>&nbsp;<\/p>\n<ul>\n<li>Stalowy blat i podstawa z tr\u00f3jwymiarowym zwierz\u0119ciem (PU)<\/li>\n<li>Szybki i prosty monta\u017c za pomoc\u0105 \u015bruby<\/li>\n<\/ul>\n<p><strong><br \/>\nSZCZEG\u00d3\u0141Y:<br \/>\n<\/strong><\/p>\n<p>\u015arednica g\u00f3rnej cz\u0119\u015bci: <strong>35 mm<\/strong><\/p>\n<p><strong><br \/>\nOPCJE KOLOR\u00d3W:<\/strong><\/p>\n<ul>\n<li>fioletowy kr\u00f3lik<\/li>\n<li>r\u00f3\u017cowa panda<\/li>\n<li>\u017c\u00f3\u0142ta kaczka<\/li>\n<li>niebieski tygrys<\/li>\n<\/ul>\n<p><strong><br \/>\nOPAKOWANIE<\/strong>: torebka foliowa z naklejk\u0105<\/p>\n","protected":false},"excerpt":{"rendered":"<p>DZWONEK ROWEROWY &nbsp; Stalowy blat i podstawa z tr\u00f3jwymiarowym zwierz\u0119ciem (PU) Szybki i prosty monta\u017c za pomoc\u0105 \u015bruby SZCZEG\u00d3\u0141Y: \u015arednica<\/p>\n","protected":false},"featured_media":33555,"template":"","meta":{"_acf_changed":false},"product_brand":[],"product_cat":[1210,1363],"product_tag":[],"class_list":{"0":"post-33549","1":"product","2":"type-product","3":"status-publish","4":"has-post-thumbnail","6":"product_cat-dzwonki","7":"product_cat-3d-pl","9":"first","10":"outofstock","11":"taxable","12":"shipping-taxable","13":"purchasable","14":"product-type-simple"},"bundled_by":[],"bundle_stock_status":"outofstock","bundle_stock_quantity":0,"bundle_virtual":false,"bundle_layout":"","bundle_add_to_cart_form_location":"","bundle_editable_in_cart":false,"bundle_sold_individually_context":"","bundle_item_grouping":"","bundle_min_size":"","bundle_max_size":"","bundle_price":[],"bundled_items":[],"bundle_sell_ids":[],"acf":[],"_links":{"self":[{"href":"https:\/\/b2b.p2rbike.com\/pl\/wp-json\/wp\/v2\/product\/33549","targetHints":{"allow":["GET"]}}],"collection":[{"href":"https:\/\/b2b.p2rbike.com\/pl\/wp-json\/wp\/v2\/product"}],"about":[{"href":"https:\/\/b2b.p2rbike.com\/pl\/wp-json\/wp\/v2\/types\/product"}],"wp:featuredmedia":[{"embeddable":true,"href":"https:\/\/b2b.p2rbike.com\/pl\/wp-json\/wp\/v2\/media\/33555"}],"wp:attachment":[{"href":"https:\/\/b2b.p2rbike.com\/pl\/wp-json\/wp\/v2\/media?parent=33549"}],"wp:term":[{"taxonomy":"product_brand","embeddable":true,"href":"https:\/\/b2b.p2rbike.com\/pl\/wp-json\/wp\/v2\/product_brand?post=33549"},{"taxonomy":"product_cat","embeddable":true,"href":"https:\/\/b2b.p2rbike.com\/pl\/wp-json\/wp\/v2\/product_cat?post=33549"},{"taxonomy":"product_tag","embeddable":true,"href":"https:\/\/b2b.p2rbike.com\/pl\/wp-json\/wp\/v2\/product_tag?post=33549"}],"curies":[{"name":"wp","href":"https:\/\/api.w.org\/{rel}","templated":true}]}}