{"id":33910,"date":"2025-07-15T10:07:28","date_gmt":"2025-07-15T08:07:28","guid":{"rendered":"https:\/\/b2b.p2rbike.com\/?post_type=product&#038;p=33910"},"modified":"2025-09-13T10:22:20","modified_gmt":"2025-09-13T08:22:20","slug":"p2r-specton-350-copy","status":"publish","type":"product","link":"https:\/\/b2b.p2rbike.com\/pl\/produkt\/p2r-specton-350-copy\/","title":{"rendered":"P2R SPECTON 350C"},"content":{"rendered":"<p>LAMPKA PRZEDNIA<\/p>\n<p><strong>P2R SPECTON 350C<\/strong> to \u0142adowana przez USB lampka przednia, przeznaczona dla wszystkich rowerzyst\u00f3w, kt\u00f3rzy chc\u0105 by\u0107 bardzo dobrze widoczni na drodze i poszukuj\u0105 o\u015bwietlenia o doskona\u0142ym stosunku ceny do jako\u015bci.<br \/>\nSPECTON 350C ma moc 350 lm, wystarczaj\u0105c\u0105 do bezpiecznej jazdy w du\u017cym, dziennym ruchu miejskim, kiedy doskonale ostrzega kierowc\u00f3w o Twojej obecno\u015bci, ale sprawdzi si\u0119 r\u00f3wnie\u017c \u015bwietnie podczas powrotu z popo\u0142udniowej i nocnej zmiany, niezawodnie o\u015bwietlaj\u0105c wszystkie przeszkody na Twojej drodze.<br \/>\nWyj\u0105tkowe funkcje oferuje r\u00f3wnie\u017c mi\u0142o\u015bnikom adrenaliny na singletrackach, kiedy mo\u017ce \u00a0doskonale uzupe\u0142ni\u0107 o\u015bwietlenie na kierownicy, a dzi\u0119ki niskiej wadze <strong>46 g<\/strong> sprawdza si\u0119 r\u00f3wnie\u017c jako zapasowe (dodatkowe) o\u015bwietlenie montowane na kasku (mocowanie GoPro), doskonale o\u015bwietlaj\u0105c przestrze\u0144 w miejscu, w kt\u00f3rym skierujesz g\u0142ow\u0119, chroni\u0105c Ci\u0119 tym samym przed ewentualn\u0105 kolizj\u0105.<br \/>\nJednak u\u017cyteczno\u015b\u0107 SPECTON 350C na tym si\u0119 nie ko\u0144czy i mo\u017cna j\u0105 szeroko stosowa\u0107 na dzia\u0142ce, w gara\u017cu lub jako o\u015bwietlenie dyskotekowe na imprezie na \u015bwie\u017cym powietrzu, kt\u00f3r\u0105 organizujesz dla swoich dzieci.<\/p>\n<p><strong>CECHY:<\/p>\n<p><\/strong>Moc \u015bwiat\u0142a: <strong>350 lm<br \/>\n<\/strong>Materia\u0142: obudowa z poliw\u0119glanu + uchwyt z\u00a0nylonu<br \/>\nTyp akumulatora: <strong>Li-pol 1100 mAh<\/strong><br \/>\n\u0179r\u00f3d\u0142o \u015bwiat\u0142a: <strong>Luminus SST-20F<\/strong><br \/>\nCzas pracy na akumuatorze i tryby: <strong>100%<\/strong> (350 lm\/1 godz. 50 min) &#8211; <strong>70%<\/strong> (245 lm\/3 godz.) &#8211; <strong>40%<\/strong> (150 lm\/5,5 godz.) &#8211; <strong>eco<\/strong> (80 lm\/11 godz.) &#8211; <strong>migaj\u0105cy<\/strong> (150 lm\/11 godz.)<br \/>\nCzas \u0142adowania: <strong>2 godz.<\/strong><br \/>\nWska\u017anik stanu na\u0142adowania baterii: <strong>zielony<\/strong> (&gt;70%) &#8211; <strong>niebieski<\/strong> (&gt;30%) &#8211; <strong>czerwony<\/strong> (&gt;15%) &#8211; <strong>czerwony migaj\u0105cy<\/strong> (&lt;15%)<br \/>\n<strong>Tryb bezpiecze\u0144stwa:<\/strong> je\u015bli poziom na\u0142adowania baterii spadnie poni\u017cej 15%, latarka automatycznie prze\u0142\u0105czy si\u0119 w energooszcz\u0119dny tryb bezpiecze\u0144stwa z czasem \u015bwiecenia wynosz\u0105cym kolejnych 20 minut.<\/p>\n<p><strong>DETALE:<br \/>\n<\/strong><br \/>\nWymiary: 65 x 26 x 22 mm (sama latarka)<strong><br \/>\n<\/strong>Waga: 48 g (sama latarka), 71 g (z uchwytem)<strong><br \/>\n<\/strong>Wodoodporno\u015b\u0107: IPX65<\/p>\n<p>&nbsp;<\/p>\n<p><strong>AKCESORIA:<br \/>\n<\/strong>Kabel USB-C, uchwyt Garmin GOPRO<\/p>\n<p><strong>KOMPATYBILNO\u015a\u0106:<br \/>\n<\/strong>Wszystkie popularne rozmiary kierownic<\/p>\n<p><strong>OPAKOWANIE:<br \/>\n<\/strong>Opakowanie P2R<\/p>\n","protected":false},"excerpt":{"rendered":"<p>LAMPKA PRZEDNIA P2R SPECTON 350C to \u0142adowana przez USB lampka przednia, przeznaczona dla wszystkich rowerzyst\u00f3w, kt\u00f3rzy chc\u0105 by\u0107 bardzo dobrze<\/p>\n","protected":false},"featured_media":33917,"template":"","meta":{"_acf_changed":false},"product_brand":[],"product_cat":[1101,1102],"product_tag":[],"class_list":{"0":"post-33910","1":"product","2":"type-product","3":"status-publish","4":"has-post-thumbnail","6":"product_cat-oswietlenie","7":"product_cat-oswietlenie-przednie","9":"first","10":"instock","11":"taxable","12":"shipping-taxable","13":"purchasable","14":"product-type-simple"},"bundled_by":[],"bundle_stock_status":"instock","bundle_stock_quantity":306,"bundle_virtual":false,"bundle_layout":"","bundle_add_to_cart_form_location":"","bundle_editable_in_cart":false,"bundle_sold_individually_context":"","bundle_item_grouping":"","bundle_min_size":"","bundle_max_size":"","bundle_price":[],"bundled_items":[],"bundle_sell_ids":[],"acf":[],"_links":{"self":[{"href":"https:\/\/b2b.p2rbike.com\/pl\/wp-json\/wp\/v2\/product\/33910","targetHints":{"allow":["GET"]}}],"collection":[{"href":"https:\/\/b2b.p2rbike.com\/pl\/wp-json\/wp\/v2\/product"}],"about":[{"href":"https:\/\/b2b.p2rbike.com\/pl\/wp-json\/wp\/v2\/types\/product"}],"wp:featuredmedia":[{"embeddable":true,"href":"https:\/\/b2b.p2rbike.com\/pl\/wp-json\/wp\/v2\/media\/33917"}],"wp:attachment":[{"href":"https:\/\/b2b.p2rbike.com\/pl\/wp-json\/wp\/v2\/media?parent=33910"}],"wp:term":[{"taxonomy":"product_brand","embeddable":true,"href":"https:\/\/b2b.p2rbike.com\/pl\/wp-json\/wp\/v2\/product_brand?post=33910"},{"taxonomy":"product_cat","embeddable":true,"href":"https:\/\/b2b.p2rbike.com\/pl\/wp-json\/wp\/v2\/product_cat?post=33910"},{"taxonomy":"product_tag","embeddable":true,"href":"https:\/\/b2b.p2rbike.com\/pl\/wp-json\/wp\/v2\/product_tag?post=33910"}],"curies":[{"name":"wp","href":"https:\/\/api.w.org\/{rel}","templated":true}]}}