{"id":34395,"date":"2026-01-09T09:10:26","date_gmt":"2026-01-09T08:10:26","guid":{"rendered":"https:\/\/b2b.p2rbike.com\/?post_type=product&#038;p=34395"},"modified":"2026-02-11T10:36:49","modified_gmt":"2026-02-11T09:36:49","slug":"p2r-cityman-40-rtc-3sb-navy-blue-copy","status":"publish","type":"product","link":"https:\/\/b2b.p2rbike.com\/pl\/produkt\/p2r-cityman-40-rtc-3sb-navy-blue-copy\/","title":{"rendered":"P2R CITYMAN 40 RTC, 3SB gold"},"content":{"rendered":"<p>Niska waga (280 g\/para), zoptymalizowany rozmiar platformy, elegancki, po\u0142yskuj\u0105cy design, doskona\u0142e parametry techniczne i funkcjonalno\u015b\u0107. Oto kr\u00f3tki opis naszego nowego modelu peda\u0142\u00f3w <strong>P2R CITYMAN 40 RTC.<br \/>\n<\/strong>Naszym g\u0142\u00f3wnym celem by\u0142o stworzenie peda\u0142\u00f3w, kt\u00f3re b\u0119d\u0105 s\u0142u\u017cy\u0107 osobom doje\u017cd\u017caj\u0105cym do pracy, rowerzystom poruszaj\u0105cym si\u0119 po ruchliwych drogach, \u015bcie\u017ckach rowerowych i wszystkim tym, dla kt\u00f3rych standardowy rozmiar peda\u0142\u00f3w platformowych jest po prostu za du\u017cy, a wyb\u00f3r odpowiednich peda\u0142\u00f3w zbyt ma\u0142y.<br \/>\nDlatego starali\u015bmy si\u0119 zmniejszy\u0107 wag\u0119 w ka\u017cdym eleganckim \u0142uku, w ka\u017cdym detalu, wok\u00f3\u0142 ka\u017cdego bolca, a tak\u017ce z boku, gdzie dodali\u015bmy odblask dla zwi\u0119kszenia widoczno\u015bci i bezpiecze\u0144stwa, oczywi\u015bcie zachowuj\u0105c wszystkie cechy, kt\u00f3rych rowerzy\u015bci oczekuj\u0105 od peda\u0142\u00f3w.<br \/>\nDzi\u0119ki platformie o optymalnych wymiarach <strong>92 mm x 90 mm<\/strong> i <strong>6 pinom<\/strong> z ka\u017cdej strony, rowerzy\u015bci z \u0142atwo\u015bci\u0105 znajd\u0105 idealn\u0105 pozycj\u0119 dla stopy, co sprawia, \u017ce \u200b\u200bCITYMAN 40 zapewniaj\u0105 poczucie bezpiecze\u0144stwa nawet w zwyk\u0142ych butach sportowych.<br \/>\nO\u015b peda\u0142u wykonana z materia\u0142u Cr-Mo (chromowo-molibdenowego) w technologii obr\u00f3bki CNC. Trzy wysokiej jako\u015bci \u0142o\u017cyska przemys\u0142owe zapewniaj\u0105 p\u0142ynn\u0105 prac\u0119, lekkie peda\u0142owanie i d\u0142ug\u0105 \u017cywotno\u015b\u0107 bez \u017cadnych problem\u00f3w.<\/p>\n<p><strong>CECHY<\/strong>:<\/p>\n<ul>\n<li>Zaprojektowane dla niemal wszystkich kategorii kolarstwa <strong>Trekking\/Cross\/City<\/strong><\/li>\n<li>O\u015b: Chromowo-molibdenowa (<strong>Cr-Mo<\/strong>) wykonana w technologii obr\u00f3bki <strong>CNC<\/strong><\/li>\n<li><strong>3 \u0142o\u017cyska maszynowe<\/strong> zapewniaj\u0105ce p\u0142ynn\u0105, bezproblemow\u0105 prac\u0119, p\u0142ynne peda\u0142owanie i d\u0142ug\u0105 \u017cywotno\u015b\u0107<\/li>\n<li>Wysoko\u015b\u0107: <strong>18 mm<\/strong><\/li>\n<li>Rozmiar platformy: <strong>92 x 90 mm<\/strong><\/li>\n<li>Waga: <strong>280 g\/para<\/strong><\/li>\n<\/ul>\n<p><strong>DETALE TECHNICZNE:<\/strong><\/p>\n<ul>\n<li><strong>Symetryczny profil<\/strong> peda\u0142u zapewniaj\u0105cy lepsze podparcie i stabilno\u015b\u0107 stopy<\/li>\n<li><strong>6 pin\u00f3w<\/strong> po ka\u017cdej stronie peda\u0142u<\/li>\n<li>Wykonane z materia\u0142u <strong>AL 6061 T6<\/strong><\/li>\n<li>Dodatkowy zestaw zapasowych pin\u00f3w<\/li>\n<li>Wysoce wypolerowana powierzchnia o g\u0142\u0119bokim po\u0142ysku koloru<\/li>\n<\/ul>\n<p><strong>ALTERNATYWY KOLORYSTYCZNE:<\/strong><\/p>\n<ul>\n<li>Czarny<\/li>\n<li>Br\u0105z miedziany<\/li>\n<li>Czerwony<\/li>\n<li>Granatowy<\/li>\n<li>Jasnoniebieski<\/li>\n<li>Z\u0142oty<\/li>\n<li>Fioletowy<\/li>\n<li>Pomara\u0144czowy<\/li>\n<li>Szary tytanowy<\/li>\n<li>Limonkowo-zielony<\/li>\n<li>R\u00f3\u017cowa magenta<\/li>\n<\/ul>\n<p><strong><br \/>\nOPAKOWANIE<\/strong>: kartonik w designie P2R<\/p>\n<p>&nbsp;<\/p>\n","protected":false},"excerpt":{"rendered":"<p>Niska waga (280 g\/para), zoptymalizowany rozmiar platformy, elegancki, po\u0142yskuj\u0105cy design, doskona\u0142e parametry techniczne i funkcjonalno\u015b\u0107. Oto kr\u00f3tki opis naszego nowego<\/p>\n","protected":false},"featured_media":35023,"template":"","meta":{"_acf_changed":false},"product_brand":[],"product_cat":[1387,1111,1113],"product_tag":[],"class_list":{"0":"post-34395","1":"product","2":"type-product","3":"status-publish","4":"has-post-thumbnail","6":"product_cat-pedals_city-pl","7":"product_cat-pedaly","8":"product_cat-miasto_trekking","10":"first","11":"instock","12":"taxable","13":"shipping-taxable","14":"purchasable","15":"product-type-simple"},"bundled_by":[],"bundle_stock_status":"instock","bundle_stock_quantity":83,"bundle_virtual":false,"bundle_layout":"","bundle_add_to_cart_form_location":"","bundle_editable_in_cart":false,"bundle_sold_individually_context":"","bundle_item_grouping":"","bundle_min_size":"","bundle_max_size":"","bundle_price":[],"bundled_items":[],"bundle_sell_ids":[],"acf":[],"_links":{"self":[{"href":"https:\/\/b2b.p2rbike.com\/pl\/wp-json\/wp\/v2\/product\/34395","targetHints":{"allow":["GET"]}}],"collection":[{"href":"https:\/\/b2b.p2rbike.com\/pl\/wp-json\/wp\/v2\/product"}],"about":[{"href":"https:\/\/b2b.p2rbike.com\/pl\/wp-json\/wp\/v2\/types\/product"}],"wp:featuredmedia":[{"embeddable":true,"href":"https:\/\/b2b.p2rbike.com\/pl\/wp-json\/wp\/v2\/media\/35023"}],"wp:attachment":[{"href":"https:\/\/b2b.p2rbike.com\/pl\/wp-json\/wp\/v2\/media?parent=34395"}],"wp:term":[{"taxonomy":"product_brand","embeddable":true,"href":"https:\/\/b2b.p2rbike.com\/pl\/wp-json\/wp\/v2\/product_brand?post=34395"},{"taxonomy":"product_cat","embeddable":true,"href":"https:\/\/b2b.p2rbike.com\/pl\/wp-json\/wp\/v2\/product_cat?post=34395"},{"taxonomy":"product_tag","embeddable":true,"href":"https:\/\/b2b.p2rbike.com\/pl\/wp-json\/wp\/v2\/product_tag?post=34395"}],"curies":[{"name":"wp","href":"https:\/\/api.w.org\/{rel}","templated":true}]}}