{"id":34422,"date":"2026-01-13T12:17:38","date_gmt":"2026-01-13T11:17:38","guid":{"rendered":"https:\/\/b2b.p2rbike.com\/?post_type=product&#038;p=34422"},"modified":"2026-01-13T13:11:53","modified_gmt":"2026-01-13T12:11:53","slug":"zawor-do-opon-bezdetkowych-p2r-fr-11c-al-46mm-szary-oem-copy-2","status":"publish","type":"product","link":"https:\/\/b2b.p2rbike.com\/pl\/produkt\/zawor-do-opon-bezdetkowych-p2r-fr-11c-al-46mm-szary-oem-copy-2\/","title":{"rendered":"Zaw\u00f3r do opon bezd\u0119tkowych P2R TV46GRY, AL, 46mm, szary (OEM)"},"content":{"rendered":"<ul>\n<li>Zawory bezd\u0119tkowe TV46GRY (FV) s\u0105 wykonane z lekkiego stopu aluminium<\/li>\n<li>Zestaw zawiera <strong>2 szt.<\/strong><\/li>\n<li>D\u0142ugo\u015b\u0107 <strong>46 mm<\/strong><\/li>\n<li>Sze\u015bciok\u0105tny dolny otw\u00f3r\u00a0 i otwory boczne (\u0142atwy do zainstalowania za pomoc\u0105 sze\u015bciok\u0105tnego klucza)<\/li>\n<li>Trzon zaworu z gumow\u0105 uszczelk\u0105 zapobiega wyciekaniu preparatu uszczelniaj\u0105cego i utracie ci\u015bnienia w oponach<\/li>\n<li>Wyposa\u017cona w gumow\u0105 uszczelk\u0119 nakr\u0119tka zaworu zapewnia pewne mocowanie zaworu i zapobiega wyciekaniu preparatu uszczelniaj\u0105cego i utracie ci\u015bnienia w oponach<\/li>\n<li><strong>2 szt.<\/strong> zaworu zawiera nasadk\u0119 z kluczykiem do rozkr\u0119cania zaworu w celu \u0142atwego nape\u0142niania opony preparatem uszczeniaj\u0105cym<\/li>\n<li>Kompatybilny z wi\u0119kszo\u015bci\u0105 popularnych obr\u0119czy i opasek do opon<\/li>\n<\/ul>\n","protected":false},"excerpt":{"rendered":"<p>Zawory bezd\u0119tkowe TV46GRY (FV) s\u0105 wykonane z lekkiego stopu aluminium Zestaw zawiera 2 szt. D\u0142ugo\u015b\u0107 46 mm Sze\u015bciok\u0105tny dolny otw\u00f3r\u00a0<\/p>\n","protected":false},"featured_media":31063,"template":"","meta":{"_acf_changed":false},"product_brand":[],"product_cat":[699,1240],"product_tag":[],"class_list":{"0":"post-34422","1":"product","2":"type-product","3":"status-publish","4":"has-post-thumbnail","6":"product_cat-zawory-bezdetkowe","7":"product_cat-46-mm-pl-2","9":"first","10":"instock","11":"taxable","12":"shipping-taxable","13":"purchasable","14":"product-type-simple"},"bundled_by":[],"bundle_stock_status":"instock","bundle_stock_quantity":48,"bundle_virtual":false,"bundle_layout":"","bundle_add_to_cart_form_location":"","bundle_editable_in_cart":false,"bundle_sold_individually_context":"","bundle_item_grouping":"","bundle_min_size":"","bundle_max_size":"","bundle_price":[],"bundled_items":[],"bundle_sell_ids":[],"acf":[],"_links":{"self":[{"href":"https:\/\/b2b.p2rbike.com\/pl\/wp-json\/wp\/v2\/product\/34422","targetHints":{"allow":["GET"]}}],"collection":[{"href":"https:\/\/b2b.p2rbike.com\/pl\/wp-json\/wp\/v2\/product"}],"about":[{"href":"https:\/\/b2b.p2rbike.com\/pl\/wp-json\/wp\/v2\/types\/product"}],"wp:featuredmedia":[{"embeddable":true,"href":"https:\/\/b2b.p2rbike.com\/pl\/wp-json\/wp\/v2\/media\/31063"}],"wp:attachment":[{"href":"https:\/\/b2b.p2rbike.com\/pl\/wp-json\/wp\/v2\/media?parent=34422"}],"wp:term":[{"taxonomy":"product_brand","embeddable":true,"href":"https:\/\/b2b.p2rbike.com\/pl\/wp-json\/wp\/v2\/product_brand?post=34422"},{"taxonomy":"product_cat","embeddable":true,"href":"https:\/\/b2b.p2rbike.com\/pl\/wp-json\/wp\/v2\/product_cat?post=34422"},{"taxonomy":"product_tag","embeddable":true,"href":"https:\/\/b2b.p2rbike.com\/pl\/wp-json\/wp\/v2\/product_tag?post=34422"}],"curies":[{"name":"wp","href":"https:\/\/api.w.org\/{rel}","templated":true}]}}