{"id":34625,"date":"2026-01-24T14:47:20","date_gmt":"2026-01-24T13:47:20","guid":{"rendered":"https:\/\/b2b.p2rbike.com\/?post_type=product&#038;p=34625"},"modified":"2026-02-20T13:15:56","modified_gmt":"2026-02-20T12:15:56","slug":"p2r-raxxa-black-m-copy","status":"publish","type":"product","link":"https:\/\/b2b.p2rbike.com\/pl\/produkt\/p2r-raxxa-black-m-copy\/","title":{"rendered":"P2R RAXXA black, L"},"content":{"rendered":"<p>DAMSKIE R\u0118KAWICZKI ROWEROWE Z KR\u00d3TKIMI PALCAMI<\/p>\n<p>P2R <strong>RAXXA<\/strong> to superlekkie, przewiewne i wysokiej jako\u015bci r\u0119kawiczki o <strong>dopasowanym kroju, wysokiej jako\u015bci wykonania i wysokim komforcie noszenia<\/strong>, kt\u00f3ry nie zmusza do zdejmowania r\u0119kawiczek, czy to na kr\u00f3tki post\u00f3j na odpoczynek, czy na przerw\u0119 na posi\u0142ek.<br \/>\n<strong>\u201eDRUGA SK\u00d3RA\u201d<\/strong> to trafne okre\u015blenie, kt\u00f3re najlepiej opisuje uczucie noszenia r\u0119kawiczek na d\u0142oni, kt\u00f3re sprawiaj\u0105 wra\u017cenie mniejszych, co jest mo\u017cliwe dzi\u0119ki ulepszonym w\u0142a\u015bciwo\u015bciom materia\u0142u, kt\u00f3rego u\u017cyli\u015bmy do produkcji naszych r\u0119kawiczek.<\/p>\n<p><strong>Uwaga: w celu prawid\u0142owego doboru rozmiaru prosimy o skorzystanie z tabeli rozmiar\u00f3w.<\/strong><\/p>\n<p>Nowy materia\u0142, tzw. siateczka <strong>Lycra<\/strong> o ulepszonych w\u0142a\u015bciwo\u015bciach w\u0142\u00f3kien, idealnie <strong>odwzorowuje powierzchni\u0119 d\u0142oni<\/strong>, zapewniaj\u0105c jednocze\u015bnie <strong>doskona\u0142\u0105 wentylacj\u0119<\/strong>.<br \/>\nDopasowany kr\u00f3j r\u0119kawiczek, <strong>uwzgl\u0119dniaj\u0105cy anatomi\u0119 kobiecej d\u0142oni<\/strong>, idealnie dopasowuje si\u0119 do d\u0142oni i zapewnia maksymalny komfort noszenia.<br \/>\n<strong><br \/>\nPull-on<\/strong> \u2013 wzmocniona cz\u0119\u015b\u0107 na nadgarstku u\u0142atwia zak\u0142adanie r\u0119kawic, a og\u00f3lne wyd\u0142u\u017cenie d\u0142oni chroni wewn\u0119trzn\u0105 cz\u0119\u015b\u0107 nadgarstka w razie nieoczekiwanego upadku.<br \/>\nU nasady palca \u015brodkowego i serdecznego znajduje si\u0119 tzw. <strong>Pull-out<\/strong> z silikonowym nadrukiem\u2026 s\u0105 to paski, kt\u00f3re po poci\u0105gni\u0119ciu palcem wskazuj\u0105cym + \u015brodkowym u\u0142atwiaj\u0105 zdejmowanie r\u0119kawic po treningu lub wycieczce (nawet mokrych r\u0119kawic), a silikon zapewnia r\u00f3wnie\u017c lepsze bezpiecze\u0144stwo podczas zmiany bieg\u00f3w lub hamowania (palce si\u0119 nie \u015blizgaj\u0105).<\/p>\n<p>Przestrze\u0144 przy rozstawionych palcach, kciuku + palcu wskazuj\u0105cym zapewnia <strong>100% ruchomo\u015b\u0107 palc\u00f3w<\/strong>, dzi\u0119ki czemu nie odczuwa si\u0119 praktycznie \u017cadnych ogranicze\u0144 ruchu, co przyczynia si\u0119 do komfortu noszenia, a <strong>dwunitkowe szwy<\/strong> zwi\u0119kszaj\u0105 trwa\u0142o\u015b\u0107 i wytrzyma\u0142o\u015b\u0107 r\u0119kawic (najbardziej nara\u017cona na obci\u0105\u017cenia cz\u0119\u015b\u0107 r\u0119kawic).<br \/>\nGrzbiet kciuka wykonany jest <strong>z materia\u0142u z czesanej mikrofibry poliestrowej <\/strong>(materia\u0142 o przed\u0142u\u017conym w\u0142osiu), kt\u00f3ry doskonale nadaje si\u0119 <strong>do wycierania spoconego czo\u0142a lub zaparowanych okular\u00f3w po wyst\u0119pie<\/strong> (tzw. \u015bciereczka).<br \/>\nProjekt r\u0119kawiczek idealnie uzupe\u0142niaj\u0105 <strong>elementy odblaskowe<\/strong>, kt\u00f3re pe\u0142ni\u0105 nie tylko funkcj\u0119 <strong>estetyczn\u0105<\/strong>, ale r\u00f3wnie\u017c <strong>bezpiecze\u0144stwa<\/strong>, poniewa\u017c znacznie poprawiaj\u0105 widoczno\u015b\u0107 motocyklisty dla nadje\u017cd\u017caj\u0105cych kierowc\u00f3w w warunkach ograniczonej widoczno\u015bci.<\/p>\n<p><strong>Zapi\u0119cie r\u0119kawiczek<\/strong> zosta\u0142o technicznie rozwi\u0105zane na nadgarstku za pomoc\u0105 wysokiej jako\u015bci i mi\u0119kkiego w dotyku rzepu (g\u00f3rna strona zapi\u0119cia), kt\u00f3ry jest niewyczuwalny na d\u0142oni i zosta\u0142 opracowany tak, aby nie uszkadza\u0107 materia\u0142u koszulki.<br \/>\nRozwi\u0105zanie techniczne, polegaj\u0105ce na modyfikacji powierzchni rzepu na spodniej stronie zapi\u0119cia, zmniejsza ryzyko niepo\u017c\u0105danego zaczepiania si\u0119 o w\u0142\u00f3kna koszulki.<\/p>\n<p><strong>D\u0142o\u0144 r\u0119kawiczek<\/strong> ma r\u00f3wnie\u017c idealnie dopasowany kr\u00f3j, kt\u00f3ry <strong>eliminuje<\/strong> nieprzyjemne falowanie materia\u0142u na d\u0142oni podczas zginania palc\u00f3w. Dodatkow\u0105 wentylacj\u0119 d\u0142oni zapewnia <strong>perforacja<\/strong>.<br \/>\nZwi\u0119kszony komfort jazdy zapewniaj\u0105 <strong>\u017celowe wk\u0142adki<\/strong>, kt\u00f3re amortyzuj\u0105 wstrz\u0105sy przenoszone podczas jazdy po szosie lub szlaku i <strong>znacznie zmniejszaj\u0105 ucisk na nerw \u0142okciowy<\/strong>, kt\u00f3ry cz\u0119sto jest przyczyn\u0105 nieprzyjemnego mrowienia w palcach. Silikonowy nadruk gwarantuje bezpieczne dopasowanie do uchwyt\u00f3w.<\/p>\n<p><strong><br \/>\nCECHY<\/strong>:<\/p>\n<ul>\n<li>Wierzch d\u0142oni: wykonany z siateczki <strong>Lycra<\/strong> zapewniaj\u0105cej doskona\u0142\u0105 wentylacj\u0119 grzbietu d\u0142oni<\/li>\n<li>D\u0142o\u0144: wykonana z <strong>Amara<\/strong> (sk\u00f3ry syntetycznej o ulepszonych w\u0142a\u015bciwo\u015bciach) z perforacj\u0105<\/li>\n<li>D\u0142ugo\u015b\u0107 g\u00f3rnej cz\u0119\u015bci r\u0119kawicy odzwierciedla anatomi\u0119 d\u0142oni, jest lekko skr\u00f3cona i umo\u017cliwia <strong>swobodny ruch w nadgarstku<\/strong><\/li>\n<li>Dolna cz\u0119\u015b\u0107 r\u0119kawicy jest <strong>lekko wyd\u0142u\u017cona<\/strong> do nadgarstka i chroni w razie niepo\u017c\u0105danego upadku<\/li>\n<li>Wzmocniona cz\u0119\u015b\u0107 z <strong>podw\u00f3jnym szwem<\/strong> mi\u0119dzy kciukiem a palcem wskazuj\u0105cym dla wi\u0119kszej wytrzyma\u0142o\u015bci i trwa\u0142o\u015bci r\u0119kawicy<\/li>\n<li>Boczna i g\u00f3rna cz\u0119\u015b\u0107 kciuka <strong>z czesan\u0105 \u015bciereczk\u0105 z mikrofibry<\/strong> do wycierania spoconego czo\u0142a lub okular\u00f3w<\/li>\n<li>Wygodne zapi\u0119cie na <strong>rzep<\/strong> na nadgarstku<\/li>\n<li>Wysokiej jako\u015bci rzep o regulowanym rozmiarze <strong>chroni koszulk\u0119<\/strong> i inne cz\u0119\u015bci garderoby <strong>przed przypadkowym zaczepieniem i uszkodzeniem<\/strong><\/li>\n<li>Wzmocniona cz\u0119\u015b\u0107 na nadgarstku, tzw. &#8222;<strong>PULL-ON<\/strong>&#8222;, u\u0142atwiaj\u0105ca zak\u0142adanie r\u0119kawic<\/li>\n<li><strong>Silikonowe p\u0119telki<\/strong> na palcu \u015brodkowym i serdecznym, tzw. &#8222;<strong>PULL&#8221; &#8211; OUT<\/strong>&#8221; dla \u0142atwiejszego zdejmowania r\u0119kawic po \u0107wiczeniach<\/li>\n<li><strong>Silikonowy nadruk<\/strong> na d\u0142oni dla pewnego chwytu<\/li>\n<li><strong>\u017belowe wy\u015bci\u00f3\u0142ki<\/strong> dla wi\u0119kszego komfortu<\/li>\n<li><strong>Elementy odblaskowe<\/strong> dla <strong>lepszej<\/strong> <strong>widoczno\u015bci<\/strong> i <strong>bezpiecze\u0144stwa biernego<\/strong><\/li>\n<\/ul>\n<p><strong><br \/>\nSK\u0141AD MATERIA\u0141U:<\/strong><\/p>\n<p><strong>Wewn\u0105trz r\u0119kawicy<\/strong>: Poliester 92%, Poliuretan 5%, PVC 3%<\/p>\n<p><strong>Grzbiet d\u0142oni<\/strong>: Poliester 90%, Nylon 10%<strong><\/p>\n<p>OPAKOWANIE<\/strong>:\u00a0 \u2022 Karta P2R<\/p>\n<p><strong><br \/>\nWERSJE KOLORYSTYCZNE:<\/strong><\/p>\n<ul>\n<li>Czarno-czarny<\/li>\n<li>Czarno-r\u00f3\u017cowy<\/li>\n<li>Czarno-fioletowy<\/li>\n<\/ul>\n","protected":false},"excerpt":{"rendered":"<p>DAMSKIE R\u0118KAWICZKI ROWEROWE Z KR\u00d3TKIMI PALCAMI P2R RAXXA to superlekkie, przewiewne i wysokiej jako\u015bci r\u0119kawiczki o dopasowanym kroju, wysokiej jako\u015bci<\/p>\n","protected":false},"featured_media":34606,"template":"","meta":{"_acf_changed":false},"product_brand":[],"product_cat":[1086,1087],"product_tag":[],"class_list":{"0":"post-34625","1":"product","2":"type-product","3":"status-publish","4":"has-post-thumbnail","6":"product_cat-rkawice","7":"product_cat-rekawice-damskie","9":"first","10":"outofstock","11":"taxable","12":"shipping-taxable","13":"purchasable","14":"product-type-simple"},"bundled_by":[],"bundle_stock_status":"outofstock","bundle_stock_quantity":0,"bundle_virtual":false,"bundle_layout":"","bundle_add_to_cart_form_location":"","bundle_editable_in_cart":false,"bundle_sold_individually_context":"","bundle_item_grouping":"","bundle_min_size":"","bundle_max_size":"","bundle_price":[],"bundled_items":[],"bundle_sell_ids":[],"acf":[],"_links":{"self":[{"href":"https:\/\/b2b.p2rbike.com\/pl\/wp-json\/wp\/v2\/product\/34625","targetHints":{"allow":["GET"]}}],"collection":[{"href":"https:\/\/b2b.p2rbike.com\/pl\/wp-json\/wp\/v2\/product"}],"about":[{"href":"https:\/\/b2b.p2rbike.com\/pl\/wp-json\/wp\/v2\/types\/product"}],"wp:featuredmedia":[{"embeddable":true,"href":"https:\/\/b2b.p2rbike.com\/pl\/wp-json\/wp\/v2\/media\/34606"}],"wp:attachment":[{"href":"https:\/\/b2b.p2rbike.com\/pl\/wp-json\/wp\/v2\/media?parent=34625"}],"wp:term":[{"taxonomy":"product_brand","embeddable":true,"href":"https:\/\/b2b.p2rbike.com\/pl\/wp-json\/wp\/v2\/product_brand?post=34625"},{"taxonomy":"product_cat","embeddable":true,"href":"https:\/\/b2b.p2rbike.com\/pl\/wp-json\/wp\/v2\/product_cat?post=34625"},{"taxonomy":"product_tag","embeddable":true,"href":"https:\/\/b2b.p2rbike.com\/pl\/wp-json\/wp\/v2\/product_tag?post=34625"}],"curies":[{"name":"wp","href":"https:\/\/api.w.org\/{rel}","templated":true}]}}