{"id":21705,"date":"2022-08-11T13:09:39","date_gmt":"2022-08-11T11:09:39","guid":{"rendered":"https:\/\/b2b.p2rbike.com\/product\/p2r-dbp-03or-placute-de-frana-shimano-saint-xtr-4-pistone-organice\/"},"modified":"2022-08-11T13:09:39","modified_gmt":"2022-08-11T11:09:39","slug":"p2r-dbp-03or-shimano-saint-xtr-4-piston-brakes-pads-organic","status":"publish","type":"product","link":"https:\/\/b2b.p2rbike.com\/ro\/produs\/p2r-dbp-03or-shimano-saint-xtr-4-piston-brakes-pads-organic\/","title":{"rendered":"P2R DBP-03OR pl\u0103cu\u021be de fr\u00e2n\u0103 SHIMANO SAINT\/XTR 4 PISTONE, organice"},"content":{"rendered":"<p>Pl\u0103cu\u021be de fr\u00e2n\u0103 P2R potrivite pentru fr\u00e2ne cu disc. Kevlar \u0219i ceramic\u0103 \u0219i materialul compozit cu frecare mare ofer\u0103 performan\u021be de fr\u00e2nare constant ridicate.<\/p>\n<p><strong>COMPATIBILITY<\/strong>:<br \/>\n<b><\/b><\/p>\n<ul>\n<li><b>SHIMANO: <\/b>XTR (4 pistons), SAINT 2008 M810, ZEE BR-M640, BR-M820, TRP QUADIEM<\/li>\n<\/ul>\n<p><strong>CARACTERISTICI:<\/strong><br \/>\n<b>Material:<\/b> pl\u0103cile de o\u021bel din spate sunt realizate din o\u021bel <b>SAPH 440<\/b>, ofer\u0103 \u00eent\u0103rire<br \/>\n<b>Du Pont Kevlar<\/b> \u2013 pentru durabilitate mai mare \u0219i ciclu de via\u021b\u0103 prelungit \u0219i performan\u021b\u0103 de fr\u00e2nare constant\u0103. Elimin\u0103 zgomotul nepl\u0103cut \u00een timpul fr\u00e2n\u0103rii.<\/p>\n<p>GREUTATE: <strong>39 g<\/strong>\/pair<\/p>\n<p>IMPACHETARE: P2R packging card<\/p>\n<p>&nbsp;<\/p>\n<p>&nbsp;<\/p>\n<p>&nbsp;<\/p>\n","protected":false},"excerpt":{"rendered":"<p>Pl\u0103cu\u021be de fr\u00e2n\u0103 P2R potrivite pentru fr\u00e2ne cu disc. Kevlar \u0219i ceramic\u0103 \u0219i materialul compozit cu frecare mare ofer\u0103 performan\u021be<\/p>\n","protected":false},"featured_media":19878,"template":"","meta":{"_acf_changed":false},"product_brand":[],"product_cat":[550,571],"product_tag":[],"class_list":{"0":"post-21705","1":"product","2":"type-product","3":"status-publish","4":"has-post-thumbnail","6":"product_cat-accesorii-de-frana","7":"product_cat-placute-de-frana","9":"first","10":"instock","11":"taxable","12":"shipping-taxable","13":"purchasable","14":"product-type-simple"},"bundled_by":[],"bundle_stock_status":"instock","bundle_stock_quantity":57,"bundle_virtual":false,"bundle_layout":"","bundle_add_to_cart_form_location":"","bundle_editable_in_cart":false,"bundle_sold_individually_context":"","bundle_item_grouping":"","bundle_min_size":"","bundle_max_size":"","bundle_price":[],"bundled_items":[],"bundle_sell_ids":[],"acf":[],"_links":{"self":[{"href":"https:\/\/b2b.p2rbike.com\/ro\/wp-json\/wp\/v2\/product\/21705","targetHints":{"allow":["GET"]}}],"collection":[{"href":"https:\/\/b2b.p2rbike.com\/ro\/wp-json\/wp\/v2\/product"}],"about":[{"href":"https:\/\/b2b.p2rbike.com\/ro\/wp-json\/wp\/v2\/types\/product"}],"wp:featuredmedia":[{"embeddable":true,"href":"https:\/\/b2b.p2rbike.com\/ro\/wp-json\/wp\/v2\/media\/19878"}],"wp:attachment":[{"href":"https:\/\/b2b.p2rbike.com\/ro\/wp-json\/wp\/v2\/media?parent=21705"}],"wp:term":[{"taxonomy":"product_brand","embeddable":true,"href":"https:\/\/b2b.p2rbike.com\/ro\/wp-json\/wp\/v2\/product_brand?post=21705"},{"taxonomy":"product_cat","embeddable":true,"href":"https:\/\/b2b.p2rbike.com\/ro\/wp-json\/wp\/v2\/product_cat?post=21705"},{"taxonomy":"product_tag","embeddable":true,"href":"https:\/\/b2b.p2rbike.com\/ro\/wp-json\/wp\/v2\/product_tag?post=21705"}],"curies":[{"name":"wp","href":"https:\/\/api.w.org\/{rel}","templated":true}]}}