{"id":21708,"date":"2022-08-21T09:09:10","date_gmt":"2022-08-21T07:09:10","guid":{"rendered":"https:\/\/b2b.p2rbike.com\/product\/p2r-manit-16\/"},"modified":"2022-08-21T09:09:10","modified_gmt":"2022-08-21T07:09:10","slug":"p2r-manit-16","status":"publish","type":"product","link":"https:\/\/b2b.p2rbike.com\/ro\/produs\/p2r-manit-16\/","title":{"rendered":"P2R MANIT 16"},"content":{"rendered":"<p><strong>SCULE DE CICLISM MANIT 16<\/strong><\/p>\n<p>Mini unealt\u0103 compact\u0103 pentru biciclet\u0103, cu 16 func\u021bii, realizat\u0103 din o\u021bel crom-vanadiu (<strong>Cr-V)<\/strong>. Pl\u0103ci laterale u\u0219oare \u0219i cu form\u0103 ergonomic\u0103, cu sigla P2R imprimat\u0103 cu laser pentru o prindere mai bun\u0103 \u0219i mai sigur\u0103 \u0219i o transportare u\u0219oar\u0103 oriunde dori\u021bi, cum ar fi \u00eentr-un rucsac, o geant\u0103 de \u0219a sau un buzunar al hanoracului.<\/p>\n<p><strong>CARACTERISTICI:<\/strong><\/p>\n<ul>\n<li>Hex 2\/2,5\/3\/4\/5\/6\/8 mm<\/li>\n<li>\u0218urubelni\u021b\u0103 Philips PH2<\/li>\n<li>\u0218urubelni\u021b\u0103 cu cap plat nr. 5<\/li>\n<li>Torx T25<\/li>\n<li>Nit lant 7-11 SPD<\/li>\n<li>Cheie cu spi\u021be: 13 (3,23)\/ 14 (3,32)\/ 15 (3,47)\/ 16 (3,96)\/ MAVIC spline<\/li>\n<li>Deschizator de sticle<\/li>\n<\/ul>\n<p>DIMENSIUNI: <strong>70 x 42 x 10 mm<\/strong><\/p>\n<p>GERUTATE: <strong>109 g<\/strong><\/p>\n<p>IMPACHETARE: P2R card antet ambalaj<\/p>\n","protected":false},"excerpt":{"rendered":"<p>SCULE DE CICLISM MANIT 16 Mini unealt\u0103 compact\u0103 pentru biciclet\u0103, cu 16 func\u021bii, realizat\u0103 din o\u021bel crom-vanadiu (Cr-V). Pl\u0103ci laterale<\/p>\n","protected":false},"featured_media":19858,"template":"","meta":{"_acf_changed":false},"product_brand":[],"product_cat":[559,1166],"product_tag":[],"class_list":{"0":"post-21708","1":"product","2":"type-product","3":"status-publish","4":"has-post-thumbnail","6":"product_cat-scule","7":"product_cat-mini-bike-tool-ro","9":"first","10":"instock","11":"taxable","12":"shipping-taxable","13":"purchasable","14":"product-type-simple"},"bundled_by":[],"bundle_stock_status":"instock","bundle_stock_quantity":114,"bundle_virtual":false,"bundle_layout":"","bundle_add_to_cart_form_location":"","bundle_editable_in_cart":false,"bundle_sold_individually_context":"","bundle_item_grouping":"","bundle_min_size":"","bundle_max_size":"","bundle_price":[],"bundled_items":[],"bundle_sell_ids":[],"acf":[],"_links":{"self":[{"href":"https:\/\/b2b.p2rbike.com\/ro\/wp-json\/wp\/v2\/product\/21708","targetHints":{"allow":["GET"]}}],"collection":[{"href":"https:\/\/b2b.p2rbike.com\/ro\/wp-json\/wp\/v2\/product"}],"about":[{"href":"https:\/\/b2b.p2rbike.com\/ro\/wp-json\/wp\/v2\/types\/product"}],"wp:featuredmedia":[{"embeddable":true,"href":"https:\/\/b2b.p2rbike.com\/ro\/wp-json\/wp\/v2\/media\/19858"}],"wp:attachment":[{"href":"https:\/\/b2b.p2rbike.com\/ro\/wp-json\/wp\/v2\/media?parent=21708"}],"wp:term":[{"taxonomy":"product_brand","embeddable":true,"href":"https:\/\/b2b.p2rbike.com\/ro\/wp-json\/wp\/v2\/product_brand?post=21708"},{"taxonomy":"product_cat","embeddable":true,"href":"https:\/\/b2b.p2rbike.com\/ro\/wp-json\/wp\/v2\/product_cat?post=21708"},{"taxonomy":"product_tag","embeddable":true,"href":"https:\/\/b2b.p2rbike.com\/ro\/wp-json\/wp\/v2\/product_tag?post=21708"}],"curies":[{"name":"wp","href":"https:\/\/api.w.org\/{rel}","templated":true}]}}