{"id":21904,"date":"2022-08-11T13:07:19","date_gmt":"2022-08-11T11:07:19","guid":{"rendered":"https:\/\/b2b.p2rbike.com\/product\/p2r-rodeo-s-m-55-58cm-negru-rosu-mat-si-stralucitor\/"},"modified":"2022-08-11T13:07:19","modified_gmt":"2022-08-11T11:07:19","slug":"p2r-rodeo-s-m-55-58cm-black-redmattshine","status":"publish","type":"product","link":"https:\/\/b2b.p2rbike.com\/ro\/produs\/p2r-rodeo-s-m-55-58cm-black-redmattshine\/","title":{"rendered":"P2R RODEO, S\/M (55-58cm), negru-ro\u0219u, mat \u0219i str\u0103lucitor"},"content":{"rendered":"<p><strong>MODEL ROAD<\/strong><\/p>\n<p>P2R RODEO este cel mai nou model de casc\u0103 al nostru elegant, dedicat siguran\u021bei \u00een cursele rutiere, dedicat tuturor celor care iubesc libertatea \u0219i sentimentul de plimbare cu bicicleta.<br \/>\nCu structura <strong>de tip triplu de ultim\u0103 genera\u021bie<\/strong>, aspectul modern, efectul de r\u0103cire, sistemul de potrivire asigur\u0103 reglarea perfect\u0103 a \u00een\u0103l\u021bimii \u0219i designul curat pentru curse de drum, ve\u021bi ar\u0103ta uimitor \u0219i v\u0103 ve\u021bi sim\u021bi grozav oric\u00e2nd \u0219i oriunde ve\u021bi merge.<\/p>\n<p><strong>CARACTERISTICI:<\/strong><br \/>\n\u2022 Tehnologie Tripple in-mold &#8211; pentru fuziunea durabil\u0103 a stratului interior EPS \u0219i a carcasei exterioare din PC<br \/>\n\u2022 Ventilatie: 17 orificii de aerisire de dimensiuni mari iti pastreaza capul sub un flux de aer optim<br \/>\n\u2022 Greutate: S\/M (55-58 cm) &#8211; <strong>220 g,<\/strong> M\/L (59-61 cm) &#8211; <strong>240 g<\/strong><br \/>\n\u2022 Catarama curelei: schimbarea lungimii curelei mai u\u0219or c\u00e2nd este deschis\u0103, pozi\u021bie stabil\u0103 a cataramei c\u00e2nd este \u00eenchis\u0103<br \/>\n\u2022 Sistem de inel cu cadran: poate fi operat cu usurinta chiar si cu o singura mana si cu manusi<br \/>\n\u2022 Captuseala lavabila <strong>antibacteriana<\/strong> te mentine uscat si curat<br \/>\n\u2022 Detalii reflectorizante: pentru o mai mare siguran\u021b\u0103 \u0219i vizibilitate<br \/>\n\u2022 <strong>Certificat CE<\/strong>: asigur\u0103 c\u0103 acest model \u00eendepline\u0219te standardul de siguran\u021b\u0103 al UE<\/p>\n<p>AMBALAJ: casca RODEO, manual de utilizare<\/p>\n<p><strong>culori:<\/strong><br \/>\n\u2022 Negru-negru, mat \u0219i str\u0103lucitor<br \/>\n\u2022 Negru-fluo, mat \u0219i str\u0103lucitor<br \/>\n\u2022 Negru-magenta, mat \u0219i str\u0103lucitor<br \/>\n\u2022 Negru-rosu, mat si stralucitor<br \/>\n\u2022 alb-negru-rosu, mat si stralucitor<\/p>\n","protected":false},"excerpt":{"rendered":"<p>MODEL ROAD P2R RODEO este cel mai nou model de casc\u0103 al nostru elegant, dedicat siguran\u021bei \u00een cursele rutiere, dedicat<\/p>\n","protected":false},"featured_media":18028,"template":"","meta":{"_acf_changed":false},"product_brand":[],"product_cat":[576,577],"product_tag":[],"class_list":{"0":"post-21904","1":"product","2":"type-product","3":"status-publish","4":"has-post-thumbnail","6":"product_cat-casti","7":"product_cat-casca-de-curse-xc-road","9":"first","10":"instock","11":"sale","12":"taxable","13":"shipping-taxable","14":"purchasable","15":"product-type-simple"},"bundled_by":[],"bundle_stock_status":"instock","bundle_stock_quantity":39,"bundle_virtual":false,"bundle_layout":"","bundle_add_to_cart_form_location":"","bundle_editable_in_cart":false,"bundle_sold_individually_context":"","bundle_item_grouping":"","bundle_min_size":"","bundle_max_size":"","bundle_price":[],"bundled_items":[],"bundle_sell_ids":[],"acf":[],"_links":{"self":[{"href":"https:\/\/b2b.p2rbike.com\/ro\/wp-json\/wp\/v2\/product\/21904","targetHints":{"allow":["GET"]}}],"collection":[{"href":"https:\/\/b2b.p2rbike.com\/ro\/wp-json\/wp\/v2\/product"}],"about":[{"href":"https:\/\/b2b.p2rbike.com\/ro\/wp-json\/wp\/v2\/types\/product"}],"wp:featuredmedia":[{"embeddable":true,"href":"https:\/\/b2b.p2rbike.com\/ro\/wp-json\/wp\/v2\/media\/18028"}],"wp:attachment":[{"href":"https:\/\/b2b.p2rbike.com\/ro\/wp-json\/wp\/v2\/media?parent=21904"}],"wp:term":[{"taxonomy":"product_brand","embeddable":true,"href":"https:\/\/b2b.p2rbike.com\/ro\/wp-json\/wp\/v2\/product_brand?post=21904"},{"taxonomy":"product_cat","embeddable":true,"href":"https:\/\/b2b.p2rbike.com\/ro\/wp-json\/wp\/v2\/product_cat?post=21904"},{"taxonomy":"product_tag","embeddable":true,"href":"https:\/\/b2b.p2rbike.com\/ro\/wp-json\/wp\/v2\/product_tag?post=21904"}],"curies":[{"name":"wp","href":"https:\/\/api.w.org\/{rel}","templated":true}]}}