{"id":21931,"date":"2022-08-11T13:07:19","date_gmt":"2022-08-11T11:07:19","guid":{"rendered":"https:\/\/b2b.p2rbike.com\/product\/p2r-dapp-s-51-54cm-masliniu-matt\/"},"modified":"2026-01-25T12:42:33","modified_gmt":"2026-01-25T11:42:33","slug":"p2r-dapp-s-51-54cm-dark-olivematt","status":"publish","type":"product","link":"https:\/\/b2b.p2rbike.com\/ro\/produs\/p2r-dapp-s-51-54cm-dark-olivematt\/","title":{"rendered":"P2R DAPP, S (51-54cm), masliniu, Matt"},"content":{"rendered":"<p><strong>CAST\u0102 BMX \/ CAST\u0102 MULTI SPORT<\/strong><\/p>\n<p>Modelul <strong>P2R DAPP<\/strong> este dezvoltat pentru <strong>cicli\u0219ti de BMX c<\/strong>u privire la toate \u00eentreb\u0103rile pe care le primim de la comunitatea de cicli\u0219ti BMX.<br \/>\n<strong>M\u0103rimea S<\/strong> DAPP pentru cicli\u0219ti mai mici permite utilizarea acestui model pentru activit\u0103\u021bile lor multi-sport <strong>si pentru incepatori.<\/strong><\/p>\n<p><strong>CARACTERISTICI:<\/strong><br \/>\n<strong>\u2022 Tehnologia ABS<\/strong> &#8211; cu designul durabil al semi-cochii \u0219i partea din spate extins\u0103 ofer\u0103 cea mai bun\u0103 siguran\u021b\u0103<br \/>\n<strong>\u2022 12 canale de aer<\/strong> asigur\u0103 o ventila\u021bie perfect\u0103 a capului \u0219i un flux optim de aer<br \/>\n\u2022 Forma interioar\u0103 <strong>optimizat\u0103<\/strong> &#8211; nu sim\u021bi ceea ce asigur\u0103 confortul<br \/>\n<strong>\u2022 3 marimi disponibile<\/strong> &#8211; S, M, L ca sa o poti alege pe cea care ti se potriveste bine<br \/>\n<strong>\u2022 Sistem de cadran reglabil pe vertical\u0103<\/strong>, cu func\u021bie perfect\u0103 \u0219i neted\u0103 pentru o potrivire perfect\u0103 \u0219i perfect\u0103<br \/>\n\u2022 Captuseala interioara &#8211; te mentine uscat si curat<br \/>\n\u2022 greutate: S &#8211; <strong>336 g<\/strong>, M &#8211; <strong>376 g<\/strong>, S &#8211; <strong>403 g<\/strong><br \/>\n\u2022 <strong>Certificat CE:<\/strong> asigur\u0103 c\u0103 acest model \u00eendepline\u0219te standardul de siguran\u021b\u0103 al UE<\/p>\n<p>AMBALAJ: casca P2R DAPP, manual de utilizare<\/p>\n","protected":false},"excerpt":{"rendered":"<p>CAST\u0102 BMX \/ CAST\u0102 MULTI SPORT Modelul P2R DAPP este dezvoltat pentru cicli\u0219ti de BMX cu privire la toate \u00eentreb\u0103rile<\/p>\n","protected":false},"featured_media":17758,"template":"","meta":{"_acf_changed":false},"product_brand":[],"product_cat":[1397,576],"product_tag":[],"class_list":{"0":"post-21931","1":"product","2":"type-product","3":"status-publish","4":"has-post-thumbnail","6":"product_cat-casca-bmx","7":"product_cat-casti","9":"first","10":"instock","11":"sale","12":"taxable","13":"shipping-taxable","14":"purchasable","15":"product-type-simple"},"bundled_by":[],"bundle_stock_status":"instock","bundle_stock_quantity":50,"bundle_virtual":false,"bundle_layout":"","bundle_add_to_cart_form_location":"","bundle_editable_in_cart":false,"bundle_sold_individually_context":"","bundle_item_grouping":"","bundle_min_size":"","bundle_max_size":"","bundle_price":[],"bundled_items":[],"bundle_sell_ids":[],"acf":[],"_links":{"self":[{"href":"https:\/\/b2b.p2rbike.com\/ro\/wp-json\/wp\/v2\/product\/21931","targetHints":{"allow":["GET"]}}],"collection":[{"href":"https:\/\/b2b.p2rbike.com\/ro\/wp-json\/wp\/v2\/product"}],"about":[{"href":"https:\/\/b2b.p2rbike.com\/ro\/wp-json\/wp\/v2\/types\/product"}],"wp:featuredmedia":[{"embeddable":true,"href":"https:\/\/b2b.p2rbike.com\/ro\/wp-json\/wp\/v2\/media\/17758"}],"wp:attachment":[{"href":"https:\/\/b2b.p2rbike.com\/ro\/wp-json\/wp\/v2\/media?parent=21931"}],"wp:term":[{"taxonomy":"product_brand","embeddable":true,"href":"https:\/\/b2b.p2rbike.com\/ro\/wp-json\/wp\/v2\/product_brand?post=21931"},{"taxonomy":"product_cat","embeddable":true,"href":"https:\/\/b2b.p2rbike.com\/ro\/wp-json\/wp\/v2\/product_cat?post=21931"},{"taxonomy":"product_tag","embeddable":true,"href":"https:\/\/b2b.p2rbike.com\/ro\/wp-json\/wp\/v2\/product_tag?post=21931"}],"curies":[{"name":"wp","href":"https:\/\/api.w.org\/{rel}","templated":true}]}}