{"id":21955,"date":"2022-08-11T13:06:52","date_gmt":"2022-08-11T11:06:52","guid":{"rendered":"https:\/\/b2b.p2rbike.com\/product\/p2r-fortex-s-m-55-58-cm-mat-ocean-blue-charcoal\/"},"modified":"2022-08-11T13:06:52","modified_gmt":"2022-08-11T11:06:52","slug":"p2r-fortex-s-m-55-58-cm-matte-ocean-blue-charcoal","status":"publish","type":"product","link":"https:\/\/b2b.p2rbike.com\/ro\/produs\/p2r-fortex-s-m-55-58-cm-matte-ocean-blue-charcoal\/","title":{"rendered":"P2R FORTEX S\/M (55-58 cm), Mat Ocean Blue\/Charcoal"},"content":{"rendered":"<p><strong>CASCA RAIL<\/strong><\/p>\n<p><strong>P2R FORTEX<\/strong> ofer\u0103 o nou\u0103 op\u021biune pentru to\u021bi cicli\u0219tii de trail con\u0219tien\u021bi de siguran\u021b\u0103 \u0219i stil. Cursa trail este mai rapid\u0103 \u0219i mai agresiv\u0103 dec\u00e2t oric\u00e2nd, iar siguran\u021ba este primul lucru pe care l-am considerat, \u00eenainte ca noul nostru model s\u0103 fie dezvoltat. De asemenea, ar trebui s\u0103 lua\u021bi \u00een considerare acest lucru \u0219i s\u0103 v\u0103 p\u0103stra\u021bi \u00een siguran\u021b\u0103 oric\u00e2nd \u0219i oriunde merge\u021bi!<\/p>\n<p><strong>CARACTERISTICI:<\/strong><br \/>\n<strong>\u2022 Tehnologie dubl\u0103 \u00een matri\u021b\u0103 &#8211;<\/strong> exist\u0103 2 carcase, carcasa superioar\u0103 \u0219i carcasa inferioar\u0103 utilizate pentru P2R FORTEX.<br \/>\n<strong>\u2022 Acoperire extins\u0103<\/strong> \u0219i geometrie optimizat\u0103: se potrive\u0219te bine \u0219i protejeaz\u0103 superb<br \/>\n<strong>\u2022 Vizor: Vizorul de marime mare reglabil<\/strong> pe inaltime permite reglarea inaltimii acestuia in mai multe pozitii<br \/>\n\u2022 Curea pentru ochelari de protec\u021bie: <strong>men\u021bine ochelarii dumneavoastr\u0103 \u00een pozi\u021bia corect\u0103<\/strong> tot timpul c\u0103l\u0103toriei<br \/>\n\u2022 Sistem de reglare: v\u0103 pute\u021bi sim\u021bi \u00een siguran\u021b\u0103 \u0219i \u00een siguran\u021b\u0103, indiferent unde merge\u021bi<br \/>\n\u2022 Greutate: S\/M &#8211; <strong>260 g<\/strong>, M\/L &#8211; <strong>300 g<\/strong><br \/>\n<strong>\u2022 23 de orificii de ventila\u021bie<\/strong> m\u00e2nereaz\u0103 ventila\u021bia pentru a v\u0103 men\u021bine capul un confort optim al fluxului de aer<br \/>\n\u2022 Catarame curele P2R: <strong>PBPA<\/strong> (ajustarea perfect\u0103 a pozi\u021biei cataramei) asigur\u0103 confortul \u0219i evit\u0103 trecerea curelei sub urechi.<br \/>\n\u2022 c\u0103ptu\u0219eal\u0103 interioar\u0103 <strong>COOLMAX<\/strong> antibacterian\u0103 cu plas\u0103 antiinsecte pentru cea mai bun\u0103 protec\u021bie<br \/>\n<strong>\u2022 Certificat CE:<\/strong> asigur\u0103 c\u0103 acest model \u00eendepline\u0219te standardul de siguran\u021b\u0103 al UE<\/p>\n<p><strong>AMBALAJ: ca<\/strong>sca FORTEX, manual de utilizare<\/p>\n<p><strong>CULORI DISPONIBILE:<\/strong><br \/>\n\u2022 Matte Army Green\/Charcoal<br \/>\n\u2022 Matte Black<br \/>\n\u2022 Matte Lime\/Charcoal<br \/>\n\u2022 Matte Ocean Blue\/Charcoal<br \/>\n\u2022 Matte Sky Blue<br \/>\n\u2022 Matte Turquoise\/Charcoal<\/p>\n","protected":false},"excerpt":{"rendered":"<p>CASCA RAIL P2R FORTEX ofer\u0103 o nou\u0103 op\u021biune pentru to\u021bi cicli\u0219tii de trail con\u0219tien\u021bi de siguran\u021b\u0103 \u0219i stil. Cursa trail<\/p>\n","protected":false},"featured_media":17518,"template":"","meta":{"_acf_changed":false},"product_brand":[],"product_cat":[576,1097],"product_tag":[],"class_list":{"0":"post-21955","1":"product","2":"type-product","3":"status-publish","4":"has-post-thumbnail","6":"product_cat-casti","7":"product_cat-casca-de-curse","9":"first","10":"instock","11":"taxable","12":"shipping-taxable","13":"purchasable","14":"product-type-simple"},"bundled_by":[],"bundle_stock_status":"instock","bundle_stock_quantity":21,"bundle_virtual":false,"bundle_layout":"","bundle_add_to_cart_form_location":"","bundle_editable_in_cart":false,"bundle_sold_individually_context":"","bundle_item_grouping":"","bundle_min_size":"","bundle_max_size":"","bundle_price":[],"bundled_items":[],"bundle_sell_ids":[],"acf":[],"_links":{"self":[{"href":"https:\/\/b2b.p2rbike.com\/ro\/wp-json\/wp\/v2\/product\/21955","targetHints":{"allow":["GET"]}}],"collection":[{"href":"https:\/\/b2b.p2rbike.com\/ro\/wp-json\/wp\/v2\/product"}],"about":[{"href":"https:\/\/b2b.p2rbike.com\/ro\/wp-json\/wp\/v2\/types\/product"}],"wp:featuredmedia":[{"embeddable":true,"href":"https:\/\/b2b.p2rbike.com\/ro\/wp-json\/wp\/v2\/media\/17518"}],"wp:attachment":[{"href":"https:\/\/b2b.p2rbike.com\/ro\/wp-json\/wp\/v2\/media?parent=21955"}],"wp:term":[{"taxonomy":"product_brand","embeddable":true,"href":"https:\/\/b2b.p2rbike.com\/ro\/wp-json\/wp\/v2\/product_brand?post=21955"},{"taxonomy":"product_cat","embeddable":true,"href":"https:\/\/b2b.p2rbike.com\/ro\/wp-json\/wp\/v2\/product_cat?post=21955"},{"taxonomy":"product_tag","embeddable":true,"href":"https:\/\/b2b.p2rbike.com\/ro\/wp-json\/wp\/v2\/product_tag?post=21955"}],"curies":[{"name":"wp","href":"https:\/\/api.w.org\/{rel}","templated":true}]}}