{"id":21958,"date":"2022-08-11T13:06:52","date_gmt":"2022-08-11T11:06:52","guid":{"rendered":"https:\/\/b2b.p2rbike.com\/product\/p2r-fortex-m-l-59-61-cm-mat-sky-blue\/"},"modified":"2022-08-11T13:06:52","modified_gmt":"2022-08-11T11:06:52","slug":"p2r-fortex-m-l-59-61-cm-matte-sky-blue","status":"publish","type":"product","link":"https:\/\/b2b.p2rbike.com\/ro\/produs\/p2r-fortex-m-l-59-61-cm-matte-sky-blue\/","title":{"rendered":"P2R FORTEX, M\/L (59-61 cm), Mat Sky Blue"},"content":{"rendered":"<p><strong>Casca trail<\/strong><\/p>\n<p><strong>P2R FORTEX<\/strong> ofer\u0103 o nou\u0103 op\u021biune pentru to\u021bi cicli\u0219tii de trail con\u0219tien\u021bi de siguran\u021b\u0103 \u0219i stil. Cursa este mai rapid\u0103 \u0219i mai agresiv\u0103 ca niciodat\u0103, iar siguran\u021ba este prima ceea ce am avut \u00een vedere, \u00eenainte ca noul nostru model s\u0103 fie dezvoltat. De asemenea, ar trebui s\u0103 -l lua\u021bi \u00een considerare \u0219i s\u0103 v\u0103 p\u0103stra\u021bi \u00een siguran\u021b\u0103 ori de c\u00e2te ori \u0219i oriunde merge\u021bi!<\/p>\n<p><strong>CARACTERISTICI:<\/strong><br \/>\n<strong>\u2022 Tehnologie casca dubl\u0103 &#8211;<\/strong> Exist\u0103 2 scoici, coaj\u0103 de sus \u0219i coaj\u0103 inferioar\u0103 utilizate pentru P2R Fortex.<br \/>\n<strong>\u2022 Acoperirea extins\u0103 \u0219<\/strong>i geometria optimizate: se potrive\u0219te bine \u0219i protejeaz\u0103 superb<br \/>\n\u2022 VISOR: <strong>reglabil\u0103 \u00een \u00een\u0103l\u021bime<\/strong> permite reglarea \u00een\u0103l\u021bimii sale \u00een mai multe pozi\u021bii<br \/>\n\u2022 Curea de ochelari de protec\u021bie: <strong>p\u0103streaz\u0103 ochelarii de ochelari corec\u021bi<\/strong> tot timpul pe care \u00eel c\u0103l\u0103re\u0219ti<br \/>\n\u2022 Regla\u021bi sistemul: v\u0103 pute\u021bi sim\u021bi \u00een siguran\u021b\u0103 \u0219i \u00een siguran\u021b\u0103, indiferent unde v\u0103 plimba\u021bi<br \/>\n\u2022 Greutate: S\/M &#8211; <strong>260 g<\/strong>, M\/L &#8211; <strong>300 g<\/strong><br \/>\n<strong>\u2022 23 de orificii<\/strong> se ocup\u0103 de ventila\u021bia aerului pentru a v\u0103 men\u021bine capul optim de flux de aer<br \/>\n\u2022 Catarame cu curea P2R<strong>: PBPA (<\/strong>reglarea perfect\u0103 a pozi\u021biei cataramei) asigur\u0103 confortul \u0219i evit\u0103 trecerea curelei sub urechi.<br \/>\n\u2022 Padding interior antibacterian <strong>Coolmax<\/strong> cu plas\u0103 anti-INSECT pentru cea mai bun\u0103 protec\u021bie<br \/>\n<strong>\u2022 Certificat CE: a<\/strong>sigur\u0103 c\u0103 acest model \u00eendepline\u0219te standardul de siguran\u021b\u0103 al UE<\/p>\n<p><strong>Ambalaj:<\/strong> casc\u0103 fortex, manual de utilizare<\/p>\n<p><strong>Culori disponibile:<\/strong><br \/>\n\u2022 Matte Army Green\/Charcoal<br \/>\n\u2022 Matte Black<br \/>\n\u2022 Matte Lime\/Charcoal<br \/>\n\u2022 Matte Ocean Blue\/Charcoal<br \/>\n\u2022 Matte Sky Blue<br \/>\n\u2022 Matte Turquoise\/Charcoal<\/p>\n","protected":false},"excerpt":{"rendered":"<p>Casca trail P2R FORTEX ofer\u0103 o nou\u0103 op\u021biune pentru to\u021bi cicli\u0219tii de trail con\u0219tien\u021bi de siguran\u021b\u0103 \u0219i stil. Cursa este<\/p>\n","protected":false},"featured_media":17458,"template":"","meta":{"_acf_changed":false},"product_brand":[],"product_cat":[576,1097],"product_tag":[],"class_list":{"0":"post-21958","1":"product","2":"type-product","3":"status-publish","4":"has-post-thumbnail","6":"product_cat-casti","7":"product_cat-casca-de-curse","9":"first","10":"outofstock","11":"taxable","12":"shipping-taxable","13":"purchasable","14":"product-type-simple"},"bundled_by":[],"bundle_stock_status":"outofstock","bundle_stock_quantity":0,"bundle_virtual":false,"bundle_layout":"","bundle_add_to_cart_form_location":"","bundle_editable_in_cart":false,"bundle_sold_individually_context":"","bundle_item_grouping":"","bundle_min_size":"","bundle_max_size":"","bundle_price":[],"bundled_items":[],"bundle_sell_ids":[],"acf":[],"_links":{"self":[{"href":"https:\/\/b2b.p2rbike.com\/ro\/wp-json\/wp\/v2\/product\/21958","targetHints":{"allow":["GET"]}}],"collection":[{"href":"https:\/\/b2b.p2rbike.com\/ro\/wp-json\/wp\/v2\/product"}],"about":[{"href":"https:\/\/b2b.p2rbike.com\/ro\/wp-json\/wp\/v2\/types\/product"}],"wp:featuredmedia":[{"embeddable":true,"href":"https:\/\/b2b.p2rbike.com\/ro\/wp-json\/wp\/v2\/media\/17458"}],"wp:attachment":[{"href":"https:\/\/b2b.p2rbike.com\/ro\/wp-json\/wp\/v2\/media?parent=21958"}],"wp:term":[{"taxonomy":"product_brand","embeddable":true,"href":"https:\/\/b2b.p2rbike.com\/ro\/wp-json\/wp\/v2\/product_brand?post=21958"},{"taxonomy":"product_cat","embeddable":true,"href":"https:\/\/b2b.p2rbike.com\/ro\/wp-json\/wp\/v2\/product_cat?post=21958"},{"taxonomy":"product_tag","embeddable":true,"href":"https:\/\/b2b.p2rbike.com\/ro\/wp-json\/wp\/v2\/product_tag?post=21958"}],"curies":[{"name":"wp","href":"https:\/\/api.w.org\/{rel}","templated":true}]}}