{"id":21963,"date":"2022-08-11T13:06:52","date_gmt":"2022-08-11T11:06:52","guid":{"rendered":"https:\/\/b2b.p2rbike.com\/product\/p2r-zenero-s-m-55-58-cm-charcoal-turquoise-2\/"},"modified":"2022-08-11T13:06:52","modified_gmt":"2022-08-11T11:06:52","slug":"p2r-zenero-s-m-55-58-cm-charcoal-turquoise","status":"publish","type":"product","link":"https:\/\/b2b.p2rbike.com\/ro\/produs\/p2r-zenero-s-m-55-58-cm-charcoal-turquoise\/","title":{"rendered":"P2R ZENERO, S\/M (55-58 cm), Charcoal\/Turquoise"},"content":{"rendered":"<p><strong>XC\/MTB MODEL<\/strong><\/p>\n<p><strong>P2R Zenero<\/strong> este cel mai nou model de casc\u0103, concentrat pe siguran\u021b\u0103, la fel de util acas\u0103, \u00een ora\u0219, \u00een afara ora\u0219ului \u0219i la trasee forestiere, datorit\u0103 universalit\u0103\u021bii sale.<br \/>\nDesignul s\u0103u curat, cu vizie de potrivire a <strong>magnetului \u201ebrevetat\u201d,<\/strong> caracteristici tehnice de top, sistem de potrivire nou reglabil, PBPA, inser\u021bii din plastic pentru cea mai bun\u0103 r\u0103cire v\u0103 asigur\u0103 c\u0103 ar\u0103ta\u021bi uimitor \u0219i s\u0103 v\u0103 sim\u021bi\u021bi excelent oriunde \u0219i ori de c\u00e2te ori merge\u021bi.<\/p>\n<p><strong>CARACTERISTICI:<\/strong><\/p>\n<p><strong>1. Tehnologie carcasa dubla &#8211;<\/strong> Exist\u0103 2 straturi utilizate pentru P2R Zenero. \u00cenveli\u0219ul de top acoper\u0103 toate p\u0103r\u021bile castii, acoper\u0103 capul, inclusiv orificiile de r\u0103cire. \u00cenveli\u0219ul inferior acoper\u0103 partea de jos a castii \u0219i protejeaz\u0103 \u00eempotriva daunelor cauzate de pietre sau orice altceva atunci c\u00e2nd pune\u021bi casca pe p\u0103m\u00e2nt.<br \/>\n<strong>2. VISOR:<\/strong> Noul sistem inovator de montare a magnetului, asigur\u0103 designul curat al castii f\u0103r\u0103 g\u0103uri \u00een EPS, iar viziera pus\u0103\/scoate \u00eentr -o secund\u0103<br \/>\n3. Greutate: S\/M (55-58cm) &#8211; <strong>270 g<\/strong>, M\/L (59-61 cm) &#8211; <strong>310 g<\/strong><br \/>\n4. <strong>Inser\u021bie din plastic:<\/strong>Inser\u021bia din plastic \u00een form\u0103 special\u0103 acoper\u0103 p\u0103r\u021bile laterale ale castii pentru <strong>r\u0103cirea \u00eembun\u0103t\u0103\u021bit\u0103 a capului in <\/strong>zilele c\u0103lduroase de var\u0103<br \/>\n<strong>5. 23 orificii de aerisire:<\/strong> pentru ventila\u021bie perfect\u0103 a capului \u0219i flux de aer optim<br \/>\n6<strong>. P2R PBPA (<\/strong>reglarea perfect\u0103 a pozi\u021biei catarama) asigur\u0103 confortul \u0219i evit\u0103 trecerea curelei sub urechi.<br \/>\n<strong>7. Detalii reflexe:<\/strong> pentru siguran\u021b\u0103 \u0219i vizibilitate mai mare<br \/>\n8. Padding interior anti-bacterian <strong>Coolmax<\/strong> cu plas\u0103 anti-INSECT pentru o protec\u021bie maxim\u0103<br \/>\n<strong>8. Certificat CE:<\/strong> Se asigur\u0103, acest model \u00eendepline\u0219te standardul de siguran\u021b\u0103 al UE<\/p>\n<p>Ambalaj: casca zenero, manual de utilizare<\/p>\n<p><strong>culori:<\/strong><br \/>\n\u2022 Army green<br \/>\n\u2022 Charcoal\/Turquoise<br \/>\n\u2022 Matte Black<br \/>\n\u2022 Matte Iceberg<br \/>\n\u2022 Satin Red\/Satin Purple<br \/>\n\u2022 Matte Orange\/White<\/p>\n","protected":false},"excerpt":{"rendered":"<p>XC\/MTB MODEL P2R Zenero este cel mai nou model de casc\u0103, concentrat pe siguran\u021b\u0103, la fel de util acas\u0103, \u00een<\/p>\n","protected":false},"featured_media":17328,"template":"","meta":{"_acf_changed":false},"product_brand":[],"product_cat":[576,612],"product_tag":[],"class_list":{"0":"post-21963","1":"product","2":"type-product","3":"status-publish","4":"has-post-thumbnail","6":"product_cat-casti","7":"product_cat-xc-mtb-helmet-ro","9":"first","10":"instock","11":"sale","12":"taxable","13":"shipping-taxable","14":"purchasable","15":"product-type-simple"},"bundled_by":[],"bundle_stock_status":"instock","bundle_stock_quantity":35,"bundle_virtual":false,"bundle_layout":"","bundle_add_to_cart_form_location":"","bundle_editable_in_cart":false,"bundle_sold_individually_context":"","bundle_item_grouping":"","bundle_min_size":"","bundle_max_size":"","bundle_price":[],"bundled_items":[],"bundle_sell_ids":[],"acf":[],"_links":{"self":[{"href":"https:\/\/b2b.p2rbike.com\/ro\/wp-json\/wp\/v2\/product\/21963","targetHints":{"allow":["GET"]}}],"collection":[{"href":"https:\/\/b2b.p2rbike.com\/ro\/wp-json\/wp\/v2\/product"}],"about":[{"href":"https:\/\/b2b.p2rbike.com\/ro\/wp-json\/wp\/v2\/types\/product"}],"wp:featuredmedia":[{"embeddable":true,"href":"https:\/\/b2b.p2rbike.com\/ro\/wp-json\/wp\/v2\/media\/17328"}],"wp:attachment":[{"href":"https:\/\/b2b.p2rbike.com\/ro\/wp-json\/wp\/v2\/media?parent=21963"}],"wp:term":[{"taxonomy":"product_brand","embeddable":true,"href":"https:\/\/b2b.p2rbike.com\/ro\/wp-json\/wp\/v2\/product_brand?post=21963"},{"taxonomy":"product_cat","embeddable":true,"href":"https:\/\/b2b.p2rbike.com\/ro\/wp-json\/wp\/v2\/product_cat?post=21963"},{"taxonomy":"product_tag","embeddable":true,"href":"https:\/\/b2b.p2rbike.com\/ro\/wp-json\/wp\/v2\/product_tag?post=21963"}],"curies":[{"name":"wp","href":"https:\/\/api.w.org\/{rel}","templated":true}]}}