{"id":21972,"date":"2022-08-11T13:06:24","date_gmt":"2022-08-11T11:06:24","guid":{"rendered":"https:\/\/b2b.p2rbike.com\/product\/p2r-mascot-s-52-56-cm-summer-morning-orange-2\/"},"modified":"2022-08-11T13:06:24","modified_gmt":"2022-08-11T11:06:24","slug":"p2r-mascot-s-52-56-cm-summer-morning-orange","status":"publish","type":"product","link":"https:\/\/b2b.p2rbike.com\/ro\/produs\/p2r-mascot-s-52-56-cm-summer-morning-orange\/","title":{"rendered":"P2R MASCOT, S (52-56 cm), Summer Morning Orange"},"content":{"rendered":"<p><strong>Casca pentru copii<\/strong><\/p>\n<p>The P2R MASCOT Prezint\u0103 un concept nou \u00een siguran\u021ba copiilor. Cu o structur\u0103 \u00een form\u0103 \u0219i o gam\u0103 de dimensiuni largi disponibile: <strong>XS (48-52cm)<\/strong> \u0219i <strong>S (52-56cm),<\/strong> copilul dvs. poate folosi aceast\u0103 casc\u0103 pe m\u0103sur\u0103 ce cre\u0219te de la biciclete de echilibru la biciclete de <strong>12 &#8222;-16&#8221;.<\/strong><br \/>\nCasca este proiectat\u0103 cu o vizier\u0103 integrat\u0103, 12 orificii de aerisire pentru un flux de aer optim, un sistem de potrivire u\u0219or operat pentru o potrivire sigur\u0103 \u0219i sigur\u0103, cataram\u0103 cu curea nou\u0103, c\u0103ptu\u0219irea interioar\u0103 antibacterian\u0103 confortabil\u0103 \u0219i detaliile reflectoare cresc vizibilitatea.<br \/>\nExist\u0103 o op\u021biune special\u0103 pentru p\u0103rin\u021bi, pe care inginerii no\u0219tri implementa\u021bi la Kids Model Mascot, permite o lumin\u0103 re\u00eenc\u0103rcabil\u0103 USB complet integrat\u0103 \u00een partea din spate \u0219i s\u0103 creasc\u0103 o protec\u021bie activ\u0103 \u0219i vizibilitatea copilului dvs. suplimentar).<br \/>\nDesignul dimensiunii <strong>XS<\/strong> este <strong>orientat c\u0103tre copii pentru copii,<\/strong> iar dimensiunea <strong>S<\/strong> este disponibil\u0103 \u00eentr-o serie de c<strong>ulori prietenoase pentru copii,<\/strong> inspirate de adul\u021bii P2R Fortex, a\u0219a c\u0103 l\u0103sa\u021bi-l pe copilul dvs. De fiecare dat\u0103 c\u00e2nd c\u0103l\u0103toresc.<\/p>\n<p><strong>DETALII:<\/strong><br \/>\n<strong>\u2022 Tehnologia in-mold<\/strong> \u00eembun\u0103t\u0103\u021be\u0219te rezisten\u021ba \u0219i reduce greutatea<br \/>\n\u2022 GREUTATE: XS <strong>230 g<\/strong>, S <strong>240 g<\/strong><br \/>\n\u2022 <strong>PBPA<\/strong> (reglarea perfect\u0103 a pozi\u021biei cataramei) &#8211; Pentru confortul \u00eembun\u0103t\u0103\u021bit \u0219i u\u0219urin\u021ba ajust\u0103rilor curelei<br \/>\n<strong>\u2022 Visor integr<\/strong>at &#8211; ofer\u0103 ad\u0103post de lumina soarelui<br \/>\n\u2022 Ventilatoare acoperite cu plas\u0103 pentru protectie impotriva insectelor.<br \/>\n<strong>\u2022 Detalii reflectorizante<\/strong> &#8211; Cre\u0219te\u021bi vizibilitatea<br \/>\n\u2022 Padding interior <strong>antibacterian<\/strong> pentru confort<br \/>\n<strong>\u2022 Certificat CE:<\/strong> Se asigur\u0103, acest model \u00eendepline\u0219te standardul de siguran\u021b\u0103 al UE<\/p>\n<p>Ambalaj: mascot\u0103 casc\u0103, manual de utilizare<\/p>\n<p><strong>Culori disponibile:<\/strong><\/p>\n<p><strong>SIZE S (52-56 cm):<\/strong><br \/>\n\u2022 Army green\/Lime<br \/>\n\u2022 Black\/Racing Red<br \/>\n\u2022 Lime\/Sky Blue<br \/>\n\u2022 Satin Pink\/Rose Pink<br \/>\n\u2022 Summer Morning Orange<\/p>\n<p><strong>SIZE XS (48-52 cm):<\/strong><br \/>\n\u2022 Racing buggy Blue<br \/>\n\u2022 Rainbow purple<br \/>\n\u2022 Space dark blue<br \/>\n\u2022 Sunny smile<\/p>\n","protected":false},"excerpt":{"rendered":"<p>Casca pentru copii The P2R MASCOT Prezint\u0103 un concept nou \u00een siguran\u021ba copiilor. Cu o structur\u0103 \u00een form\u0103 \u0219i o<\/p>\n","protected":false},"featured_media":16968,"template":"","meta":{"_acf_changed":false},"product_brand":[],"product_cat":[576,586],"product_tag":[],"class_list":{"0":"post-21972","1":"product","2":"type-product","3":"status-publish","4":"has-post-thumbnail","6":"product_cat-casti","7":"product_cat-kids-helmet-ro","9":"first","10":"instock","11":"taxable","12":"shipping-taxable","13":"purchasable","14":"product-type-simple"},"bundled_by":[],"bundle_stock_status":"instock","bundle_stock_quantity":59,"bundle_virtual":false,"bundle_layout":"","bundle_add_to_cart_form_location":"","bundle_editable_in_cart":false,"bundle_sold_individually_context":"","bundle_item_grouping":"","bundle_min_size":"","bundle_max_size":"","bundle_price":[],"bundled_items":[],"bundle_sell_ids":[],"acf":[],"_links":{"self":[{"href":"https:\/\/b2b.p2rbike.com\/ro\/wp-json\/wp\/v2\/product\/21972","targetHints":{"allow":["GET"]}}],"collection":[{"href":"https:\/\/b2b.p2rbike.com\/ro\/wp-json\/wp\/v2\/product"}],"about":[{"href":"https:\/\/b2b.p2rbike.com\/ro\/wp-json\/wp\/v2\/types\/product"}],"wp:featuredmedia":[{"embeddable":true,"href":"https:\/\/b2b.p2rbike.com\/ro\/wp-json\/wp\/v2\/media\/16968"}],"wp:attachment":[{"href":"https:\/\/b2b.p2rbike.com\/ro\/wp-json\/wp\/v2\/media?parent=21972"}],"wp:term":[{"taxonomy":"product_brand","embeddable":true,"href":"https:\/\/b2b.p2rbike.com\/ro\/wp-json\/wp\/v2\/product_brand?post=21972"},{"taxonomy":"product_cat","embeddable":true,"href":"https:\/\/b2b.p2rbike.com\/ro\/wp-json\/wp\/v2\/product_cat?post=21972"},{"taxonomy":"product_tag","embeddable":true,"href":"https:\/\/b2b.p2rbike.com\/ro\/wp-json\/wp\/v2\/product_tag?post=21972"}],"curies":[{"name":"wp","href":"https:\/\/api.w.org\/{rel}","templated":true}]}}