{"id":21984,"date":"2022-08-11T13:08:41","date_gmt":"2022-08-11T11:08:41","guid":{"rendered":"https:\/\/b2b.p2rbike.com\/product\/p2r-talix-15-mbd-2\/"},"modified":"2022-08-11T13:08:41","modified_gmt":"2022-08-11T11:08:41","slug":"p2r-talix-15-mbd","status":"publish","type":"product","link":"https:\/\/b2b.p2rbike.com\/ro\/produs\/p2r-talix-15-mbd\/","title":{"rendered":"P2R TALIX 15 MBD"},"content":{"rendered":"<p><strong>Lumina de siguran\u021b\u0103<\/strong><\/p>\n<p><strong>P2R Talix 15 MBD<\/strong> fabricat din materiale din aliaj de aluminiu, <strong>COB LED<\/strong> Luminide de siguran\u021b\u0103 cu diametru compact, \u00een special dezvoltat pentru a oferi cea mai mare siguran\u021b\u0103 \u0219i vizibilitate, cu mai multe caracteristici de top, cum ar fi:<\/p>\n<ul>\n<li>senzor de fr\u00e2nare<\/li>\n<li>Senzor de intensitate luminoasa<\/li>\n<li>sleeping mode<\/li>\n<li>memory effect<\/li>\n<li>Senzor inteligent<\/li>\n<\/ul>\n<p>Regla\u021bi aceast\u0103 lumin\u0103 \u00een sine pentru cea mai bun\u0103 utilizare a func\u021biei dvs. automat. Valoarea real\u0103 a acestei lumini de siguran\u021b\u0103 \u00eei poate satisface pe toti indiferent de scoul utilizarii, chiar \u0219i \u00een timpul zilei sau \u00een noapte.<\/p>\n<p><strong>Setare usoara<\/strong><\/p>\n<p>Odat\u0103 ce lumina este montat\u0103, \u00eenainte de prima mi\u0219care cu bicicleta, 1X ap\u0103sat butonul pornit\/oprit va activa senzorul inteligent &#8211; clipe\u0219te (90 de secunde) \u0219i va configura to\u021bi parametrii necesari pentru cea mai bun\u0103 func\u021bie \u00een sine.<\/p>\n<p><strong>CARACTERISTICI:<\/strong><\/p>\n<p><strong>Senzor de fr\u00e2nare<\/strong>: func\u021bioneaz\u0103 <strong>\u00een orice mod ales<\/strong> \u0219i indic\u0103 fr\u00e2narea dvs. tot timpul inform\u00e2nd \u0219oferii de ma\u0219ini din spatele dvs. cu privire la sc\u0103derea vitezei sau inten\u021bia dvs. opri\u021bi bicicleta cu intensitatea de iluminare a benzii de cob, cresc\u00e2nd <strong>p\u00e2n\u0103 la 200%<\/strong> din intensitatea sa normala timp de 5 secunde.<\/p>\n<p><strong>Senzor intensitate lumina: \u00cen timpul zilei, f\u0103r\u0103 mi\u0219care de biciclet\u0103, dezactiveaz\u0103 func\u021biile de lumin\u0103 \u0219i economise\u0219te capacitatea bateriei (modul de fr\u00e2nare se men\u021bine activat).<\/strong> C\u00e2nd exista conditii intunecate , la prima mi\u0219care a bicicletei, senzorul activeaz\u0103 imediat func\u021bia de siguran\u021b\u0103 a luminii \u0219i lumina de fa\u021b\u0103 sau intermiterea imediat (\u00ee\u0219i aminte\u0219te ultimul mod).<\/p>\n<p><strong>Sleeping mode: \u00een timp ce bicicleta r\u0103m\u00e2ne f\u0103r\u0103 mi\u0219care (nu conteaz\u0103 \u00een timpul zilei sau noaptea), c\u00e2nd au trecut 120 de secunde, acesta trece automat \u00een sleeping mode pana c\u00e2nd bicicleta este miscata.<\/strong><\/p>\n<p><strong>Montare:<\/strong> suportul de siliciu f\u0103r\u0103 instrumente se potrive\u0219te majorit\u0103\u021bii diametrelor.<\/p>\n<p><strong>DETALII:<\/strong><br \/>\nIluminare: 15 LM<strong><\/strong><br \/>\nSursa de lumin\u0103: diod\u0103 cu LED COB<strong><\/strong><br \/>\n<strong>Func\u021bii:<\/strong> 100% Standlight <strong>(3 ore)<\/strong>, intermitent (<strong>12 ore)<\/strong><br \/>\n<strong>Bateria:<\/strong> Standlight 100% (<strong>2h<\/strong>) &#8211; 50% (<strong>4h<\/strong>) &#8211; 25% (<strong>8h<\/strong>)- Flashing 100% (<strong>5h<\/strong>), 50% (<strong>10h<\/strong>), 25% (<strong>20h<\/strong>)<br \/>\n\u00ce<strong>nc\u0103rcarea bateriei:<\/strong> modul de respira\u021bie (<strong>1h 30 min)<\/strong>, complet \u00eenc\u0103rcat &#8211; indicator LED verde pe partea din spate pornit\u0103<br \/>\nTipul bateriei: Li-POL 3.7V 320MAH<strong><\/strong><br \/>\nTimp de \u00eenc\u0103rcare: <strong>1,5 ore<\/strong><\/p>\n<p>DIMENSIUNI: <strong>34*45mm<\/strong>\/<strong>34*50mm<\/strong> (T-wing\/seat post bracket)<br \/>\nGREUTATE: <strong>36g<\/strong>\/<strong>40g<\/strong> (T-wing\/seat post bracket)<br \/>\nImpermeabil: <strong>IPX5<\/strong> (rezistent la ap\u0103)<\/p>\n<p>Putere de iesire<br \/>\n\u2022 standlight \/ flashing 15 Lumen<br \/>\n\u2022 Indica\u021bia de fr\u00e2nare a crescut puterea de ie\u0219ire timp de 5 secunde (25 lumeni)<\/p>\n<p>TIP LED: <strong>COB LED stripe<\/strong><\/p>\n<p>DIMENSIUNI: <strong>42 x 27 x 17 mm<\/strong> (Numai corpul farului)<\/p>\n<p>GREUTATE: <strong>31 g<\/strong><\/p>\n<p>Accesorii: Cablu micro USB (inclus)<\/p>\n<p>Ambalaj: cutie de culori P2R<\/p>\n","protected":false},"excerpt":{"rendered":"<p>Lumina de siguran\u021b\u0103 P2R Talix 15 MBD fabricat din materiale din aliaj de aluminiu, COB LED Luminide de siguran\u021b\u0103 cu<\/p>\n","protected":false},"featured_media":19753,"template":"","meta":{"_acf_changed":false},"product_brand":[],"product_cat":[703,706],"product_tag":[],"class_list":{"0":"post-21984","1":"product","2":"type-product","3":"status-publish","4":"has-post-thumbnail","6":"product_cat-lumina-bicicletei","7":"product_cat-lumina-de-siguranta","9":"first","10":"instock","11":"sale","12":"taxable","13":"shipping-taxable","14":"purchasable","15":"product-type-simple"},"bundled_by":[],"bundle_stock_status":"instock","bundle_stock_quantity":991,"bundle_virtual":false,"bundle_layout":"","bundle_add_to_cart_form_location":"","bundle_editable_in_cart":false,"bundle_sold_individually_context":"","bundle_item_grouping":"","bundle_min_size":"","bundle_max_size":"","bundle_price":[],"bundled_items":[],"bundle_sell_ids":[],"acf":[],"_links":{"self":[{"href":"https:\/\/b2b.p2rbike.com\/ro\/wp-json\/wp\/v2\/product\/21984","targetHints":{"allow":["GET"]}}],"collection":[{"href":"https:\/\/b2b.p2rbike.com\/ro\/wp-json\/wp\/v2\/product"}],"about":[{"href":"https:\/\/b2b.p2rbike.com\/ro\/wp-json\/wp\/v2\/types\/product"}],"wp:featuredmedia":[{"embeddable":true,"href":"https:\/\/b2b.p2rbike.com\/ro\/wp-json\/wp\/v2\/media\/19753"}],"wp:attachment":[{"href":"https:\/\/b2b.p2rbike.com\/ro\/wp-json\/wp\/v2\/media?parent=21984"}],"wp:term":[{"taxonomy":"product_brand","embeddable":true,"href":"https:\/\/b2b.p2rbike.com\/ro\/wp-json\/wp\/v2\/product_brand?post=21984"},{"taxonomy":"product_cat","embeddable":true,"href":"https:\/\/b2b.p2rbike.com\/ro\/wp-json\/wp\/v2\/product_cat?post=21984"},{"taxonomy":"product_tag","embeddable":true,"href":"https:\/\/b2b.p2rbike.com\/ro\/wp-json\/wp\/v2\/product_tag?post=21984"}],"curies":[{"name":"wp","href":"https:\/\/api.w.org\/{rel}","templated":true}]}}