{"id":21988,"date":"2022-08-11T13:08:41","date_gmt":"2022-08-11T11:08:41","guid":{"rendered":"https:\/\/b2b.p2rbike.com\/product\/p2r-fotton-400-new-2\/"},"modified":"2025-04-24T08:27:11","modified_gmt":"2025-04-24T06:27:11","slug":"p2r-fotton-400-new","status":"publish","type":"product","link":"https:\/\/b2b.p2rbike.com\/ro\/produs\/p2r-fotton-400-new\/","title":{"rendered":"P2R FOTTON 400"},"content":{"rendered":"<p><strong>LAMPA FATA<\/strong><\/p>\n<p><strong>P2R FOTTON 400 (<\/strong>model nou din seria P2R FOTTON) este <strong>re\u00eenc\u0103rcabil prin USB<\/strong> de mare putere Lumina frontal\u0103 pentru ciclism (tip USB C), realizat\u0103 din material din aliaj de aluminiu, este dedicat\u0103 tuturor cicli\u0219tilor care doresc cu adev\u0103rat s\u0103 fie v\u0103zu\u021bi pe drum \u0219i doresc s\u0103 aib\u0103 lumina suficient de puternic\u0103 pentru a merge pe biciclet\u0103, indiferent de condi\u021biile de lumin\u0103 din zi, de \u00eentuneric sau trafic foarte mare \u00een ora\u0219, ploaie sau cea\u021b\u0103 etc.<br \/>\nForma fasciculului de lumin\u0103 optimizat\u0103, permite utilizarea acestei lumini \u0219i \u00een diferite scopuri, cum ar fi acas\u0103, tab\u0103r\u0103 sau garaj.<br \/>\nFunc\u021bia de efect de memorie \u00ee\u0219i aminte\u0219te ultimul mod, care lumin\u0103 a fost folosit\u0103 ultima dat\u0103.<\/p>\n<p><strong>CARACTERISTICI:<\/strong><br \/>\nCea mai mare luminozitate: <strong>400 lm<\/strong><br \/>\nSursa de lumina: <strong>1 x CREE XP-G2 SuperBright<\/strong><\/p>\n<p><strong>MODURI<\/strong> disponibile:<br \/>\nstandlight 100%, 70%, 30%<br \/>\nflashing 100%<\/p>\n<p><strong>Durata de via\u021b\u0103 a bateriei:<\/strong><br \/>\nStandlight: 100% (<strong>1h30 min<\/strong>) &#8211; 70% (<strong>2h<\/strong>) &#8211; 30% (<strong>4h30 min<\/strong>)<br \/>\nFlashing: 100% (<strong>3 h<\/strong> )<\/p>\n<p>Timp de \u00eenc\u0103rcare: <strong>2 ore<\/strong><br \/>\nBaterie: <strong>Li-pol 1200 mAh<\/strong><\/p>\n<p><strong>Indicator<\/strong>:<br \/>\nalbastru &#8211; \u00eenc\u0103rcare<br \/>\nro\u0219u &#8211; apare dac\u0103 capacitatea bateriei a atins punctul critic less &gt;10%<\/p>\n<p><strong>DETALII:<\/strong><br \/>\nDimensiune: <strong>70,5 x 30 x 30,5 mm<\/strong> (numai lampa)<br \/>\nGreutate: <strong>94 g<\/strong> (lamp + silicon strap)<br \/>\n<strong>IPX4<\/strong> &#8211; waterproof<\/p>\n<p><strong>ACCESORII:<\/strong><br \/>\nC type USB cable<\/p>\n<p><strong>COMPATIBILITATE:<\/strong><br \/>\ninstalare f\u0103r\u0103 scule pentru majoritatea ghidonelor obi\u0219nuite, cu diametrul 25,4 mm &#8211; 31,8 mm<\/p>\n<p><strong>AMBALARE:<\/strong> cutie de ambalare P2R<\/p>\n","protected":false},"excerpt":{"rendered":"<p>LAMPA FATA P2R FOTTON 400 (model nou din seria P2R FOTTON) este re\u00eenc\u0103rcabil prin USB de mare putere Lumina frontal\u0103<\/p>\n","protected":false},"featured_media":18888,"template":"","meta":{"_acf_changed":false},"product_brand":[],"product_cat":[703,705],"product_tag":[],"class_list":{"0":"post-21988","1":"product","2":"type-product","3":"status-publish","4":"has-post-thumbnail","6":"product_cat-lumina-bicicletei","7":"product_cat-lumina-frontala","9":"first","10":"instock","11":"taxable","12":"shipping-taxable","13":"purchasable","14":"product-type-simple"},"bundled_by":[],"bundle_stock_status":"instock","bundle_stock_quantity":494,"bundle_virtual":false,"bundle_layout":"","bundle_add_to_cart_form_location":"","bundle_editable_in_cart":false,"bundle_sold_individually_context":"","bundle_item_grouping":"","bundle_min_size":"","bundle_max_size":"","bundle_price":[],"bundled_items":[],"bundle_sell_ids":[],"acf":[],"_links":{"self":[{"href":"https:\/\/b2b.p2rbike.com\/ro\/wp-json\/wp\/v2\/product\/21988","targetHints":{"allow":["GET"]}}],"collection":[{"href":"https:\/\/b2b.p2rbike.com\/ro\/wp-json\/wp\/v2\/product"}],"about":[{"href":"https:\/\/b2b.p2rbike.com\/ro\/wp-json\/wp\/v2\/types\/product"}],"wp:featuredmedia":[{"embeddable":true,"href":"https:\/\/b2b.p2rbike.com\/ro\/wp-json\/wp\/v2\/media\/18888"}],"wp:attachment":[{"href":"https:\/\/b2b.p2rbike.com\/ro\/wp-json\/wp\/v2\/media?parent=21988"}],"wp:term":[{"taxonomy":"product_brand","embeddable":true,"href":"https:\/\/b2b.p2rbike.com\/ro\/wp-json\/wp\/v2\/product_brand?post=21988"},{"taxonomy":"product_cat","embeddable":true,"href":"https:\/\/b2b.p2rbike.com\/ro\/wp-json\/wp\/v2\/product_cat?post=21988"},{"taxonomy":"product_tag","embeddable":true,"href":"https:\/\/b2b.p2rbike.com\/ro\/wp-json\/wp\/v2\/product_tag?post=21988"}],"curies":[{"name":"wp","href":"https:\/\/api.w.org\/{rel}","templated":true}]}}