{"id":22050,"date":"2022-08-11T13:08:11","date_gmt":"2022-08-11T11:08:11","guid":{"rendered":"https:\/\/b2b.p2rbike.com\/product\/p2r-ambid-coding-chain-4x1100mm-red-2\/"},"modified":"2025-01-25T12:06:11","modified_gmt":"2025-01-25T11:06:11","slug":"p2r-ambid-coding-chain-4x1100mm-red","status":"publish","type":"product","link":"https:\/\/b2b.p2rbike.com\/ro\/produs\/p2r-ambid-coding-chain-4x1100mm-red\/","title":{"rendered":"P2R AMBID coding chain 4x1100mm red"},"content":{"rendered":"<p>ANTIFURT CU CIFRU<\/p>\n<p><strong>P2R AMBID 4<\/strong> apar\u021bine categoriei de blocare cu lan\u021b \u0219i ofer\u0103 un raport excelent \u00eentre greutatea \u0219i securitatea acestuia<\/p>\n<p><strong><br \/>\nCARACTERISTICI:<\/strong><br \/>\n<strong>\u2022 Nivelul de securitate 5<\/strong><br \/>\n<strong>\u2022 Testat \u00een MTL<\/strong> certificat (laborator de testare a produc\u0103torului)<br \/>\n<strong>\u2022 Man\u0219onul din nailon<\/strong> protejeaz\u0103 \u00eempotriva zg\u00e2rieturilor sau deterior\u0103rii cadrului bicicletei<br \/>\n<strong>\u2022 Imprimarea reflectorizante<\/strong> P2R ofer\u0103 siguran\u021b\u0103 \u0219i vizibilitate mai ridicate<\/p>\n<p><strong><br \/>\nDETALII:<\/strong><br \/>\n\u2022 Lungime <strong>1100mm<\/strong><br \/>\n\u2022 Diametrul manetei <strong>4 mm<\/strong><br \/>\n<strong>\u2022 Op\u021bional<\/strong> cod personal de <strong>combinare de cifre<\/strong><\/p>\n<p>OP\u021aIUNI DE CUMP\u0102R\u0102TOR:<br \/>\n<strong>CULOARE:<\/strong> negru, rosu<\/p>\n","protected":false},"excerpt":{"rendered":"<p>ANTIFURT CU CIFRU P2R AMBID 4 apar\u021bine categoriei de blocare cu lan\u021b \u0219i ofer\u0103 un raport excelent \u00eentre greutatea \u0219i<\/p>\n","protected":false},"featured_media":19708,"template":"","meta":{"_acf_changed":false},"product_brand":[],"product_cat":[608,609,1312],"product_tag":[],"class_list":{"0":"post-22050","1":"product","2":"type-product","3":"status-publish","4":"has-post-thumbnail","6":"product_cat-antifurt","7":"product_cat-antifurt-pe-lant","8":"product_cat-codare-antifurt","10":"first","11":"instock","12":"taxable","13":"shipping-taxable","14":"purchasable","15":"product-type-simple"},"bundled_by":[],"bundle_stock_status":"instock","bundle_stock_quantity":530,"bundle_virtual":false,"bundle_layout":"","bundle_add_to_cart_form_location":"","bundle_editable_in_cart":false,"bundle_sold_individually_context":"","bundle_item_grouping":"","bundle_min_size":"","bundle_max_size":"","bundle_price":[],"bundled_items":[],"bundle_sell_ids":[],"acf":[],"_links":{"self":[{"href":"https:\/\/b2b.p2rbike.com\/ro\/wp-json\/wp\/v2\/product\/22050","targetHints":{"allow":["GET"]}}],"collection":[{"href":"https:\/\/b2b.p2rbike.com\/ro\/wp-json\/wp\/v2\/product"}],"about":[{"href":"https:\/\/b2b.p2rbike.com\/ro\/wp-json\/wp\/v2\/types\/product"}],"wp:featuredmedia":[{"embeddable":true,"href":"https:\/\/b2b.p2rbike.com\/ro\/wp-json\/wp\/v2\/media\/19708"}],"wp:attachment":[{"href":"https:\/\/b2b.p2rbike.com\/ro\/wp-json\/wp\/v2\/media?parent=22050"}],"wp:term":[{"taxonomy":"product_brand","embeddable":true,"href":"https:\/\/b2b.p2rbike.com\/ro\/wp-json\/wp\/v2\/product_brand?post=22050"},{"taxonomy":"product_cat","embeddable":true,"href":"https:\/\/b2b.p2rbike.com\/ro\/wp-json\/wp\/v2\/product_cat?post=22050"},{"taxonomy":"product_tag","embeddable":true,"href":"https:\/\/b2b.p2rbike.com\/ro\/wp-json\/wp\/v2\/product_tag?post=22050"}],"curies":[{"name":"wp","href":"https:\/\/api.w.org\/{rel}","templated":true}]}}