{"id":22119,"date":"2022-08-11T13:05:42","date_gmt":"2022-08-11T11:05:42","guid":{"rendered":"https:\/\/b2b.p2rbike.com\/product\/p2r-protown-s-m-52-58cm-polar-white-matt-2\/"},"modified":"2022-08-11T13:05:42","modified_gmt":"2022-08-11T11:05:42","slug":"p2r-protown-s-m-52-58cm-polar-white-matt","status":"publish","type":"product","link":"https:\/\/b2b.p2rbike.com\/ro\/produs\/p2r-protown-s-m-52-58cm-polar-white-matt\/","title":{"rendered":"P2R PROTOWN, S\/M (52-58cm), Polar White, matt"},"content":{"rendered":"<p><strong>CASCA DE ORA\u0218<\/strong><\/p>\n<p>Modelul <strong>PROTOWN<\/strong> este o reac\u021bie P2R la nevoile ciclismului urban. Pute\u021bi g\u0103si pur \u0219i simplu tot ce ave\u021bi nevoie pentru naveta la birou, pentru a merge la cump\u0103r\u0103turi sau pentru a v\u0103 \u00eent\u00e2lni prietenii \u0219i pute\u021bi r\u0103m\u00e2ne elegant \u0219i \u00een siguran\u021b\u0103 datorit\u0103 designului s\u0103u unic \u0219i a structurii ferme.<\/p>\n<p><strong>CARACTERISTICI:<\/strong><br \/>\n<strong>\u2022 Acoperirea extins\u0103<\/strong> ofer\u0103 o protec\u021bie perfect\u0103 a capului \u00een orice situa\u021bie, oric\u00e2nd v\u0103 pute\u021bi \u00eent\u00e2lni prin traficul urban zilnic<br \/>\n<strong>\u2022 Vizor deta\u0219abil<\/strong> cu aspect de \u021bes\u0103tur\u0103: face acest model unic \u0219i elegant<br \/>\n<strong>\u2022 Catarama cu magnet<\/strong> Fidlock poate fi deschis\u0103 cu u\u0219urin\u021b\u0103, glis\u00e2nd lateral folosind 2 degete \u0219i \u00eenchis\u0103 automat cu magnet \u00eentr-o secund\u0103<br \/>\n<strong>\u2022 Sistemul de inel de cadran neted \u0219i flexibil<\/strong> poate fi operat cu u\u0219urin\u021b\u0103 chiar \u0219i cu o singur\u0103 m\u00e2n\u0103 \u0219i folosind m\u0103nu\u0219i<br \/>\n<strong>\u2022 Structura cu dubl\u0103 carcas\u0103<\/strong> \u00een matri\u021b\u0103 m\u0103re\u0219te durabilitatea \u0219i reduce greutatea<br \/>\n\u2022 Greutate: S\/M &#8211;<strong> 270 g<\/strong>, L\/XL &#8211; <strong>290 g<\/strong><br \/>\n<strong>\u2022 19 orificii de ventila\u021bie<\/strong> pentru o ventila\u021bie perfect\u0103<br \/>\n<strong>\u2022 Lumina de siguran\u021b\u0103 LED re\u00eenc\u0103rcabil\u0103 USB<\/strong> deta\u0219abil\u0103 v\u0103 cre\u0219te vizibilitatea<br \/>\n<strong>\u2022 Captuseala antibacteriana<\/strong> lavabila pentru confort<br \/>\n<strong>\u2022 Detalii reflectorizante<\/strong> pentru o vizibilitate mai bun\u0103 tot timpul c\u00e2nd purta\u021bi casca PROTOWN<br \/>\n<strong>\u2022 Certificat CE:<\/strong> asigur\u0103 c\u0103 acest model \u00eendepline\u0219te standardul de siguran\u021b\u0103 al UE<\/p>\n<p>AMBALAJ: casca PROTOWN, manual de utilizare<\/p>\n<p><strong>culori:<\/strong><br \/>\n\u2022 Matte Midnight Black<br \/>\n\u2022 Matte Navy Blue<br \/>\n\u2022 Matte Polar White<\/p>\n","protected":false},"excerpt":{"rendered":"<p>CASCA DE ORA\u0218 Modelul PROTOWN este o reac\u021bie P2R la nevoile ciclismului urban. Pute\u021bi g\u0103si pur \u0219i simplu tot ce<\/p>\n","protected":false},"featured_media":19173,"template":"","meta":{"_acf_changed":false},"product_brand":[],"product_cat":[576,616],"product_tag":[],"class_list":{"0":"post-22119","1":"product","2":"type-product","3":"status-publish","4":"has-post-thumbnail","6":"product_cat-casti","7":"product_cat-casca-de-oras","9":"first","10":"instock","11":"sale","12":"taxable","13":"shipping-taxable","14":"purchasable","15":"product-type-simple"},"bundled_by":[],"bundle_stock_status":"instock","bundle_stock_quantity":26,"bundle_virtual":false,"bundle_layout":"","bundle_add_to_cart_form_location":"","bundle_editable_in_cart":false,"bundle_sold_individually_context":"","bundle_item_grouping":"","bundle_min_size":"","bundle_max_size":"","bundle_price":[],"bundled_items":[],"bundle_sell_ids":[],"acf":[],"_links":{"self":[{"href":"https:\/\/b2b.p2rbike.com\/ro\/wp-json\/wp\/v2\/product\/22119","targetHints":{"allow":["GET"]}}],"collection":[{"href":"https:\/\/b2b.p2rbike.com\/ro\/wp-json\/wp\/v2\/product"}],"about":[{"href":"https:\/\/b2b.p2rbike.com\/ro\/wp-json\/wp\/v2\/types\/product"}],"wp:featuredmedia":[{"embeddable":true,"href":"https:\/\/b2b.p2rbike.com\/ro\/wp-json\/wp\/v2\/media\/19173"}],"wp:attachment":[{"href":"https:\/\/b2b.p2rbike.com\/ro\/wp-json\/wp\/v2\/media?parent=22119"}],"wp:term":[{"taxonomy":"product_brand","embeddable":true,"href":"https:\/\/b2b.p2rbike.com\/ro\/wp-json\/wp\/v2\/product_brand?post=22119"},{"taxonomy":"product_cat","embeddable":true,"href":"https:\/\/b2b.p2rbike.com\/ro\/wp-json\/wp\/v2\/product_cat?post=22119"},{"taxonomy":"product_tag","embeddable":true,"href":"https:\/\/b2b.p2rbike.com\/ro\/wp-json\/wp\/v2\/product_tag?post=22119"}],"curies":[{"name":"wp","href":"https:\/\/api.w.org\/{rel}","templated":true}]}}