{"id":22247,"date":"2023-02-14T10:29:41","date_gmt":"2023-02-14T09:29:41","guid":{"rendered":"https:\/\/b2b.p2rbike.com\/product\/set-manete-anvelope-p2r-tl-01-plastic\/"},"modified":"2023-02-14T10:29:41","modified_gmt":"2023-02-14T09:29:41","slug":"p2r-tire-lever-set-tl-01-plastic","status":"publish","type":"product","link":"https:\/\/b2b.p2rbike.com\/ro\/produs\/p2r-tire-lever-set-tl-01-plastic\/","title":{"rendered":"Set manete anvelope P2R TL-01, plastic"},"content":{"rendered":"<ul>\n<li>Fabricat din nailon de \u00eenalt\u0103 calitate, <strong>cu \u00eent\u0103rire cu fibr\u0103 de sticl\u0103<\/strong><\/li>\n<li>Rezisten\u021b\u0103 ridicat\u0103, durabilitate \u0219i flexibilitate<\/li>\n<li>Potrivit pentru toate anvelopele obi\u0219nuite utilizate pentru biciclete pentru <strong>copii\/<\/strong><strong>ora\u0219\/cross\/trekking\/MTB<\/strong><\/li>\n<li>Greutate: 30 g (set de 3 buc)<\/li>\n<li>Ambalare: card de ambalare P2R<\/li>\n<\/ul>\n<p>&nbsp;<\/p>\n<p>&nbsp;<\/p>\n","protected":false},"excerpt":{"rendered":"<p>Fabricat din nailon de \u00eenalt\u0103 calitate, cu \u00eent\u0103rire cu fibr\u0103 de sticl\u0103 Rezisten\u021b\u0103 ridicat\u0103, durabilitate \u0219i flexibilitate Potrivit pentru toate<\/p>\n","protected":false},"featured_media":22223,"template":"","meta":{"_acf_changed":false},"product_brand":[],"product_cat":[559,650],"product_tag":[],"class_list":{"0":"post-22247","1":"product","2":"type-product","3":"status-publish","4":"has-post-thumbnail","6":"product_cat-scule","7":"product_cat-leviere-pentru-anvelope","9":"first","10":"instock","11":"taxable","12":"shipping-taxable","13":"purchasable","14":"product-type-simple"},"bundled_by":[],"bundle_stock_status":"instock","bundle_stock_quantity":2392,"bundle_virtual":false,"bundle_layout":"","bundle_add_to_cart_form_location":"","bundle_editable_in_cart":false,"bundle_sold_individually_context":"","bundle_item_grouping":"","bundle_min_size":"","bundle_max_size":"","bundle_price":[],"bundled_items":[],"bundle_sell_ids":[],"acf":[],"_links":{"self":[{"href":"https:\/\/b2b.p2rbike.com\/ro\/wp-json\/wp\/v2\/product\/22247","targetHints":{"allow":["GET"]}}],"collection":[{"href":"https:\/\/b2b.p2rbike.com\/ro\/wp-json\/wp\/v2\/product"}],"about":[{"href":"https:\/\/b2b.p2rbike.com\/ro\/wp-json\/wp\/v2\/types\/product"}],"wp:featuredmedia":[{"embeddable":true,"href":"https:\/\/b2b.p2rbike.com\/ro\/wp-json\/wp\/v2\/media\/22223"}],"wp:attachment":[{"href":"https:\/\/b2b.p2rbike.com\/ro\/wp-json\/wp\/v2\/media?parent=22247"}],"wp:term":[{"taxonomy":"product_brand","embeddable":true,"href":"https:\/\/b2b.p2rbike.com\/ro\/wp-json\/wp\/v2\/product_brand?post=22247"},{"taxonomy":"product_cat","embeddable":true,"href":"https:\/\/b2b.p2rbike.com\/ro\/wp-json\/wp\/v2\/product_cat?post=22247"},{"taxonomy":"product_tag","embeddable":true,"href":"https:\/\/b2b.p2rbike.com\/ro\/wp-json\/wp\/v2\/product_tag?post=22247"}],"curies":[{"name":"wp","href":"https:\/\/api.w.org\/{rel}","templated":true}]}}