{"id":22264,"date":"2022-08-11T13:02:02","date_gmt":"2022-08-11T11:02:02","guid":{"rendered":"https:\/\/b2b.p2rbike.com\/product\/p2r-aquila-750-clear-fresh-green-black\/"},"modified":"2023-02-15T07:31:15","modified_gmt":"2023-02-15T06:31:15","slug":"p2r-aquila-750-clear-fresh-green-black","status":"publish","type":"product","link":"https:\/\/b2b.p2rbike.com\/ro\/produs\/p2r-aquila-750-clear-fresh-green-black\/","title":{"rendered":"P2R AQUILA 750, clear fresh green- black"},"content":{"rendered":"<p><strong>BIDON CICLISM<\/strong><\/p>\n<p><strong>P2R<\/strong> <strong>AQUILA 750<\/strong> cu un design original este realizat 100% din material reciclat.<\/p>\n<p><strong>CARACTERISTICI:<\/strong><br \/>\n\u2022 Fabricat din <strong>polipropilen\u0103<\/strong> (PP) &#8211; permite ap\u0103sarea cu u\u0219urin\u021b\u0103 a sticlei pentru o b\u0103utur\u0103 u\u0219oar\u0103 \u0219i rapid\u0103<br \/>\n\u2022 Mu\u0219tiuc din plastic moale (senza\u021bie de cauciuc)<br \/>\n\u2022 Scala pentru dozarea corecta a bauturilor<br \/>\n\u2022 <strong>Deschidere larga 47 mm<\/strong> pentru curatare usoara si rapida<br \/>\n\u2022 Potrivit pentru b\u0103uturi p\u00e2n\u0103 la 50\u00b0C<strong><\/strong><br \/>\n\u2022 <strong>BPA free<\/strong> &#8211; Bisfenol A free<\/p>\n<p><strong>DETALII:<\/strong><br \/>\n\u2022 Volum: <strong>750 ml<\/strong><br \/>\n<strong>\u2022 Latime<\/strong>:70 mm<br \/>\n\u2022 Greutate:<strong> 77 g<\/strong><\/p>\n<p><strong>ambalaj:<\/strong><br \/>\n\u2022 Card antet P2R<\/p>\n<p><strong>Op\u021biuni de CULOARE:<\/strong><br \/>\n\u2022 negru-var<br \/>\n\u2022 negru-portocaliu<br \/>\n\u2022 negru roz<br \/>\n\u2022 negru-rosu<br \/>\n\u2022 negru argintiu<br \/>\n\u2022 albastru negru-ALBASTRU<br \/>\n\u2022 alb negru<br \/>\n\u2022 clear fresh green-black<br \/>\n\u2022 clear glacier blue-black<br \/>\n\u2022 clear glacier blue-pink<br \/>\n\u2022 clear ripe orange-black<br \/>\n\u2022 roz-negru<br \/>\n\u2022 semi negru-roz<br \/>\n\u2022 galben semi negru-sahara<br \/>\n\u2022 verde semi-negru de prim\u0103var\u0103<br \/>\n\u2022 seminegru-rosu vin<\/p>\n","protected":false},"excerpt":{"rendered":"<p>BIDON CICLISM P2R AQUILA 750 cu un design original este realizat 100% din material reciclat. CARACTERISTICI: \u2022 Fabricat din polipropilen\u0103<\/p>\n","protected":false},"featured_media":27075,"template":"","meta":{"_acf_changed":false},"product_brand":[],"product_cat":[603,717],"product_tag":[],"class_list":{"0":"post-22264","1":"product","2":"type-product","3":"status-publish","4":"has-post-thumbnail","6":"product_cat-bidoane","7":"product_cat-bottles-3-ro","9":"first","10":"outofstock","11":"taxable","12":"shipping-taxable","13":"purchasable","14":"product-type-simple"},"bundled_by":[],"bundle_stock_status":"outofstock","bundle_stock_quantity":0,"bundle_virtual":false,"bundle_layout":"","bundle_add_to_cart_form_location":"","bundle_editable_in_cart":false,"bundle_sold_individually_context":"","bundle_item_grouping":"","bundle_min_size":"","bundle_max_size":"","bundle_price":[],"bundled_items":[],"bundle_sell_ids":[],"acf":[],"_links":{"self":[{"href":"https:\/\/b2b.p2rbike.com\/ro\/wp-json\/wp\/v2\/product\/22264","targetHints":{"allow":["GET"]}}],"collection":[{"href":"https:\/\/b2b.p2rbike.com\/ro\/wp-json\/wp\/v2\/product"}],"about":[{"href":"https:\/\/b2b.p2rbike.com\/ro\/wp-json\/wp\/v2\/types\/product"}],"wp:featuredmedia":[{"embeddable":true,"href":"https:\/\/b2b.p2rbike.com\/ro\/wp-json\/wp\/v2\/media\/27075"}],"wp:attachment":[{"href":"https:\/\/b2b.p2rbike.com\/ro\/wp-json\/wp\/v2\/media?parent=22264"}],"wp:term":[{"taxonomy":"product_brand","embeddable":true,"href":"https:\/\/b2b.p2rbike.com\/ro\/wp-json\/wp\/v2\/product_brand?post=22264"},{"taxonomy":"product_cat","embeddable":true,"href":"https:\/\/b2b.p2rbike.com\/ro\/wp-json\/wp\/v2\/product_cat?post=22264"},{"taxonomy":"product_tag","embeddable":true,"href":"https:\/\/b2b.p2rbike.com\/ro\/wp-json\/wp\/v2\/product_tag?post=22264"}],"curies":[{"name":"wp","href":"https:\/\/api.w.org\/{rel}","templated":true}]}}