{"id":22361,"date":"2022-08-11T13:04:55","date_gmt":"2022-08-11T11:04:55","guid":{"rendered":"https:\/\/b2b.p2rbike.com\/product\/p2r-zarria-black-lime-xxs\/"},"modified":"2022-08-11T13:04:55","modified_gmt":"2022-08-11T11:04:55","slug":"p2r-zarria-black-lime-xxs","status":"publish","type":"product","link":"https:\/\/b2b.p2rbike.com\/ro\/produs\/p2r-zarria-black-lime-xxs\/","title":{"rendered":"P2R ZARRIA, black-lime, XXS"},"content":{"rendered":"<p><strong>M\u0102NUSI DE CICLISM DAMA<\/strong><\/p>\n<p><strong>P2R ZARRIA<\/strong> sunt m\u0103nu\u0219i super u\u0219oare, aerisite \u0219i de \u00eenalt\u0103 calitate, care ofer\u0103 o croial\u0103 care respect\u0103 pe deplin <strong>anatomia palmei femeilor<\/strong> \u0219i un confort ridicat la purtare, care nu te oblig\u0103 s\u0103-\u021bi dai jos m\u0103nu\u0219ile, chiar \u0219i \u00een timpul unei scurte pauze de relaxare sau pentru a lua ceva pt. m\u00e2ncare sau b\u0103utur\u0103.<br \/>\n<strong>\u201eA DOUA PIELE\u201d<\/strong> este cuv\u00e2ntul potrivit care exprim\u0103 sentimentul c\u00e2nd purta\u021bi aceste m\u0103nu\u0219i pe m\u00e2ini, este permis datorit\u0103 noilor caracteristici avansate ale \u021bes\u0103turii <strong>LYCRA.<\/strong> Aceast\u0103 \u021bes\u0103tur\u0103 NOU\u0102 copiaz\u0103 bine \u0219i respect\u0103 anatomia m\u00e2inii \u0219i \u201ese potrive\u0219te perfect\u201d, oferind o ventila\u021bie excelent\u0103 \u0219i confort maxim la purtare.<br \/>\n<strong>Pull &#8211; on<\/strong> &#8211; ajut\u0103 la purtarea m\u0103nu\u0219ilor \u0219i <strong>Pull &#8211; out &#8211;<\/strong> cu 2 dungi sub baza ar\u0103t\u0103torului \u0219i mijlocului ajut\u0103 la scoaterea m\u0103nu\u0219ilor dup\u0103 spectacol (chiar \u0219i m\u0103nu\u0219i umede sau transpirate) \u0219i imprimare cu silicon pentru schimbarea sau fr\u00e2narea mai sigure (degetele nu nu aluneca).<br \/>\n<strong>Zona \u00eent\u0103rit\u0103 a degetului mare<\/strong> cu strat dublu Amara asigur\u0103 o durabilitate mai mare, men\u021bin\u00e2nd mi\u0219carea perfect\u0103 a degetului mare + ar\u0103t\u0103tor<br \/>\n<strong>P\u00e2nz\u0103 &#8211;<\/strong> partea din spate a degetului mare este f\u0103cut\u0103 din microfibr\u0103 de poliester periat\u0103, ceea ce este grozav dac\u0103 trebuie s\u0103 v\u0103 \u0219terge\u021bi fruntea sau ochelarii aburi\u021bi dup\u0103 spectacol.<br \/>\n<strong>Velcro<\/strong> pe partea superioar\u0103 a \u00eencheieturii, folosind velcro la atingere moale cu caracteristic\u0103 anti-deteriorare Jersey.<br \/>\n<strong>Palma perforata<\/strong> &#8211; ofera o buna ventilatie cu forma bine optimizata evita ondularea, imprimare pe silicon pentru o prindere mai sigura.<br \/>\n<strong>Captuseala cu gel &#8211;<\/strong> creste confortul de conducere in timp ce amortizeaza socurile transmise de pe drumuri sau trasee care reduc semnificativ presiunea asupra nervului ulnar.<\/p>\n<p><strong>OBSERVA\u021aIE:<\/strong> pentru a alege m\u0103rimea potrivit\u0103 pentru m\u00e2na dumneavoastr\u0103, v\u0103 rug\u0103m s\u0103 utiliza\u021bi tabelul cu m\u0103rimi.<\/p>\n<p><strong>CARACTERISTICI :<\/strong><\/p>\n<p><strong>\u2022 Dosul m\u00e2inii:<\/strong> realizat din plas\u0103 Lycra pentru o ventila\u021bie excelent\u0103 a dosului m\u00e2inii<br \/>\n<strong>\u2022 Palma:<\/strong> din Amara (piele sintetica) cu perforare<br \/>\n\u2022 Lungimea p\u0103r\u021bii superioare este <strong>u\u0219or scurtat\u0103<\/strong> \u0219i permite mi\u0219carea liber\u0103<br \/>\n\u2022 Partea palmei este <strong>u\u0219or prelungit\u0103 \u0219<\/strong>i v\u0103 protejeaz\u0103 m\u00e2inile \u00een caz de c\u0103dere accidental\u0103<br \/>\n\u2022 Parte \u00eent\u0103rit\u0103 cu material textil \u00een <strong>2 straturi \u00eentre degetul mare \u0219i ar\u0103t\u0103tor<\/strong> pentru durabilitate maxim\u0103 a m\u0103nu\u0219ii<br \/>\n\u2022 Partea lateral\u0103 \u0219i superioar\u0103 a degetului mare cu <strong>material din microfibr\u0103<\/strong> pentru \u0219tergerea frun\u021bii transpirate sau a ochelarilor de soare<br \/>\n\u2022 Partea intarita la incheietura <strong>&#8222;PULL &#8211; ON&#8221;<\/strong> pentru purtarea mai usoara a manusilor<br \/>\n\u2022 Dungi sub degete degetul mijlociu \u0219i ar\u0103t\u0103tor \u201e<strong>PULL &#8211; OUT\u201d<\/strong> pentru o scoatere mai u\u0219oar\u0103 a m\u0103nu\u0219ilor dup\u0103 c\u0103l\u0103toria cu bicicleta<br \/>\n<strong>\u2022 Imprimare siliconic\u0103 p<\/strong>e palm\u0103 pentru o prindere sigur\u0103<br \/>\n<strong>\u2022 Captuseli cu gel<\/strong> pentru confort sporit<\/p>\n<p><strong>COMPOZITIA MATERIALULUI :<\/strong><\/p>\n<p>M\u0103nu\u0219i pentru palmier: poliester 92%, poliuretan 5%, PVC 3%<br \/>\nDosul m\u00e2inii: poliester 90%, nailon 10%<\/p>\n<p><strong>AMBALARE :<\/strong> \u2022 Card P2R<\/p>\n<p><strong>ALTERNATIVE DE CULOARE:<\/strong><\/p>\n<p>\u2022 Black-black<br \/>\n\u2022 Black-blue<br \/>\n\u2022 Black-lime<br \/>\n\u2022 Black-red<br \/>\n\u2022 Black-white<br \/>\n\u2022 Black-pink<br \/>\n\u2022 Blue-white<br \/>\n\u2022 Lime-white<br \/>\n\u2022 Red-white<br \/>\n\u2022 Rose pink-white<\/p>\n","protected":false},"excerpt":{"rendered":"<p>M\u0102NUSI DE CICLISM DAMA P2R ZARRIA sunt m\u0103nu\u0219i super u\u0219oare, aerisite \u0219i de \u00eenalt\u0103 calitate, care ofer\u0103 o croial\u0103 care<\/p>\n","protected":false},"featured_media":27473,"template":"","meta":{"_acf_changed":false},"product_brand":[],"product_cat":[623,624],"product_tag":[],"class_list":{"0":"post-22361","1":"product","2":"type-product","3":"status-publish","4":"has-post-thumbnail","6":"product_cat-manusi","7":"product_cat-manusi-de-dama","9":"first","10":"instock","11":"taxable","12":"shipping-taxable","13":"purchasable","14":"product-type-simple"},"bundled_by":[],"bundle_stock_status":"instock","bundle_stock_quantity":24,"bundle_virtual":false,"bundle_layout":"","bundle_add_to_cart_form_location":"","bundle_editable_in_cart":false,"bundle_sold_individually_context":"","bundle_item_grouping":"","bundle_min_size":"","bundle_max_size":"","bundle_price":[],"bundled_items":[],"bundle_sell_ids":[],"acf":[],"_links":{"self":[{"href":"https:\/\/b2b.p2rbike.com\/ro\/wp-json\/wp\/v2\/product\/22361","targetHints":{"allow":["GET"]}}],"collection":[{"href":"https:\/\/b2b.p2rbike.com\/ro\/wp-json\/wp\/v2\/product"}],"about":[{"href":"https:\/\/b2b.p2rbike.com\/ro\/wp-json\/wp\/v2\/types\/product"}],"wp:featuredmedia":[{"embeddable":true,"href":"https:\/\/b2b.p2rbike.com\/ro\/wp-json\/wp\/v2\/media\/27473"}],"wp:attachment":[{"href":"https:\/\/b2b.p2rbike.com\/ro\/wp-json\/wp\/v2\/media?parent=22361"}],"wp:term":[{"taxonomy":"product_brand","embeddable":true,"href":"https:\/\/b2b.p2rbike.com\/ro\/wp-json\/wp\/v2\/product_brand?post=22361"},{"taxonomy":"product_cat","embeddable":true,"href":"https:\/\/b2b.p2rbike.com\/ro\/wp-json\/wp\/v2\/product_cat?post=22361"},{"taxonomy":"product_tag","embeddable":true,"href":"https:\/\/b2b.p2rbike.com\/ro\/wp-json\/wp\/v2\/product_tag?post=22361"}],"curies":[{"name":"wp","href":"https:\/\/api.w.org\/{rel}","templated":true}]}}