{"id":22505,"date":"2022-08-11T13:03:41","date_gmt":"2022-08-11T11:03:41","guid":{"rendered":"https:\/\/b2b.p2rbike.com\/product\/p2r-hugg-gri-roz-orhidee-alb\/"},"modified":"2022-08-11T13:03:41","modified_gmt":"2022-08-11T11:03:41","slug":"p2r-hugg-grey-pink-orchid-white","status":"publish","type":"product","link":"https:\/\/b2b.p2rbike.com\/ro\/produs\/p2r-hugg-grey-pink-orchid-white\/","title":{"rendered":"P2R HUGG, gri -roz orhidee-alb"},"content":{"rendered":"<p><strong>SUPORT BIDON<\/strong><\/p>\n<p>P2R HUGG este extrem de u\u0219oar\u0103, suport bidon dintr-o singur\u0103 bucat\u0103 din nailon.<br \/>\nGeometria sa inteligent\u0103 ofer\u0103 o op\u021biune ideal\u0103 pentru to\u021bi cei care caut\u0103 un aspect frumos, o greutate extrem de u\u0219oar\u0103 \u0219i, pentru toate cadrele de biciclet\u0103, un suport de bidon versatil.<\/p>\n<p><strong>CARACTERISTICI:<\/strong><br \/>\n\u2022 Permite \u00eendep\u0103rtarea rapid\u0103 a sticlei dintr-o varietate de unghiuri diferite<br \/>\n\u2022 Potrivit pentru \u00eendep\u0103rtarea sticlei din partea st\u00e2ng\u0103 \u0219i dreapt\u0103<br \/>\n\u2022 Versatilitate pentru cadrul bicicletei Lady sau Man (av\u00e2nd \u00een vedere tubul superior)<br \/>\n\u2022 Potrivit pentru dimensiuni mici \u0219i cadre de biciclete \u00eenclinate, cu spa\u021biu limitat pentru biberon<br \/>\n\u2022 \u00cen timp ce merge\u021bi cu bicicleta, ave\u021bi timp de pierdut \u0219i trebuie s\u0103 v\u0103 concentra\u021bi pe drum. P2R HUGG v\u0103 protejeaz\u0103<br \/>\n\u2022 \u0218uruburi din o\u021bel inoxidabil incluse (2 buc)<\/p>\n<p>GREUTATE: <strong>33 g<\/strong> (fara suruburi)<\/p>\n<p>IMPACHETARE: P2R packaging card<\/p>\n<p><strong>OP\u021aIUNE PENTRU CUMP\u0102R\u0102TOR:<\/strong><\/p>\n<p>De asemenea, pute\u021bi asorta P2R HUGG cu sticla dvs. P2R AQUILA 550\/750 sau P2R TERMICA 600 (ca pachet \u00een aceea\u0219i nuan\u021b\u0103 de culoare)<\/p>\n<p><strong>ALTERNATIVE DE CULOARE:<\/strong><\/p>\n<p>\u2022 negru-var<br \/>\n\u2022 negru-portocaliu<br \/>\n\u2022 negru roz<br \/>\n\u2022 negru-rosu<br \/>\n\u2022 negru argintiu<br \/>\n\u2022 albastru negru-ALBASTRU<br \/>\n\u2022 alb negru<br \/>\n\u2022 grey-glacier blue-white<br \/>\n\u2022 gri-vin rosu-alb<br \/>\n\u2022 gri-roz orhidee-alb<br \/>\n\u2022 acid gri-alb<br \/>\n\u2022 gri-proasp\u0103t portocaliu-alb<br \/>\n\u2022 gri-sahara galben-alb<br \/>\n\u2022 gri-galben fluor-alb<\/p>\n","protected":false},"excerpt":{"rendered":"<p>SUPORT BIDON P2R HUGG este extrem de u\u0219oar\u0103, suport bidon dintr-o singur\u0103 bucat\u0103 din nailon. Geometria sa inteligent\u0103 ofer\u0103 o<\/p>\n","protected":false},"featured_media":27159,"template":"","meta":{"_acf_changed":false},"product_brand":[],"product_cat":[572],"product_tag":[],"class_list":{"0":"post-22505","1":"product","2":"type-product","3":"status-publish","4":"has-post-thumbnail","6":"product_cat-suport-bidon","8":"first","9":"instock","10":"taxable","11":"shipping-taxable","12":"purchasable","13":"product-type-simple"},"bundled_by":[],"bundle_stock_status":"instock","bundle_stock_quantity":45,"bundle_virtual":false,"bundle_layout":"","bundle_add_to_cart_form_location":"","bundle_editable_in_cart":false,"bundle_sold_individually_context":"","bundle_item_grouping":"","bundle_min_size":"","bundle_max_size":"","bundle_price":[],"bundled_items":[],"bundle_sell_ids":[],"acf":[],"_links":{"self":[{"href":"https:\/\/b2b.p2rbike.com\/ro\/wp-json\/wp\/v2\/product\/22505","targetHints":{"allow":["GET"]}}],"collection":[{"href":"https:\/\/b2b.p2rbike.com\/ro\/wp-json\/wp\/v2\/product"}],"about":[{"href":"https:\/\/b2b.p2rbike.com\/ro\/wp-json\/wp\/v2\/types\/product"}],"wp:featuredmedia":[{"embeddable":true,"href":"https:\/\/b2b.p2rbike.com\/ro\/wp-json\/wp\/v2\/media\/27159"}],"wp:attachment":[{"href":"https:\/\/b2b.p2rbike.com\/ro\/wp-json\/wp\/v2\/media?parent=22505"}],"wp:term":[{"taxonomy":"product_brand","embeddable":true,"href":"https:\/\/b2b.p2rbike.com\/ro\/wp-json\/wp\/v2\/product_brand?post=22505"},{"taxonomy":"product_cat","embeddable":true,"href":"https:\/\/b2b.p2rbike.com\/ro\/wp-json\/wp\/v2\/product_cat?post=22505"},{"taxonomy":"product_tag","embeddable":true,"href":"https:\/\/b2b.p2rbike.com\/ro\/wp-json\/wp\/v2\/product_tag?post=22505"}],"curies":[{"name":"wp","href":"https:\/\/api.w.org\/{rel}","templated":true}]}}