{"id":22615,"date":"2022-08-11T13:02:27","date_gmt":"2022-08-11T11:02:27","guid":{"rendered":"https:\/\/b2b.p2rbike.com\/product\/p2r-aquila-550-ml-negru-verde\/"},"modified":"2023-03-24T07:30:03","modified_gmt":"2023-03-24T06:30:03","slug":"p2r-aquila-550-ml-black-lime","status":"publish","type":"product","link":"https:\/\/b2b.p2rbike.com\/ro\/produs\/p2r-aquila-550-ml-black-lime\/","title":{"rendered":"P2R AQUILA, 550 ml negru &#8211; verde"},"content":{"rendered":"<p><strong>BIDON PENTRU CICLISM<\/strong><\/p>\n<p>P2R AQUILA 550 cu un design original este realizat 100% din material reciclat.<\/p>\n<p><strong>CARACTERISTICI:<\/strong><br \/>\n\u2022 Fabricat din polipropilen\u0103 (PP) &#8211; permite ap\u0103sarea cu u\u0219urin\u021b\u0103 a sticlei pentru o b\u0103utur\u0103 u\u0219oar\u0103 \u0219i rapid\u0103<br \/>\n\u2022 Mu\u0219tiuc din plastic moale (senza\u021bie de cauciuc)<br \/>\n\u2022 Cantar pentru dozarea corecta a bauturilor<br \/>\n\u2022 <strong>Deschidere larga 47 mm<\/strong> pentru curatare usoara si rapida<br \/>\n\u2022 Potrivit pentru b\u0103uturi <strong>p\u00e2n\u0103 la 50\u00b0C<\/strong><br \/>\n\u2022 <strong>BPA free<\/strong> &#8211; Bisfenol A free<\/p>\n<p><strong>DETALII:<\/strong><br \/>\n\u2022 Volum: <strong>550 ml<\/strong><br \/>\n\u2022 Latime: <strong>70 mm<\/strong><br \/>\n\u2022 Greutate: <strong>54 g<\/strong><\/p>\n<p><strong>AMBALARE:<\/strong><br \/>\n\u2022 Card antet P2R<\/p>\n<p><strong>culori:<\/strong><br \/>\n\u2022 negru-var<br \/>\n\u2022 negru-portocaliu<br \/>\n\u2022 negru roz<br \/>\n\u2022 negru-rosu<br \/>\n\u2022 negru argintiu<br \/>\n\u2022 albastru negru &#8211; albastru<br \/>\n\u2022 alb negru<br \/>\n\u2022 verde &#8211; negru<br \/>\n\u2022 albastru &#8211; negru<br \/>\n\u2022 albastru &#8211; roz<br \/>\n\u2022 portocaliu &#8211; negru<br \/>\n\u2022 roz &#8211; negru<\/p>\n","protected":false},"excerpt":{"rendered":"<p>BIDON PENTRU CICLISM P2R AQUILA 550 cu un design original este realizat 100% din material reciclat. CARACTERISTICI: \u2022 Fabricat din<\/p>\n","protected":false},"featured_media":19053,"template":"","meta":{"_acf_changed":false},"product_brand":[],"product_cat":[603,713],"product_tag":[],"class_list":{"0":"post-22615","1":"product","2":"type-product","3":"status-publish","4":"has-post-thumbnail","6":"product_cat-bidoane","7":"product_cat-bottles-2-ro","9":"first","10":"outofstock","11":"taxable","12":"shipping-taxable","13":"purchasable","14":"product-type-simple"},"bundled_by":[],"bundle_stock_status":"outofstock","bundle_stock_quantity":0,"bundle_virtual":false,"bundle_layout":"","bundle_add_to_cart_form_location":"","bundle_editable_in_cart":false,"bundle_sold_individually_context":"","bundle_item_grouping":"","bundle_min_size":"","bundle_max_size":"","bundle_price":[],"bundled_items":[],"bundle_sell_ids":[],"acf":[],"_links":{"self":[{"href":"https:\/\/b2b.p2rbike.com\/ro\/wp-json\/wp\/v2\/product\/22615","targetHints":{"allow":["GET"]}}],"collection":[{"href":"https:\/\/b2b.p2rbike.com\/ro\/wp-json\/wp\/v2\/product"}],"about":[{"href":"https:\/\/b2b.p2rbike.com\/ro\/wp-json\/wp\/v2\/types\/product"}],"wp:featuredmedia":[{"embeddable":true,"href":"https:\/\/b2b.p2rbike.com\/ro\/wp-json\/wp\/v2\/media\/19053"}],"wp:attachment":[{"href":"https:\/\/b2b.p2rbike.com\/ro\/wp-json\/wp\/v2\/media?parent=22615"}],"wp:term":[{"taxonomy":"product_brand","embeddable":true,"href":"https:\/\/b2b.p2rbike.com\/ro\/wp-json\/wp\/v2\/product_brand?post=22615"},{"taxonomy":"product_cat","embeddable":true,"href":"https:\/\/b2b.p2rbike.com\/ro\/wp-json\/wp\/v2\/product_cat?post=22615"},{"taxonomy":"product_tag","embeddable":true,"href":"https:\/\/b2b.p2rbike.com\/ro\/wp-json\/wp\/v2\/product_tag?post=22615"}],"curies":[{"name":"wp","href":"https:\/\/api.w.org\/{rel}","templated":true}]}}