{"id":22640,"date":"2022-08-11T13:04:31","date_gmt":"2022-08-11T11:04:31","guid":{"rendered":"https:\/\/b2b.p2rbike.com\/product\/p2r-zarria-negru-xs\/"},"modified":"2022-08-11T13:04:31","modified_gmt":"2022-08-11T11:04:31","slug":"p2r-zarria-black-black-xs","status":"publish","type":"product","link":"https:\/\/b2b.p2rbike.com\/ro\/produs\/p2r-zarria-black-black-xs\/","title":{"rendered":"P2R ZARRIA, negru, XS"},"content":{"rendered":"<p>M\u0102NUSI DE CICLISM DAMA<\/p>\n<p>P2R Zarria sunt m\u0103nu\u0219i super u\u0219oare, aerisite \u0219i de \u00eenalt\u0103 calitate, care ofer\u0103 o t\u0103ietur\u0103 respect\u0103 pe deplin anatomia de palmier \u0219i un confort de \u00eenalt\u0103 calitate, ceea ce nu te oblig\u0103 s\u0103-\u021bi sco\u021bi m\u0103nu\u0219ile, chiar \u0219i \u00een timpul unei scurte pauze pentru relaxare sau s\u0103 iei ceva pentru m\u00e2ncare sau b\u0103utur\u0103.<br \/>\n\u201eA doua piele\u201d este cuv\u00e2ntul potrivit care exprim\u0103 sentimentul atunci c\u00e2nd purta\u021bi aceste m\u0103nu\u0219i pe m\u00e2ini este permis datorit\u0103 noilor caracteristici avansate Lycra Fabric. Aceast\u0103 \u021bes\u0103tur\u0103 NOU\u0102 copiaz\u0103 bine \u0219i respect\u0103 anatomia m\u00e2inii \u0219i \u201ese potrive\u0219te perfect\u201d, oferind o ventila\u021bie excelent\u0103 \u0219i confort maxim la purtare.<br \/>\nTrage\u021bi &#8211; porni\u021bi &#8211; v\u0103 ajut\u0103 atunci c\u00e2nd purta\u021bi m\u0103nu\u0219i \u0219i trage\u021bi &#8211; afar\u0103 &#8211; cu 2 dungi sub baza ar\u0103t\u0103rii \u0219i a Middlefinger ajut\u0103 la decolarea m\u0103nu\u0219ilor dup\u0103 performan\u021b\u0103 (chiar \u0219i m\u0103nu\u0219i umede sau transpirate) \u0219i imprimare siliconic\u0103 pentru o schimbare mai sigur\u0103 sau fr\u00e2nare (degetele fac nu aluneca\u021bi).<br \/>\nZona de degetul mare \u00eent\u0103rit\u0103 cu dublu strat Amara asigur\u0103 o durabilitate mai mare cu p\u0103strarea degetului mare + mi\u0219carea perfect\u0103<br \/>\nP\u00e2nz\u0103 &#8211; Partea din spate a degetului mare este f\u0103cut\u0103 din microfibr\u0103 din poliester periat, ceea ce este excelent dac\u0103 trebuie s\u0103 \u0219terge\u021bi fruntea sau ochelarii gre\u0219i\u021bi dup\u0103 performan\u021b\u0103.<br \/>\nVelcro pe partea superioar\u0103 a \u00eencheieturii folosind Velcro cu atingere moale cu caracteristica anti-dage Jersey.<br \/>\nPalm perforat &#8211; ofer\u0103 o ventila\u021bie bun\u0103 cu form\u0103 bine optimizat\u0103, evita\u021bi fluturarea, imprimarea siliconic\u0103 pentru o prindere mai sigur\u0103.<br \/>\nPadding cu gel &#8211; Cre\u0219terea confortului de conducere \u00een timp ce amortizeaz\u0103 \u0219ocurile transmise de pe drumuri sau trasee care reduc semnificativ presiunea asupra nervului ulnar.<\/p>\n<p>Observa\u021bie: Pentru a alege dimensiunea corect\u0103 care se potrive\u0219te m\u00e2inii, v\u0103 rug\u0103m s\u0103 utiliza\u021bi graficul de dimensiuni.<\/p>\n<p>CARACTERISTICI :<\/p>\n<p>\u2022 Partea din spate a m\u00e2inii: f\u0103cut\u0103 din plas\u0103 Lycra pentru o ventila\u021bie excelent\u0103 a spatelui m\u00e2inilor<br \/>\n\u2022 Palm: confec\u021bionat din Amara (piele sintetic\u0103) cu perfora\u021bie<br \/>\n\u2022 Partea superioar\u0103 Lenght este u\u0219or scurtat \u0219i permite mi\u0219carea liber\u0103<br \/>\n\u2022 Partea de palmier este u\u0219or prelungit\u0103 \u0219i v\u0103 protejeaz\u0103 m\u00e2inile \u00een timp ce o c\u0103dere accidental\u0103<br \/>\n\u2022 Partea armat\u0103 cu 2-straturi de \u021bes\u0103tur\u0103 \u00eentre degetul mare \u0219i ar\u0103t\u0103tor pentru durabilitatea maxim\u0103 a m\u0103nu\u0219ii<br \/>\n\u2022 Partea lateral\u0103 \u0219i superioar\u0103 a degetului mare cu p\u00e2nz\u0103 de la microfibr\u0103 pentru \u0219tergerea frun\u021bii transpirate sau a ochelarilor de soare<br \/>\n\u2022 Partea armat\u0103 pe \u00eencheietura m\u00e2inii \u201ePull &#8211; On\u201d pentru o purtare mai u\u0219oar\u0103 de m\u0103nu\u0219i<br \/>\n\u2022 dungi sub degete mijlociu \u0219i ar\u0103tos \u201etrage\u021bi\u201d pentru o decolare mai u\u0219oar\u0103 dup\u0103 m\u0103nu\u0219i dup\u0103 c\u0103l\u0103toria cu bicicleta<br \/>\n\u2022 Imprimare siliconic\u0103 pe palm\u0103 pentru o prindere sigur\u0103<br \/>\n\u2022 Paddings cu gel pentru un confort sporit<\/p>\n<p>COMPOZITIA MATERIALULUI :<\/p>\n<p>M\u0103nu\u0219i pentru palmier: poliester 92%, poliuretan 5%, PVC 3%<br \/>\nDosul m\u00e2inii: poliester 90%, nailon 10%<\/p>\n<p>Ambalaj: \u2022 Card P2R<\/p>\n<p>ALTERNATIVE DE CULOARE:<\/p>\n<p>\u2022 Black-black<br \/>\n\u2022 Black-blue<br \/>\n\u2022 Black-lime<br \/>\n\u2022 Black-red<br \/>\n\u2022 Black-white<br \/>\n\u2022 Black-pink<br \/>\n\u2022 Blue-white<br \/>\n\u2022 Lime-white<br \/>\n\u2022 Red-white<br \/>\n\u2022 Rose pink-white<\/p>\n","protected":false},"excerpt":{"rendered":"<p>M\u0102NUSI DE CICLISM DAMA P2R Zarria sunt m\u0103nu\u0219i super u\u0219oare, aerisite \u0219i de \u00eenalt\u0103 calitate, care ofer\u0103 o t\u0103ietur\u0103 respect\u0103<\/p>\n","protected":false},"featured_media":27550,"template":"","meta":{"_acf_changed":false},"product_brand":[],"product_cat":[623,624],"product_tag":[],"class_list":{"0":"post-22640","1":"product","2":"type-product","3":"status-publish","4":"has-post-thumbnail","6":"product_cat-manusi","7":"product_cat-manusi-de-dama","9":"first","10":"instock","11":"taxable","12":"shipping-taxable","13":"purchasable","14":"product-type-simple"},"bundled_by":[],"bundle_stock_status":"instock","bundle_stock_quantity":35,"bundle_virtual":false,"bundle_layout":"","bundle_add_to_cart_form_location":"","bundle_editable_in_cart":false,"bundle_sold_individually_context":"","bundle_item_grouping":"","bundle_min_size":"","bundle_max_size":"","bundle_price":[],"bundled_items":[],"bundle_sell_ids":[],"acf":[],"_links":{"self":[{"href":"https:\/\/b2b.p2rbike.com\/ro\/wp-json\/wp\/v2\/product\/22640","targetHints":{"allow":["GET"]}}],"collection":[{"href":"https:\/\/b2b.p2rbike.com\/ro\/wp-json\/wp\/v2\/product"}],"about":[{"href":"https:\/\/b2b.p2rbike.com\/ro\/wp-json\/wp\/v2\/types\/product"}],"wp:featuredmedia":[{"embeddable":true,"href":"https:\/\/b2b.p2rbike.com\/ro\/wp-json\/wp\/v2\/media\/27550"}],"wp:attachment":[{"href":"https:\/\/b2b.p2rbike.com\/ro\/wp-json\/wp\/v2\/media?parent=22640"}],"wp:term":[{"taxonomy":"product_brand","embeddable":true,"href":"https:\/\/b2b.p2rbike.com\/ro\/wp-json\/wp\/v2\/product_brand?post=22640"},{"taxonomy":"product_cat","embeddable":true,"href":"https:\/\/b2b.p2rbike.com\/ro\/wp-json\/wp\/v2\/product_cat?post=22640"},{"taxonomy":"product_tag","embeddable":true,"href":"https:\/\/b2b.p2rbike.com\/ro\/wp-json\/wp\/v2\/product_tag?post=22640"}],"curies":[{"name":"wp","href":"https:\/\/api.w.org\/{rel}","templated":true}]}}