{"id":28439,"date":"2024-03-16T14:53:56","date_gmt":"2024-03-16T13:53:56","guid":{"rendered":"https:\/\/b2b.p2rbike.com\/?post_type=product&#038;p=28439"},"modified":"2024-04-22T12:27:12","modified_gmt":"2024-04-22T10:27:12","slug":"p2r-shockman-str-265-black","status":"publish","type":"product","link":"https:\/\/b2b.p2rbike.com\/ro\/produs\/p2r-shockman-str-265-black\/","title":{"rendered":"P2R SHOCKMAN ERGO 265, black"},"content":{"rendered":"<p>Forma ergonomic\u0103 a lui <strong>SHOCKMAN ERGO 265<\/strong> ofer\u0103 suport palmei ciclistului, elimin\u0103 oboseala \u0219i permite prelungirea timpului de mers, ceea ce \u00eei permite motociclistului s\u0103 parcurg\u0103 distan\u021be mai lungi. Potrivit pentru pozi\u021bia semi-dreapt\u0103 \u0219i vertical\u0103 pe biciclet\u0103 \u2013 \u00een principal pentru bicicli\u0219tii de <strong>City, Cross<\/strong> \u0219i <strong>Trekking.<\/strong><\/p>\n<p><strong><br \/>\nCARACTERISTICI<\/strong>:<\/p>\n<p>&#8211; Fabricat din <strong>TPR<\/strong> (cauciuc termoplastic)<br \/>\n&#8211; Lungime: <strong>130 mm<br \/>\n<\/strong>&#8211; Diametru: <strong>\u00d8 22mm<\/strong><br \/>\n&#8211; <strong>Lock-on<\/strong>: asigur\u0103 pozi\u021bia stabil\u0103<br \/>\n&#8211; Potrivit pentru majoritatea h\/bar-urilor de pe pia\u021b\u0103<\/p>\n<p><strong><br \/>\nALTERNATIVE DE CULOARE:<\/strong><\/p>\n<ul>\n<li>Negru &#8211; violet<\/li>\n<li>Negru \u2013 portocaliu<\/li>\n<li>Negru \u2013 verde lime<\/li>\n<li>Negru \u2013 auriu<\/li>\n<li>Negru &#8211; albastru deschis<\/li>\n<li>Negru \u2013 ro\u0219u<\/li>\n<li>Negru \u2013 gri titan<\/li>\n<li>Negru \u2013 negru<\/li>\n<li>Negru \u2013 bleumarin<\/li>\n<\/ul>\n<p><strong><br \/>\nAMBALARE<\/strong>: Card de ambalare P2R<\/p>\n","protected":false},"excerpt":{"rendered":"<p>Forma ergonomic\u0103 a lui SHOCKMAN ERGO 265 ofer\u0103 suport palmei ciclistului, elimin\u0103 oboseala \u0219i permite prelungirea timpului de mers, ceea<\/p>\n","protected":false},"featured_media":29059,"template":"","meta":{"_acf_changed":false},"product_brand":[],"product_cat":[579,1183,1323],"product_tag":[],"class_list":{"0":"post-28439","1":"product","2":"type-product","3":"status-publish","4":"has-post-thumbnail","6":"product_cat-mansoane","7":"product_cat-mansoane-ergonomice-ro","8":"product_cat-ergo_265-ro","10":"first","11":"instock","12":"taxable","13":"shipping-taxable","14":"purchasable","15":"product-type-simple"},"bundled_by":[],"bundle_stock_status":"instock","bundle_stock_quantity":419,"bundle_virtual":false,"bundle_layout":"","bundle_add_to_cart_form_location":"","bundle_editable_in_cart":false,"bundle_sold_individually_context":"","bundle_item_grouping":"","bundle_min_size":"","bundle_max_size":"","bundle_price":[],"bundled_items":[],"bundle_sell_ids":[],"acf":[],"_links":{"self":[{"href":"https:\/\/b2b.p2rbike.com\/ro\/wp-json\/wp\/v2\/product\/28439","targetHints":{"allow":["GET"]}}],"collection":[{"href":"https:\/\/b2b.p2rbike.com\/ro\/wp-json\/wp\/v2\/product"}],"about":[{"href":"https:\/\/b2b.p2rbike.com\/ro\/wp-json\/wp\/v2\/types\/product"}],"wp:featuredmedia":[{"embeddable":true,"href":"https:\/\/b2b.p2rbike.com\/ro\/wp-json\/wp\/v2\/media\/29059"}],"wp:attachment":[{"href":"https:\/\/b2b.p2rbike.com\/ro\/wp-json\/wp\/v2\/media?parent=28439"}],"wp:term":[{"taxonomy":"product_brand","embeddable":true,"href":"https:\/\/b2b.p2rbike.com\/ro\/wp-json\/wp\/v2\/product_brand?post=28439"},{"taxonomy":"product_cat","embeddable":true,"href":"https:\/\/b2b.p2rbike.com\/ro\/wp-json\/wp\/v2\/product_cat?post=28439"},{"taxonomy":"product_tag","embeddable":true,"href":"https:\/\/b2b.p2rbike.com\/ro\/wp-json\/wp\/v2\/product_tag?post=28439"}],"curies":[{"name":"wp","href":"https:\/\/api.w.org\/{rel}","templated":true}]}}