{"id":29464,"date":"2024-04-16T14:29:49","date_gmt":"2024-04-16T12:29:49","guid":{"rendered":"https:\/\/b2b.p2rbike.com\/?post_type=product&#038;p=29464"},"modified":"2025-01-23T10:49:01","modified_gmt":"2025-01-23T09:49:01","slug":"p2r-flatman-70spd-3sb-black","status":"publish","type":"product","link":"https:\/\/b2b.p2rbike.com\/ro\/produs\/p2r-flatman-70spd-3sb-black\/","title":{"rendered":"P2R FLATMAN 70SPD, 3SB black"},"content":{"rendered":"<p><strong>P2R FLATMAN 70SPD, 3SB<\/strong><\/p>\n<p>Corpul este realizat din material din aliaj de aluminiu prin tehnologia de prelucrare <strong>CNC<\/strong> \u0219i ofer\u0103 o greutate foarte mic\u0103 (<strong>400 g<\/strong>) cu o precizie maxim\u0103 \u00een detalii.<br \/>\n<strong>2 \u00een 1<\/strong>&#8230; combin\u0103 pedalele de platform\u0103 MTB \u0219i pedalele SPD (set de cleme compatibil Shimano inclus).<br \/>\nDispun\u00e2nd de dimensiunea corpului (<strong>100*100 mm<\/strong>) \u0219i form\u0103 optimizat\u0103, <strong>FLATMAN 70SPD<\/strong> \u00eendepline\u0219te toate cerin\u021bele specifice at\u00e2t ale femeilor c\u00e2t \u0219i ale b\u0103rba\u021bilor.<br \/>\n<strong>8<\/strong> pini \u00eenlocuibili (\u00een\u0103l\u021bime 4,5 mm) plasa\u021bi \u00een jurul perimetrului pedalei (ambele p\u0103r\u021bi) oferind o aderen\u021b\u0103 excelent\u0103 \u0219i stabilitate la picior \u00een timpul mersului rapid cu MTB \u0219i de asemenea \u00een col\u021burile ascu\u021bite.<br \/>\nAxa pedalei realizat\u0103 din material <strong>Cr-Mo<\/strong> (crom-molibden) realizat prin tehnologia de prelucrare <strong>CNC<\/strong> \u0219i rulmen\u021bi industriali de \u00eenalt\u0103 calitate <strong>3x<\/strong> (fabrica\u021bi \u00een TW) asigur\u0103 o func\u021bionare f\u0103r\u0103 probleme, pedalare lin\u0103 \u0219i o durat\u0103 lung\u0103 de via\u021b\u0103<\/p>\n<p><strong><br \/>\nCARACTERISTICI:<\/strong><\/p>\n<ul>\n<li><strong>Material<\/strong>: din aliaj de <strong>aluminiu<\/strong><\/li>\n<li><strong>8x<\/strong> \u0219tifturi anti-alunecare \u00eenlocuibile pe toat\u0103 marginea pedalei (ambele p\u0103r\u021bi)<\/li>\n<li><strong>2 \u00een 1<\/strong> \u2013 combin\u0103 pedalele <strong>MTB<\/strong> \u0219i <strong>SPD<\/strong><\/li>\n<li>Corp modelat <strong>ergonomic<\/strong> \u0219i dimensiuni optimizate<\/li>\n<li>Se potrive\u0219te picioarelor b\u0103rba\u021bilor \u0219i femeilor<\/li>\n<li>Proiectat pentru categoria: <strong>MTB\/TREKKING\/CROSS\/CITY<\/strong><\/li>\n<li>Ax: <strong>Crom-Molibden<\/strong> (Cr-Mo) realizat prin tehnologie CNC<\/li>\n<li>Rulmen\u021bi industriali <strong>3x pentru<\/strong> o func\u021bionare lin\u0103, f\u0103r\u0103 probleme, pedalare lin\u0103 \u0219i durat\u0103 lung\u0103 de via\u021b\u0103<\/li>\n<li>Dimensiune: <strong>100 mm x 100 mm<\/strong><\/li>\n<li>Greutate: <strong>400 g\/pereche<\/strong><\/li>\n<\/ul>\n<p>&nbsp;<\/p>\n<p><strong>Alternative de culoare:<br \/>\n<\/strong><\/p>\n<ul>\n<li>Negru<\/li>\n<li>Ro\u0219u<\/li>\n<li>Albastru marin<\/li>\n<li>Albastru deschis<\/li>\n<li>Aur<\/li>\n<li>Violet<\/li>\n<li>Portocale<\/li>\n<li>Gri titan<\/li>\n<li>Verde lime<\/li>\n<\/ul>\n<p>&nbsp;<\/p>\n<p><strong>AMBALARE<\/strong>: \u00een design P2R<\/p>\n","protected":false},"excerpt":{"rendered":"<p>P2R FLATMAN 70SPD, 3SB Corpul este realizat din material din aliaj de aluminiu prin tehnologia de prelucrare CNC \u0219i ofer\u0103<\/p>\n","protected":false},"featured_media":28753,"template":"","meta":{"_acf_changed":false},"product_brand":[],"product_cat":[553,554,1297],"product_tag":[],"class_list":{"0":"post-29464","1":"product","2":"type-product","3":"status-publish","4":"has-post-thumbnail","6":"product_cat-pedale-ro","7":"product_cat-mtb-ro","8":"product_cat-flatman_70_spd-ro","10":"first","11":"instock","12":"taxable","13":"shipping-taxable","14":"purchasable","15":"product-type-simple"},"bundled_by":[],"bundle_stock_status":"instock","bundle_stock_quantity":88,"bundle_virtual":false,"bundle_layout":"","bundle_add_to_cart_form_location":"","bundle_editable_in_cart":false,"bundle_sold_individually_context":"","bundle_item_grouping":"","bundle_min_size":"","bundle_max_size":"","bundle_price":[],"bundled_items":[],"bundle_sell_ids":[],"acf":[],"_links":{"self":[{"href":"https:\/\/b2b.p2rbike.com\/ro\/wp-json\/wp\/v2\/product\/29464","targetHints":{"allow":["GET"]}}],"collection":[{"href":"https:\/\/b2b.p2rbike.com\/ro\/wp-json\/wp\/v2\/product"}],"about":[{"href":"https:\/\/b2b.p2rbike.com\/ro\/wp-json\/wp\/v2\/types\/product"}],"wp:featuredmedia":[{"embeddable":true,"href":"https:\/\/b2b.p2rbike.com\/ro\/wp-json\/wp\/v2\/media\/28753"}],"wp:attachment":[{"href":"https:\/\/b2b.p2rbike.com\/ro\/wp-json\/wp\/v2\/media?parent=29464"}],"wp:term":[{"taxonomy":"product_brand","embeddable":true,"href":"https:\/\/b2b.p2rbike.com\/ro\/wp-json\/wp\/v2\/product_brand?post=29464"},{"taxonomy":"product_cat","embeddable":true,"href":"https:\/\/b2b.p2rbike.com\/ro\/wp-json\/wp\/v2\/product_cat?post=29464"},{"taxonomy":"product_tag","embeddable":true,"href":"https:\/\/b2b.p2rbike.com\/ro\/wp-json\/wp\/v2\/product_tag?post=29464"}],"curies":[{"name":"wp","href":"https:\/\/api.w.org\/{rel}","templated":true}]}}