{"id":31781,"date":"2025-02-01T12:42:17","date_gmt":"2025-02-01T11:42:17","guid":{"rendered":"https:\/\/b2b.p2rbike.com\/?post_type=product&#038;p=31781"},"modified":"2025-02-01T12:45:02","modified_gmt":"2025-02-01T11:45:02","slug":"p2r-flatman-80-mt-3sb-navy-blue-copy","status":"publish","type":"product","link":"https:\/\/b2b.p2rbike.com\/ro\/produs\/p2r-flatman-80-mt-3sb-navy-blue-copy\/","title":{"rendered":"P2R FLATMAN 80 MT, 3SB gold"},"content":{"rendered":"<p>Greutate redus\u0103, design elegant, caracteristici excelente. Acesta este noul nostru <strong>P2R FLATMAN 80<\/strong>. Misiunea nu a fost pur \u0219i simplu s\u0103 facem o pedal\u0103 nou\u0103 potrivit\u0103 pentru aproape fiecare categorie de ciclism, ci am vrut s\u0103 facem o adev\u0103rat\u0103 oper\u0103 de art\u0103. Cu doar materialul esen\u021bial r\u0103mas, am redus fiecare gram prin margini elegante \u0219i detalii te\u0219ite \u00een jurul fiec\u0103rui pin \u0219i fiecare col\u021b \u0219i, de asemenea, partea lateral\u0103.<br \/>\nDispun\u00e2nd de o amprent\u0103 func\u021bional\u0103 mare <strong>\u00a0de 100 mm x 99 mm<\/strong> \u0219i 12 pini (\u00een\u0103l\u021bime de 4 mm) pe fiecare parte&#8230; <strong>FLATMAN 80<\/strong> are o senza\u021bie de aderenta.<br \/>\nAxul pedalei realizat din\u00a0 material <strong>Cr-Mo<\/strong> (crom-molibden) realizat prin\u00a0 tehnologia <strong>de prelucrare CNC \u0219i <\/strong>3 rulmen\u021bi industriali de \u00eenalt\u0103 calitate asigur\u0103 \u00a0o func\u021bionare f\u0103r\u0103 probleme, o pedalare lin\u0103 \u0219i o durat\u0103 lung\u0103 de via\u021b\u0103. Pedala cu senza\u021bie &#8222;aderenta&#8221; si siguran\u021b\u0103<\/p>\n<p><strong><br \/>\nCARACTERISTICI<\/strong>:<\/p>\n<ol>\n<li>Conceput pentru aproape toate categoriile de ciclism <strong>BMX\/MTB\/Trail\/Enduro\/Trekking\/City<\/strong><\/li>\n<li>Axul: crom-molibden (<strong>Cr-Mo<\/strong>) realizat prin <strong>tehnologia <\/strong>de prelucrare CNC<\/li>\n<li><strong>3 rulmen\u021bi industriali<\/strong> pentru o func\u021bionare lin\u0103 \u0219i f\u0103r\u0103 probleme, pedalare lin\u0103 \u0219i durat\u0103 lung\u0103 de via\u021b\u0103<\/li>\n<li>\u00cen\u0103l\u021bime: <strong>18 mm<\/strong><\/li>\n<li>Dimensiuni: <strong>100 x 99 mm <\/strong><\/li>\n<li>Greutate: <strong>340 g\/pereche<\/strong><\/li>\n<\/ol>\n<p>&nbsp;<\/p>\n<p><strong>DETALII:<br \/>\n<\/strong><\/p>\n<ol>\n<li><strong>Profil simetric al pedalei<\/strong> pentru sprijin \u0219i stabilitate suplimentar\u0103 a piciorului<\/li>\n<li><strong>12<\/strong> pini loc-tite pe fiecare parte<\/li>\n<li>Prelucrat din<strong> aluminiu 6061 T6<\/strong><\/li>\n<li>Tesirea detaliilor peste tot<\/li>\n<li>Include un set suplimentar de pini de rezerv\u0103<\/li>\n<li>Cu un finisaj mat satinat cu un luciu de culoare profund\u0103<\/li>\n<li>Grafic\u0103 laser<\/li>\n<\/ol>\n<p><strong><br \/>\nOP\u021aIUNI DE CULOARE:<\/strong><\/p>\n<ol>\n<li>Negru<\/li>\n<li>Maro cupru<\/li>\n<li>Ro\u0219u<\/li>\n<li>Bleumarin<\/li>\n<li>Albastru deschis<\/li>\n<li>Aur<\/li>\n<li>Purpuriu<\/li>\n<li>Portocaiu<\/li>\n<li>Gri titan<\/li>\n<li>Verde lime<\/li>\n<li>Roz magenta<\/li>\n<\/ol>\n<p>&nbsp;<\/p>\n<p><strong>AMBALARE<\/strong>: \u00een cutie de culoare <strong>P2R<\/strong><\/p>\n","protected":false},"excerpt":{"rendered":"<p>Greutate redus\u0103, design elegant, caracteristici excelente. Acesta este noul nostru P2R FLATMAN 80. Misiunea nu a fost pur \u0219i simplu<\/p>\n","protected":false},"featured_media":32127,"template":"","meta":{"_acf_changed":false},"product_brand":[],"product_cat":[553,554,1274],"product_tag":[],"class_list":{"0":"post-31781","1":"product","2":"type-product","3":"status-publish","4":"has-post-thumbnail","6":"product_cat-pedale-ro","7":"product_cat-mtb-ro","8":"product_cat-flatman_80-ro","10":"first","11":"instock","12":"taxable","13":"shipping-taxable","14":"purchasable","15":"product-type-simple"},"bundled_by":[],"bundle_stock_status":"instock","bundle_stock_quantity":15,"bundle_virtual":false,"bundle_layout":"","bundle_add_to_cart_form_location":"","bundle_editable_in_cart":false,"bundle_sold_individually_context":"","bundle_item_grouping":"","bundle_min_size":"","bundle_max_size":"","bundle_price":[],"bundled_items":[],"bundle_sell_ids":[],"acf":[],"_links":{"self":[{"href":"https:\/\/b2b.p2rbike.com\/ro\/wp-json\/wp\/v2\/product\/31781","targetHints":{"allow":["GET"]}}],"collection":[{"href":"https:\/\/b2b.p2rbike.com\/ro\/wp-json\/wp\/v2\/product"}],"about":[{"href":"https:\/\/b2b.p2rbike.com\/ro\/wp-json\/wp\/v2\/types\/product"}],"wp:featuredmedia":[{"embeddable":true,"href":"https:\/\/b2b.p2rbike.com\/ro\/wp-json\/wp\/v2\/media\/32127"}],"wp:attachment":[{"href":"https:\/\/b2b.p2rbike.com\/ro\/wp-json\/wp\/v2\/media?parent=31781"}],"wp:term":[{"taxonomy":"product_brand","embeddable":true,"href":"https:\/\/b2b.p2rbike.com\/ro\/wp-json\/wp\/v2\/product_brand?post=31781"},{"taxonomy":"product_cat","embeddable":true,"href":"https:\/\/b2b.p2rbike.com\/ro\/wp-json\/wp\/v2\/product_cat?post=31781"},{"taxonomy":"product_tag","embeddable":true,"href":"https:\/\/b2b.p2rbike.com\/ro\/wp-json\/wp\/v2\/product_tag?post=31781"}],"curies":[{"name":"wp","href":"https:\/\/api.w.org\/{rel}","templated":true}]}}